{"id":1489,"date":"2020-06-10T16:13:37","date_gmt":"2020-06-10T16:13:37","guid":{"rendered":"http:\/\/michaelchong.ca\/fr\/?page_id=1489"},"modified":"2022-05-06T09:48:17","modified_gmt":"2022-05-06T13:48:17","slug":"formulaires-dautorisation","status":"publish","type":"page","link":"https:\/\/michaelchong.ca\/fr\/services\/formulaires-dautorisation\/","title":{"rendered":"Formulaires d&rsquo;autorisation"},"content":{"rendered":"\r\n<p>Si vous souhaitez que notre bureau fasse une demande en votre nom \u00e0 l&rsquo;Agence du revenu du Canada, \u00e0 Service Canada ou \u00e0 un autre organisme, vous devez remplir et signer le formulaire d&rsquo;autorisation appropri\u00e9 et communiquer avec notre bureau.<\/p>\r\n\r\n\r\n\r\n<p>Agence du revenu du Canada<\/p>\r\n\r\n\r\n\r\n<ul class=\"wp-block-list\">\r\n<li><a href=\"https:\/\/www.canada.ca\/content\/dam\/cra-arc\/formspubs\/pbg\/rc161\/rc161-21f.pdf\">T\u00e9l\u00e9charger le formulaire d&rsquo;autorisation de l&rsquo;ARC<\/a><\/li>\r\n<li><a href=\"https:\/\/www.canada.ca\/fr\/agence-revenu.html\">Visitez le site Web de l&rsquo;Agence du revenu du Canada<\/a><\/li>\r\n<\/ul>\r\n\r\n\r\n\r\n<p>Service Canada<\/p>\r\n\r\n\r\n\r\n<ul class=\"wp-block-list\">\r\n<li><a href=\"https:\/\/www.canada.ca\/fr\/emploi-developpement-social\/ministere\/portefeuille\/service-canada.html\">Visitez le site Web de Service Canada<\/a><\/li>\r\n<\/ul>\r\n\r\n\r\n\r\n<p>L&rsquo;assurance-emploi<\/p>\r\n\r\n\r\n\r\n<ul class=\"wp-block-list\">\r\n<li><a href=\"https:\/\/catalogue.servicecanada.gc.ca\/content\/EForms\/fr\/CallForm.html?Lang=fr&amp;PDF=SC-INS3124.pdf\">T\u00e9l\u00e9charger le formulaire d&rsquo;autorisation d&rsquo;assurance-emploi<\/a><\/li>\r\n<\/ul>\r\n\r\n\r\n\r\n<p>R\u00e9gime de pensions du Canada (RPC), S\u00e9curit\u00e9 de la vieillesse (SV) et \/ ou Suppl\u00e9ment de revenu garanti (SRG)<\/p>\r\n\r\n\r\n\r\n<ul class=\"wp-block-list\">\r\n<li><a href=\"https:\/\/catalogue.servicecanada.gc.ca\/content\/EForms\/fr\/CallForm.html?Lang=en&amp;PDF=ISP-1603_CPP.pdf\">T\u00e9l\u00e9charger le formulaire d&rsquo;autorisation pour le RPC et \/ ou la SV, y compris le SIG<\/a><\/li>\r\n<\/ul>\r\n\r\n\r\n\r\n<p>Autre<\/p>\r\n\r\n\r\n\r\n<ul class=\"wp-block-list\">\r\n<li><a href=\"https:\/\/michaelchong.ca\/wp-content\/uploads\/2012\/02\/General-Authorization-Form.pdf\">T\u00e9l\u00e9charger le formulaire d&rsquo;autorisation g\u00e9n\u00e9rale<\/a><\/li>\r\n<\/ul>\r\n","protected":false},"excerpt":{"rendered":"<p>Si vous souhaitez que notre bureau fasse une demande en votre nom \u00e0 l&rsquo;Agence du revenu du Canada, \u00e0 Service Canada ou \u00e0 un autre organisme, vous devez remplir et signer le formulaire d&rsquo;autorisation appropri\u00e9 et communiquer avec notre bureau. Agence du revenu du Canada T\u00e9l\u00e9charger le formulaire d&rsquo;autorisation de l&rsquo;ARC Visitez le site Web <a href=\"https:\/\/michaelchong.ca\/fr\/services\/formulaires-dautorisation\/\" class=\"more-link\">&#8230;<\/a><\/p>\n","protected":false},"author":1,"featured_media":0,"parent":3156,"menu_order":0,"comment_status":"closed","ping_status":"closed","template":"","meta":{"_acf_changed":false,"footnotes":"","_links_to":"","_links_to_target":""},"class_list":["post-1489","page","type-page","status-publish","hentry"],"acf":[],"yoast_head":"<!-- This site is optimized with the Yoast SEO plugin v27.0 - https:\/\/yoast.com\/product\/yoast-seo-wordpress\/ -->\n<title>Formulaires d&#039;autorisation - Michael Chong<\/title>\n<meta name=\"robots\" content=\"index, follow, max-snippet:-1, max-image-preview:large, max-video-preview:-1\" \/>\n<link rel=\"canonical\" href=\"https:\/\/michaelchong.ca\/fr\/services\/formulaires-dautorisation\/\" \/>\n<meta property=\"og:locale\" content=\"fr_CA\" \/>\n<meta property=\"og:type\" content=\"article\" \/>\n<meta property=\"og:title\" content=\"Formulaires d&#039;autorisation - Michael Chong\" \/>\n<meta property=\"og:description\" content=\"Si vous souhaitez que notre bureau fasse une demande en votre nom \u00e0 l&rsquo;Agence du revenu du Canada, \u00e0 Service Canada ou \u00e0 un autre organisme, vous devez remplir et signer le formulaire d&rsquo;autorisation appropri\u00e9 et communiquer avec notre bureau. Agence du revenu du Canada T\u00e9l\u00e9charger le formulaire d&rsquo;autorisation de l&rsquo;ARC Visitez le site Web ...\" \/>\n<meta property=\"og:url\" content=\"https:\/\/michaelchong.ca\/fr\/services\/formulaires-dautorisation\/\" \/>\n<meta property=\"og:site_name\" content=\"Michael Chong\" \/>\n<meta property=\"article:modified_time\" content=\"2022-05-06T13:48:17+00:00\" \/>\n<meta name=\"twitter:card\" content=\"summary_large_image\" \/>\n<meta name=\"twitter:label1\" content=\"Estimation du temps de lecture\" \/>\n\t<meta name=\"twitter:data1\" content=\"1 minute\" \/>\n<script type=\"application\/ld+json\" class=\"yoast-schema-graph\">{\"@context\":\"https:\/\/schema.org\",\"@graph\":[{\"@type\":\"WebPage\",\"@id\":\"https:\/\/michaelchong.ca\/fr\/services\/formulaires-dautorisation\/\",\"url\":\"https:\/\/michaelchong.ca\/fr\/services\/formulaires-dautorisation\/\",\"name\":\"Formulaires d'autorisation - Michael Chong\",\"isPartOf\":{\"@id\":\"https:\/\/michaelchong.ca\/fr\/#website\"},\"datePublished\":\"2020-06-10T16:13:37+00:00\",\"dateModified\":\"2022-05-06T13:48:17+00:00\",\"breadcrumb\":{\"@id\":\"https:\/\/michaelchong.ca\/fr\/services\/formulaires-dautorisation\/#breadcrumb\"},\"inLanguage\":\"fr-CA\",\"potentialAction\":[{\"@type\":\"ReadAction\",\"target\":[\"https:\/\/michaelchong.ca\/fr\/services\/formulaires-dautorisation\/\"]}]},{\"@type\":\"BreadcrumbList\",\"@id\":\"https:\/\/michaelchong.ca\/fr\/services\/formulaires-dautorisation\/#breadcrumb\",\"itemListElement\":[{\"@type\":\"ListItem\",\"position\":1,\"name\":\"Home\",\"item\":\"https:\/\/michaelchong.ca\/fr\/\"},{\"@type\":\"ListItem\",\"position\":2,\"name\":\"Services\",\"item\":\"https:\/\/michaelchong.ca\/fr\/services\/\"},{\"@type\":\"ListItem\",\"position\":3,\"name\":\"Formulaires d&rsquo;autorisation\"}]},{\"@type\":\"WebSite\",\"@id\":\"https:\/\/michaelchong.ca\/fr\/#website\",\"url\":\"https:\/\/michaelchong.ca\/fr\/\",\"name\":\"Michael Chong\",\"description\":\"D\u00e9put\u00e9 de Wellington-Halton Hills-Nord\",\"publisher\":{\"@id\":\"https:\/\/michaelchong.ca\/fr\/#organization\"},\"potentialAction\":[{\"@type\":\"SearchAction\",\"target\":{\"@type\":\"EntryPoint\",\"urlTemplate\":\"https:\/\/michaelchong.ca\/fr\/?s={search_term_string}\"},\"query-input\":{\"@type\":\"PropertyValueSpecification\",\"valueRequired\":true,\"valueName\":\"search_term_string\"}}],\"inLanguage\":\"fr-CA\"},{\"@type\":\"Organization\",\"@id\":\"https:\/\/michaelchong.ca\/fr\/#organization\",\"name\":\"Michael Chong\",\"url\":\"https:\/\/michaelchong.ca\/fr\/\",\"logo\":{\"@type\":\"ImageObject\",\"inLanguage\":\"fr-CA\",\"@id\":\"https:\/\/michaelchong.ca\/fr\/#\/schema\/logo\/image\/\",\"url\":\"https:\/\/michaelchong.ca\/fr\/wp-content\/uploads\/2025\/05\/michael-chong-logo-2025-white-fr-1.png\",\"contentUrl\":\"https:\/\/michaelchong.ca\/fr\/wp-content\/uploads\/2025\/05\/michael-chong-logo-2025-white-fr-1.png\",\"width\":1142,\"height\":255,\"caption\":\"Michael Chong\"},\"image\":{\"@id\":\"https:\/\/michaelchong.ca\/fr\/#\/schema\/logo\/image\/\"}}]}<\/script>\n<!-- \/ Yoast SEO plugin. -->","yoast_head_json":{"title":"Formulaires d'autorisation - Michael Chong","robots":{"index":"index","follow":"follow","max-snippet":"max-snippet:-1","max-image-preview":"max-image-preview:large","max-video-preview":"max-video-preview:-1"},"canonical":"https:\/\/michaelchong.ca\/fr\/services\/formulaires-dautorisation\/","og_locale":"fr_CA","og_type":"article","og_title":"Formulaires d'autorisation - Michael Chong","og_description":"Si vous souhaitez que notre bureau fasse une demande en votre nom \u00e0 l&rsquo;Agence du revenu du Canada, \u00e0 Service Canada ou \u00e0 un autre organisme, vous devez remplir et signer le formulaire d&rsquo;autorisation appropri\u00e9 et communiquer avec notre bureau. Agence du revenu du Canada T\u00e9l\u00e9charger le formulaire d&rsquo;autorisation de l&rsquo;ARC Visitez le site Web ...","og_url":"https:\/\/michaelchong.ca\/fr\/services\/formulaires-dautorisation\/","og_site_name":"Michael Chong","article_modified_time":"2022-05-06T13:48:17+00:00","twitter_card":"summary_large_image","twitter_misc":{"Estimation du temps de lecture":"1 minute"},"schema":{"@context":"https:\/\/schema.org","@graph":[{"@type":"WebPage","@id":"https:\/\/michaelchong.ca\/fr\/services\/formulaires-dautorisation\/","url":"https:\/\/michaelchong.ca\/fr\/services\/formulaires-dautorisation\/","name":"Formulaires d'autorisation - Michael Chong","isPartOf":{"@id":"https:\/\/michaelchong.ca\/fr\/#website"},"datePublished":"2020-06-10T16:13:37+00:00","dateModified":"2022-05-06T13:48:17+00:00","breadcrumb":{"@id":"https:\/\/michaelchong.ca\/fr\/services\/formulaires-dautorisation\/#breadcrumb"},"inLanguage":"fr-CA","potentialAction":[{"@type":"ReadAction","target":["https:\/\/michaelchong.ca\/fr\/services\/formulaires-dautorisation\/"]}]},{"@type":"BreadcrumbList","@id":"https:\/\/michaelchong.ca\/fr\/services\/formulaires-dautorisation\/#breadcrumb","itemListElement":[{"@type":"ListItem","position":1,"name":"Home","item":"https:\/\/michaelchong.ca\/fr\/"},{"@type":"ListItem","position":2,"name":"Services","item":"https:\/\/michaelchong.ca\/fr\/services\/"},{"@type":"ListItem","position":3,"name":"Formulaires d&rsquo;autorisation"}]},{"@type":"WebSite","@id":"https:\/\/michaelchong.ca\/fr\/#website","url":"https:\/\/michaelchong.ca\/fr\/","name":"Michael Chong","description":"D\u00e9put\u00e9 de Wellington-Halton Hills-Nord","publisher":{"@id":"https:\/\/michaelchong.ca\/fr\/#organization"},"potentialAction":[{"@type":"SearchAction","target":{"@type":"EntryPoint","urlTemplate":"https:\/\/michaelchong.ca\/fr\/?s={search_term_string}"},"query-input":{"@type":"PropertyValueSpecification","valueRequired":true,"valueName":"search_term_string"}}],"inLanguage":"fr-CA"},{"@type":"Organization","@id":"https:\/\/michaelchong.ca\/fr\/#organization","name":"Michael Chong","url":"https:\/\/michaelchong.ca\/fr\/","logo":{"@type":"ImageObject","inLanguage":"fr-CA","@id":"https:\/\/michaelchong.ca\/fr\/#\/schema\/logo\/image\/","url":"https:\/\/michaelchong.ca\/fr\/wp-content\/uploads\/2025\/05\/michael-chong-logo-2025-white-fr-1.png","contentUrl":"https:\/\/michaelchong.ca\/fr\/wp-content\/uploads\/2025\/05\/michael-chong-logo-2025-white-fr-1.png","width":1142,"height":255,"caption":"Michael Chong"},"image":{"@id":"https:\/\/michaelchong.ca\/fr\/#\/schema\/logo\/image\/"}}]}},"_links":{"self":[{"href":"https:\/\/michaelchong.ca\/fr\/wp-json\/wp\/v2\/pages\/1489","targetHints":{"allow":["GET"]}}],"collection":[{"href":"https:\/\/michaelchong.ca\/fr\/wp-json\/wp\/v2\/pages"}],"about":[{"href":"https:\/\/michaelchong.ca\/fr\/wp-json\/wp\/v2\/types\/page"}],"author":[{"embeddable":true,"href":"https:\/\/michaelchong.ca\/fr\/wp-json\/wp\/v2\/users\/1"}],"replies":[{"embeddable":true,"href":"https:\/\/michaelchong.ca\/fr\/wp-json\/wp\/v2\/comments?post=1489"}],"version-history":[{"count":4,"href":"https:\/\/michaelchong.ca\/fr\/wp-json\/wp\/v2\/pages\/1489\/revisions"}],"predecessor-version":[{"id":3901,"href":"https:\/\/michaelchong.ca\/fr\/wp-json\/wp\/v2\/pages\/1489\/revisions\/3901"}],"up":[{"embeddable":true,"href":"https:\/\/michaelchong.ca\/fr\/wp-json\/wp\/v2\/pages\/3156"}],"wp:attachment":[{"href":"https:\/\/michaelchong.ca\/fr\/wp-json\/wp\/v2\/media?parent=1489"}],"curies":[{"name":"wp","href":"https:\/\/api.w.org\/{rel}","templated":true}]}}