{"id":3156,"date":"2022-02-04T20:50:07","date_gmt":"2022-02-04T20:50:07","guid":{"rendered":"http:\/\/michaelchong.ca\/fr\/?page_id=3156"},"modified":"2022-03-16T23:17:28","modified_gmt":"2022-03-16T23:17:28","slug":"services","status":"publish","type":"page","link":"https:\/\/michaelchong.ca\/fr\/services\/","title":{"rendered":"Services"},"content":{"rendered":"<div id=\"pl-3156\"  class=\"panel-layout\" ><div id=\"pg-3156-0\"  class=\"panel-grid panel-no-style\" ><div id=\"pgc-3156-0-0\"  class=\"panel-grid-cell\" ><div id=\"panel-3156-0-0-0\" class=\"so-panel widget widget_sow-editor panel-first-child panel-last-child\" data-index=\"0\" ><div\n\t\t\t\n\t\t\tclass=\"so-widget-sow-editor so-widget-sow-editor-base\"\n\t\t\t\n\t\t>\n<div class=\"siteorigin-widget-tinymce textwidget\">\n\t<ul>\n<li>\n<h4><a href=\"https:\/\/michaelchong.ca\/fr\/services\/formulaires-dautorisation\/\/\">Formulaires d\u2019autorisation <\/a><\/h4>\n<\/li>\n<li>\n<h4><a href=\"https:\/\/michaelchong.ca\/fr\/services\/certificates\/\/\">Messages de f\u00e9licitations<\/a><\/h4>\n<\/li>\n<li>\n<h4><a href=\"https:\/\/michaelchong.ca\/fr\/services\/lignes-directrices-pour-les-petitions\/\">Lignes directrices pour les p\u00e9titions<\/a><\/h4>\n<\/li>\n<li>\n<h4><a href=\"https:\/\/michaelchong.ca\/fr\/services\/passeports\/\">Passeports<\/a><\/h4>\n<\/li>\n<li>\n<h4><a href=\"https:\/\/michaelchong.ca\/fr\/services\/gouvernement-federal\/\">Gouvernement f\u00e9d\u00e9ral<\/a><\/h4>\n<\/li>\n<\/ul>\n<\/div>\n<\/div><\/div><\/div><\/div><\/div>","protected":false},"excerpt":{"rendered":"<p>Formulaires d\u2019autorisation Messages de f\u00e9licitations Lignes directrices pour les p\u00e9titions Passeports Gouvernement f\u00e9d\u00e9ral<\/p>\n","protected":false},"author":1,"featured_media":0,"parent":0,"menu_order":0,"comment_status":"closed","ping_status":"closed","template":"","meta":{"_acf_changed":false,"footnotes":"","_links_to":"","_links_to_target":""},"class_list":["post-3156","page","type-page","status-publish","hentry"],"acf":[],"yoast_head":"<!-- This site is optimized with the Yoast SEO plugin v27.0 - https:\/\/yoast.com\/product\/yoast-seo-wordpress\/ -->\n<title>Services - Michael Chong<\/title>\n<meta name=\"robots\" content=\"index, follow, max-snippet:-1, max-image-preview:large, max-video-preview:-1\" \/>\n<link rel=\"canonical\" href=\"https:\/\/michaelchong.ca\/fr\/services\/\" \/>\n<meta property=\"og:locale\" content=\"fr_CA\" \/>\n<meta property=\"og:type\" content=\"article\" \/>\n<meta property=\"og:title\" content=\"Services - Michael Chong\" \/>\n<meta property=\"og:description\" content=\"Formulaires d\u2019autorisation Messages de f\u00e9licitations Lignes directrices pour les p\u00e9titions Passeports Gouvernement f\u00e9d\u00e9ral\" \/>\n<meta property=\"og:url\" content=\"https:\/\/michaelchong.ca\/fr\/services\/\" \/>\n<meta property=\"og:site_name\" content=\"Michael Chong\" \/>\n<meta property=\"article:modified_time\" content=\"2022-03-16T23:17:28+00:00\" \/>\n<meta name=\"twitter:card\" content=\"summary_large_image\" \/>\n<meta name=\"twitter:label1\" content=\"Estimation du temps de lecture\" \/>\n\t<meta name=\"twitter:data1\" content=\"1 minute\" \/>\n<script type=\"application\/ld+json\" class=\"yoast-schema-graph\">{\"@context\":\"https:\/\/schema.org\",\"@graph\":[{\"@type\":\"WebPage\",\"@id\":\"https:\/\/michaelchong.ca\/fr\/services\/\",\"url\":\"https:\/\/michaelchong.ca\/fr\/services\/\",\"name\":\"Services - Michael Chong\",\"isPartOf\":{\"@id\":\"https:\/\/michaelchong.ca\/fr\/#website\"},\"datePublished\":\"2022-02-04T20:50:07+00:00\",\"dateModified\":\"2022-03-16T23:17:28+00:00\",\"breadcrumb\":{\"@id\":\"https:\/\/michaelchong.ca\/fr\/services\/#breadcrumb\"},\"inLanguage\":\"fr-CA\",\"potentialAction\":[{\"@type\":\"ReadAction\",\"target\":[\"https:\/\/michaelchong.ca\/fr\/services\/\"]}]},{\"@type\":\"BreadcrumbList\",\"@id\":\"https:\/\/michaelchong.ca\/fr\/services\/#breadcrumb\",\"itemListElement\":[{\"@type\":\"ListItem\",\"position\":1,\"name\":\"Home\",\"item\":\"https:\/\/michaelchong.ca\/fr\/\"},{\"@type\":\"ListItem\",\"position\":2,\"name\":\"Services\"}]},{\"@type\":\"WebSite\",\"@id\":\"https:\/\/michaelchong.ca\/fr\/#website\",\"url\":\"https:\/\/michaelchong.ca\/fr\/\",\"name\":\"Michael Chong\",\"description\":\"D\u00e9put\u00e9 de Wellington-Halton Hills-Nord\",\"publisher\":{\"@id\":\"https:\/\/michaelchong.ca\/fr\/#organization\"},\"potentialAction\":[{\"@type\":\"SearchAction\",\"target\":{\"@type\":\"EntryPoint\",\"urlTemplate\":\"https:\/\/michaelchong.ca\/fr\/?s={search_term_string}\"},\"query-input\":{\"@type\":\"PropertyValueSpecification\",\"valueRequired\":true,\"valueName\":\"search_term_string\"}}],\"inLanguage\":\"fr-CA\"},{\"@type\":\"Organization\",\"@id\":\"https:\/\/michaelchong.ca\/fr\/#organization\",\"name\":\"Michael Chong\",\"url\":\"https:\/\/michaelchong.ca\/fr\/\",\"logo\":{\"@type\":\"ImageObject\",\"inLanguage\":\"fr-CA\",\"@id\":\"https:\/\/michaelchong.ca\/fr\/#\/schema\/logo\/image\/\",\"url\":\"https:\/\/michaelchong.ca\/fr\/wp-content\/uploads\/2025\/05\/michael-chong-logo-2025-white-fr-1.png\",\"contentUrl\":\"https:\/\/michaelchong.ca\/fr\/wp-content\/uploads\/2025\/05\/michael-chong-logo-2025-white-fr-1.png\",\"width\":1142,\"height\":255,\"caption\":\"Michael Chong\"},\"image\":{\"@id\":\"https:\/\/michaelchong.ca\/fr\/#\/schema\/logo\/image\/\"}}]}<\/script>\n<!-- \/ Yoast SEO plugin. -->","yoast_head_json":{"title":"Services - Michael Chong","robots":{"index":"index","follow":"follow","max-snippet":"max-snippet:-1","max-image-preview":"max-image-preview:large","max-video-preview":"max-video-preview:-1"},"canonical":"https:\/\/michaelchong.ca\/fr\/services\/","og_locale":"fr_CA","og_type":"article","og_title":"Services - Michael Chong","og_description":"Formulaires d\u2019autorisation Messages de f\u00e9licitations Lignes directrices pour les p\u00e9titions Passeports Gouvernement f\u00e9d\u00e9ral","og_url":"https:\/\/michaelchong.ca\/fr\/services\/","og_site_name":"Michael Chong","article_modified_time":"2022-03-16T23:17:28+00:00","twitter_card":"summary_large_image","twitter_misc":{"Estimation du temps de lecture":"1 minute"},"schema":{"@context":"https:\/\/schema.org","@graph":[{"@type":"WebPage","@id":"https:\/\/michaelchong.ca\/fr\/services\/","url":"https:\/\/michaelchong.ca\/fr\/services\/","name":"Services - Michael Chong","isPartOf":{"@id":"https:\/\/michaelchong.ca\/fr\/#website"},"datePublished":"2022-02-04T20:50:07+00:00","dateModified":"2022-03-16T23:17:28+00:00","breadcrumb":{"@id":"https:\/\/michaelchong.ca\/fr\/services\/#breadcrumb"},"inLanguage":"fr-CA","potentialAction":[{"@type":"ReadAction","target":["https:\/\/michaelchong.ca\/fr\/services\/"]}]},{"@type":"BreadcrumbList","@id":"https:\/\/michaelchong.ca\/fr\/services\/#breadcrumb","itemListElement":[{"@type":"ListItem","position":1,"name":"Home","item":"https:\/\/michaelchong.ca\/fr\/"},{"@type":"ListItem","position":2,"name":"Services"}]},{"@type":"WebSite","@id":"https:\/\/michaelchong.ca\/fr\/#website","url":"https:\/\/michaelchong.ca\/fr\/","name":"Michael Chong","description":"D\u00e9put\u00e9 de Wellington-Halton Hills-Nord","publisher":{"@id":"https:\/\/michaelchong.ca\/fr\/#organization"},"potentialAction":[{"@type":"SearchAction","target":{"@type":"EntryPoint","urlTemplate":"https:\/\/michaelchong.ca\/fr\/?s={search_term_string}"},"query-input":{"@type":"PropertyValueSpecification","valueRequired":true,"valueName":"search_term_string"}}],"inLanguage":"fr-CA"},{"@type":"Organization","@id":"https:\/\/michaelchong.ca\/fr\/#organization","name":"Michael Chong","url":"https:\/\/michaelchong.ca\/fr\/","logo":{"@type":"ImageObject","inLanguage":"fr-CA","@id":"https:\/\/michaelchong.ca\/fr\/#\/schema\/logo\/image\/","url":"https:\/\/michaelchong.ca\/fr\/wp-content\/uploads\/2025\/05\/michael-chong-logo-2025-white-fr-1.png","contentUrl":"https:\/\/michaelchong.ca\/fr\/wp-content\/uploads\/2025\/05\/michael-chong-logo-2025-white-fr-1.png","width":1142,"height":255,"caption":"Michael Chong"},"image":{"@id":"https:\/\/michaelchong.ca\/fr\/#\/schema\/logo\/image\/"}}]}},"_links":{"self":[{"href":"https:\/\/michaelchong.ca\/fr\/wp-json\/wp\/v2\/pages\/3156","targetHints":{"allow":["GET"]}}],"collection":[{"href":"https:\/\/michaelchong.ca\/fr\/wp-json\/wp\/v2\/pages"}],"about":[{"href":"https:\/\/michaelchong.ca\/fr\/wp-json\/wp\/v2\/types\/page"}],"author":[{"embeddable":true,"href":"https:\/\/michaelchong.ca\/fr\/wp-json\/wp\/v2\/users\/1"}],"replies":[{"embeddable":true,"href":"https:\/\/michaelchong.ca\/fr\/wp-json\/wp\/v2\/comments?post=3156"}],"version-history":[{"count":8,"href":"https:\/\/michaelchong.ca\/fr\/wp-json\/wp\/v2\/pages\/3156\/revisions"}],"predecessor-version":[{"id":3839,"href":"https:\/\/michaelchong.ca\/fr\/wp-json\/wp\/v2\/pages\/3156\/revisions\/3839"}],"wp:attachment":[{"href":"https:\/\/michaelchong.ca\/fr\/wp-json\/wp\/v2\/media?parent=3156"}],"curies":[{"name":"wp","href":"https:\/\/api.w.org\/{rel}","templated":true}]}}