{"id":3724,"date":"2010-06-23T19:41:19","date_gmt":"2010-06-23T19:41:19","guid":{"rendered":"http:\/\/bevoda.ca\/"},"modified":"2022-10-27T10:34:12","modified_gmt":"2022-10-27T14:34:12","slug":"passeports","status":"publish","type":"page","link":"https:\/\/michaelchong.ca\/fr\/services\/passeports\/","title":{"rendered":"Passeports"},"content":{"rendered":"<p>Tout citoyen canadien est admissible pour obtenir un passeport canadien. Ce qui suit souligne les \u00e9tapes n\u00e9cessaires pour obtenir un passeport pour un citoyen canadien vivant au Canada. Veuillez vous reporter \u00e0 la page principale du <a href=\"https:\/\/www.canada.ca\/fr\/immigration-refugies-citoyennete\/services\/passeports-canadiens.html\" target=\"_blank\" rel=\"noopener noreferrer\">site web de Passeport Canada<\/a>, si vous \u00eates un citoyen canadien vivant \u00e0 l\u2019ext\u00e9rieur du Canada. Pour assurer que votre demande soit trait\u00e9e rapidement, <strong>veuillez vous assurer de soumettre tous les documents n\u00e9cessaires avec votre demande<\/strong>.<\/p>\n<p style=\"text-align: center;\"><strong>**En date du 6 septembre 2022**<\/strong><\/p>\n<h2 id=\"wb-cont\" dir=\"ltr\" style=\"text-align: center;\">Passeports canadiens et autres documents de voyage : Pr\u00e9senter une demande au Canada<\/h2>\n<p>Comment demander un passeport et d\u2019autres documents de voyage, obtenir un service urgent ou express, trouver un point de service, et que faire si votre passeport est perdu, vol\u00e9 ou endommag\u00e9.<\/p>\n<h3 class=\"h2 text-center mrgn-tp-lg\">Urgent ou express<\/h3>\n<h4 class=\"h3 text-center\">(Norme de service \u2013 Avant la fin du jour ouvrable suivant ou de 2 \u00e0 9 jours ouvrables)<span id=\"fn1-0-rf\" class=\"small\"><a class=\"fn-lnk\" href=\"https:\/\/www.canada.ca\/fr\/immigration-refugies-citoyennete\/services\/passeports-canadiens.html#fn1\">*<\/a><\/span><\/h4>\n<p>Fa\u00e7ons de pr\u00e9senter une demande :<\/p>\n<ul>\n<li>Services urgents (avant la fin du jours ouvrable suivant)\n<ul>\n<li>Sans rendez-vous seulement dans un bureau des passeports avec service de retrait urgent\n<ul>\n<li><a href=\"https:\/\/ircc.canada.ca\/francais\/passeport\/map\/carte.asp?po=1#table1caption\" target=\"_blank\" rel=\"noopener\">V\u00e9rifiez les temps d\u2019attente<\/a><strong>\u00a0avant<\/strong>\u00a0de vous y rendre.<\/li>\n<\/ul>\n<\/li>\n<\/ul>\n<\/li>\n<li>Services express (de 2 \u00e0 9 jours ouvrables)\n<ul>\n<li>Sans rendez-vous ou\u00a0<a href=\"https:\/\/eservices.canada.ca\/fr\/reservation\/\">sur rendez-vous<\/a>\u00a0dans un bureau des passeports\n<ul>\n<li>Certains endroits connaissent une forte demande de rendez-vous. La disponibilit\u00e9 des rendez-vous peut varier<\/li>\n<li><a href=\"https:\/\/ircc.canada.ca\/francais\/passeport\/map\/carte.asp?po=1#table1caption\" target=\"_blank\" rel=\"noopener\">V\u00e9rifiez les temps d\u2019attente<\/a> <strong>avant<\/strong>\u00a0de vous y rendre.<\/li>\n<\/ul>\n<\/li>\n<\/ul>\n<\/li>\n<\/ul>\n<ul class=\"list-unstyled\">\n<li>*Frais suppl\u00e9mentaires applicables<\/li>\n<li>*Vous devrez\u00a0<a id=\"wb-auto-5\" class=\"wb-lbx wb-init wb-lbx-inited\" role=\"button\" href=\"https:\/\/www.canada.ca\/fr\/immigration-refugies-citoyennete\/services\/passeports-canadiens.html#proof-ppt\" aria-controls=\"proof-ppt\">prouver que vous avez besoin du passeport<\/a><\/li>\n<\/ul>\n<h3 class=\"h2 text-center mrgn-tp-lg\">Standard<\/h3>\n<h4 class=\"h3 text-center\">(Norme de service \u2013 10 \u00e0 20 jours ouvrables, excluant le d\u00e9lai de livraison postale)<span id=\"fn1-0-rf\" class=\"small\"><a class=\"fn-lnk\" href=\"https:\/\/www.canada.ca\/fr\/immigration-refugies-citoyennete\/services\/passeports-canadiens.html#fn1\">*<\/a><\/span><\/h4>\n<p>Fa\u00e7ons de pr\u00e9senter une demande :<\/p>\n<ul>\n<li>Sans rendez-vous ou\u00a0<a href=\"https:\/\/eservices.canada.ca\/en\/reservation\/\">sur rendez-vous<\/a>\u00a0\u00e0 :\n<ul>\n<li>un Centre Service Canada o\u00f9 le traitement est de 10 jours (10 jours<span id=\"fn1-0-rf\" class=\"small\"><a class=\"fn-lnk\" href=\"https:\/\/www.canada.ca\/fr\/immigration-refugies-citoyennete\/services\/passeports-canadiens.html#fn1\">*<\/a><\/span>);<\/li>\n<li>un bureau des passeports (10 jours ouvrables<span id=\"fn1-0-rf\" class=\"small\"><a class=\"fn-lnk\" href=\"https:\/\/www.canada.ca\/fr\/immigration-refugies-citoyennete\/services\/passeports-canadiens.html#fn1\">*<\/a><\/span>);<\/li>\n<li>un Centre Service Canada ordinaire (20 jours ouvrables<span id=\"fn1-0-rf\" class=\"small\"><a class=\"fn-lnk\" href=\"https:\/\/www.canada.ca\/fr\/immigration-refugies-citoyennete\/services\/passeports-canadiens.html#fn1\">*<\/a><\/span>);\n<ul>\n<li>Certains endroits connaissent une forte demande de rendez-vous. La disponibilit\u00e9 des rendez-vous peut varier.<\/li>\n<li><a href=\"https:\/\/ircc.canada.ca\/francais\/passeport\/map\/carte.asp?po=1#table1caption\" target=\"_blank\" rel=\"noopener\">V\u00e9rifiez les temps d\u2019attente<\/a> <strong>avant<\/strong>\u00a0de vous y rendre.<\/li>\n<\/ul>\n<\/li>\n<\/ul>\n<\/li>\n<li>Par la poste (20 jours ouvrables<span id=\"fn1-0-rf\" class=\"small\"><a class=\"fn-lnk\" href=\"https:\/\/www.canada.ca\/fr\/immigration-refugies-citoyennete\/services\/passeports-canadiens.html#fn1\">*<\/a><\/span>)<\/li>\n<\/ul>\n<ul class=\"list-unstyled\">\n<li>*Des frais s\u2019appliquent pour le service de retrait.<\/li>\n<\/ul>\n","protected":false},"excerpt":{"rendered":"<p>Tout citoyen canadien est admissible pour obtenir un passeport canadien. Ce qui suit souligne les \u00e9tapes n\u00e9cessaires pour obtenir un passeport pour un citoyen canadien vivant au Canada. Veuillez vous reporter \u00e0 la page principale du site web de Passeport Canada, si vous \u00eates un citoyen canadien vivant \u00e0 l\u2019ext\u00e9rieur du Canada. Pour assurer que <a href=\"https:\/\/michaelchong.ca\/fr\/services\/passeports\/\" class=\"more-link\">&#8230;<\/a><\/p>\n","protected":false},"author":1,"featured_media":0,"parent":3156,"menu_order":2,"comment_status":"open","ping_status":"closed","template":"","meta":{"_acf_changed":false,"footnotes":"","_links_to":"","_links_to_target":""},"class_list":["post-3724","page","type-page","status-publish","hentry"],"acf":[],"yoast_head":"<!-- This site is optimized with the Yoast SEO plugin v27.0 - https:\/\/yoast.com\/product\/yoast-seo-wordpress\/ -->\n<title>Passeports - Michael Chong<\/title>\n<meta name=\"robots\" content=\"index, follow, max-snippet:-1, max-image-preview:large, max-video-preview:-1\" \/>\n<link rel=\"canonical\" href=\"https:\/\/michaelchong.ca\/fr\/services\/passeports\/\" \/>\n<meta property=\"og:locale\" content=\"fr_CA\" \/>\n<meta property=\"og:type\" content=\"article\" \/>\n<meta property=\"og:title\" content=\"Passeports - Michael Chong\" \/>\n<meta property=\"og:description\" content=\"Tout citoyen canadien est admissible pour obtenir un passeport canadien. Ce qui suit souligne les \u00e9tapes n\u00e9cessaires pour obtenir un passeport pour un citoyen canadien vivant au Canada. Veuillez vous reporter \u00e0 la page principale du site web de Passeport Canada, si vous \u00eates un citoyen canadien vivant \u00e0 l\u2019ext\u00e9rieur du Canada. Pour assurer que ...\" \/>\n<meta property=\"og:url\" content=\"https:\/\/michaelchong.ca\/fr\/services\/passeports\/\" \/>\n<meta property=\"og:site_name\" content=\"Michael Chong\" \/>\n<meta property=\"article:modified_time\" content=\"2022-10-27T14:34:12+00:00\" \/>\n<meta name=\"twitter:card\" content=\"summary_large_image\" \/>\n<meta name=\"twitter:label1\" content=\"Estimation du temps de lecture\" \/>\n\t<meta name=\"twitter:data1\" content=\"2 minutes\" \/>\n<script type=\"application\/ld+json\" class=\"yoast-schema-graph\">{\"@context\":\"https:\/\/schema.org\",\"@graph\":[{\"@type\":\"WebPage\",\"@id\":\"https:\/\/michaelchong.ca\/fr\/services\/passeports\/\",\"url\":\"https:\/\/michaelchong.ca\/fr\/services\/passeports\/\",\"name\":\"Passeports - Michael Chong\",\"isPartOf\":{\"@id\":\"https:\/\/michaelchong.ca\/fr\/#website\"},\"datePublished\":\"2010-06-23T19:41:19+00:00\",\"dateModified\":\"2022-10-27T14:34:12+00:00\",\"breadcrumb\":{\"@id\":\"https:\/\/michaelchong.ca\/fr\/services\/passeports\/#breadcrumb\"},\"inLanguage\":\"fr-CA\",\"potentialAction\":[{\"@type\":\"ReadAction\",\"target\":[\"https:\/\/michaelchong.ca\/fr\/services\/passeports\/\"]}]},{\"@type\":\"BreadcrumbList\",\"@id\":\"https:\/\/michaelchong.ca\/fr\/services\/passeports\/#breadcrumb\",\"itemListElement\":[{\"@type\":\"ListItem\",\"position\":1,\"name\":\"Home\",\"item\":\"https:\/\/michaelchong.ca\/fr\/\"},{\"@type\":\"ListItem\",\"position\":2,\"name\":\"Services\",\"item\":\"https:\/\/michaelchong.ca\/fr\/services\/\"},{\"@type\":\"ListItem\",\"position\":3,\"name\":\"Passeports\"}]},{\"@type\":\"WebSite\",\"@id\":\"https:\/\/michaelchong.ca\/fr\/#website\",\"url\":\"https:\/\/michaelchong.ca\/fr\/\",\"name\":\"Michael Chong\",\"description\":\"D\u00e9put\u00e9 de Wellington-Halton Hills-Nord\",\"publisher\":{\"@id\":\"https:\/\/michaelchong.ca\/fr\/#organization\"},\"potentialAction\":[{\"@type\":\"SearchAction\",\"target\":{\"@type\":\"EntryPoint\",\"urlTemplate\":\"https:\/\/michaelchong.ca\/fr\/?s={search_term_string}\"},\"query-input\":{\"@type\":\"PropertyValueSpecification\",\"valueRequired\":true,\"valueName\":\"search_term_string\"}}],\"inLanguage\":\"fr-CA\"},{\"@type\":\"Organization\",\"@id\":\"https:\/\/michaelchong.ca\/fr\/#organization\",\"name\":\"Michael Chong\",\"url\":\"https:\/\/michaelchong.ca\/fr\/\",\"logo\":{\"@type\":\"ImageObject\",\"inLanguage\":\"fr-CA\",\"@id\":\"https:\/\/michaelchong.ca\/fr\/#\/schema\/logo\/image\/\",\"url\":\"https:\/\/michaelchong.ca\/fr\/wp-content\/uploads\/2025\/05\/michael-chong-logo-2025-white-fr-1.png\",\"contentUrl\":\"https:\/\/michaelchong.ca\/fr\/wp-content\/uploads\/2025\/05\/michael-chong-logo-2025-white-fr-1.png\",\"width\":1142,\"height\":255,\"caption\":\"Michael Chong\"},\"image\":{\"@id\":\"https:\/\/michaelchong.ca\/fr\/#\/schema\/logo\/image\/\"}}]}<\/script>\n<!-- \/ Yoast SEO plugin. -->","yoast_head_json":{"title":"Passeports - Michael Chong","robots":{"index":"index","follow":"follow","max-snippet":"max-snippet:-1","max-image-preview":"max-image-preview:large","max-video-preview":"max-video-preview:-1"},"canonical":"https:\/\/michaelchong.ca\/fr\/services\/passeports\/","og_locale":"fr_CA","og_type":"article","og_title":"Passeports - Michael Chong","og_description":"Tout citoyen canadien est admissible pour obtenir un passeport canadien. Ce qui suit souligne les \u00e9tapes n\u00e9cessaires pour obtenir un passeport pour un citoyen canadien vivant au Canada. Veuillez vous reporter \u00e0 la page principale du site web de Passeport Canada, si vous \u00eates un citoyen canadien vivant \u00e0 l\u2019ext\u00e9rieur du Canada. Pour assurer que ...","og_url":"https:\/\/michaelchong.ca\/fr\/services\/passeports\/","og_site_name":"Michael Chong","article_modified_time":"2022-10-27T14:34:12+00:00","twitter_card":"summary_large_image","twitter_misc":{"Estimation du temps de lecture":"2 minutes"},"schema":{"@context":"https:\/\/schema.org","@graph":[{"@type":"WebPage","@id":"https:\/\/michaelchong.ca\/fr\/services\/passeports\/","url":"https:\/\/michaelchong.ca\/fr\/services\/passeports\/","name":"Passeports - Michael Chong","isPartOf":{"@id":"https:\/\/michaelchong.ca\/fr\/#website"},"datePublished":"2010-06-23T19:41:19+00:00","dateModified":"2022-10-27T14:34:12+00:00","breadcrumb":{"@id":"https:\/\/michaelchong.ca\/fr\/services\/passeports\/#breadcrumb"},"inLanguage":"fr-CA","potentialAction":[{"@type":"ReadAction","target":["https:\/\/michaelchong.ca\/fr\/services\/passeports\/"]}]},{"@type":"BreadcrumbList","@id":"https:\/\/michaelchong.ca\/fr\/services\/passeports\/#breadcrumb","itemListElement":[{"@type":"ListItem","position":1,"name":"Home","item":"https:\/\/michaelchong.ca\/fr\/"},{"@type":"ListItem","position":2,"name":"Services","item":"https:\/\/michaelchong.ca\/fr\/services\/"},{"@type":"ListItem","position":3,"name":"Passeports"}]},{"@type":"WebSite","@id":"https:\/\/michaelchong.ca\/fr\/#website","url":"https:\/\/michaelchong.ca\/fr\/","name":"Michael Chong","description":"D\u00e9put\u00e9 de Wellington-Halton Hills-Nord","publisher":{"@id":"https:\/\/michaelchong.ca\/fr\/#organization"},"potentialAction":[{"@type":"SearchAction","target":{"@type":"EntryPoint","urlTemplate":"https:\/\/michaelchong.ca\/fr\/?s={search_term_string}"},"query-input":{"@type":"PropertyValueSpecification","valueRequired":true,"valueName":"search_term_string"}}],"inLanguage":"fr-CA"},{"@type":"Organization","@id":"https:\/\/michaelchong.ca\/fr\/#organization","name":"Michael Chong","url":"https:\/\/michaelchong.ca\/fr\/","logo":{"@type":"ImageObject","inLanguage":"fr-CA","@id":"https:\/\/michaelchong.ca\/fr\/#\/schema\/logo\/image\/","url":"https:\/\/michaelchong.ca\/fr\/wp-content\/uploads\/2025\/05\/michael-chong-logo-2025-white-fr-1.png","contentUrl":"https:\/\/michaelchong.ca\/fr\/wp-content\/uploads\/2025\/05\/michael-chong-logo-2025-white-fr-1.png","width":1142,"height":255,"caption":"Michael Chong"},"image":{"@id":"https:\/\/michaelchong.ca\/fr\/#\/schema\/logo\/image\/"}}]}},"_links":{"self":[{"href":"https:\/\/michaelchong.ca\/fr\/wp-json\/wp\/v2\/pages\/3724","targetHints":{"allow":["GET"]}}],"collection":[{"href":"https:\/\/michaelchong.ca\/fr\/wp-json\/wp\/v2\/pages"}],"about":[{"href":"https:\/\/michaelchong.ca\/fr\/wp-json\/wp\/v2\/types\/page"}],"author":[{"embeddable":true,"href":"https:\/\/michaelchong.ca\/fr\/wp-json\/wp\/v2\/users\/1"}],"replies":[{"embeddable":true,"href":"https:\/\/michaelchong.ca\/fr\/wp-json\/wp\/v2\/comments?post=3724"}],"version-history":[{"count":4,"href":"https:\/\/michaelchong.ca\/fr\/wp-json\/wp\/v2\/pages\/3724\/revisions"}],"predecessor-version":[{"id":3962,"href":"https:\/\/michaelchong.ca\/fr\/wp-json\/wp\/v2\/pages\/3724\/revisions\/3962"}],"up":[{"embeddable":true,"href":"https:\/\/michaelchong.ca\/fr\/wp-json\/wp\/v2\/pages\/3156"}],"wp:attachment":[{"href":"https:\/\/michaelchong.ca\/fr\/wp-json\/wp\/v2\/media?parent=3724"}],"curies":[{"name":"wp","href":"https:\/\/api.w.org\/{rel}","templated":true}]}}