{"id":3725,"date":"2010-06-23T20:16:26","date_gmt":"2010-06-23T20:16:26","guid":{"rendered":"http:\/\/bevoda.ca\/"},"modified":"2024-04-23T14:59:21","modified_gmt":"2024-04-23T18:59:21","slug":"certificates","status":"publish","type":"page","link":"https:\/\/michaelchong.ca\/fr\/services\/certificates\/","title":{"rendered":"Messages de f\u00e9licitations"},"content":{"rendered":"<h2>Certificats de f\u00e9licitations de Michael Chong,\u00a0d\u00e9put\u00e9<\/h2>\n<p>En tant que d\u00e9put\u00e9 de Wellington-Halton Hills, Michael appr\u00e9cie l\u2019occasion de reconna\u00eetre des jalons personnels particuliers, comme des anniversaires ou des anniversaires de naissance, avec un certificat comm\u00e9moratif particulier.<\/p>\n<p>Les \u00e9lecteurs de la circonscription f\u00e9d\u00e9rale de Wellington-Halton Hills peuvent demander ces certificats en remplissant le formulaire ci-dessous\u00a0:<\/p>\n\n                <div class='gf_browser_gecko gform_wrapper' id='gform_wrapper_2' ><a id='gf_2' class='gform_anchor' ><\/a><form method='post' enctype='multipart\/form-data' target='gform_ajax_frame_2' id='gform_2'  action='\/fr\/wp-json\/wp\/v2\/pages\/3725#gf_2'>\n                        <div class='gform_body'><ul id='gform_fields_2' class='gform_fields top_label form_sublabel_below description_below'><li id='field_2_1' class='gfield gfield_contains_required field_sublabel_below field_description_below' ><label class='gfield_label' for='input_2_1' >Nom de la partie requ\u00e9rante<span class='gfield_required'>*<\/span><\/label><div class='ginput_container ginput_container_text'><input name='input_1' id='input_2_1' type='text' value='' class='medium'  tabindex='1'   aria-required=\"true\" aria-invalid=\"false\" \/><\/div><\/li><li id='field_2_2' class='gfield gfield_contains_required field_sublabel_below field_description_below' ><label class='gfield_label' for='input_2_2' >T\u00e9l\u00e9phone de la partie requ\u00e9rante<span class='gfield_required'>*<\/span><\/label><div class='ginput_container ginput_container_phone'><input name='input_2' id='input_2_2' type='text' value='' class='medium' tabindex='2'   aria-required=\"true\" aria-invalid=\"false\" \/><\/div><\/li><li id='field_2_3' class='gfield gfield_contains_required field_sublabel_below field_description_below' ><label class='gfield_label' for='input_2_3' >Courriel de la partie requ\u00e9rante<span class='gfield_required'>*<\/span><\/label><div class='ginput_container ginput_container_email'>\n                            <input name='input_3' id='input_2_3' type='text' value='' class='medium' tabindex='3'   \/>\n                        <\/div><\/li><li id='field_2_4' class='gfield gfield_contains_required field_sublabel_below field_description_below' ><label class='gfield_label' for='input_2_4' >Nom (s) comme vous souhaitez qu&#039;ils apparaissent sur le certificat<span class='gfield_required'>*<\/span><\/label><div class='ginput_container ginput_container_text'><input name='input_4' id='input_2_4' type='text' value='' class='medium'  tabindex='4'   aria-required=\"true\" aria-invalid=\"false\" \/><\/div><\/li><li id='field_2_5' class='gfield field_sublabel_below field_description_below' ><label class='gfield_label' for='input_2_5' >Adresse du demandeur<\/label><div class='ginput_container'><textarea name='input_5' id='input_2_5' class='textarea medium' tabindex='5'    aria-invalid=\"false\"   rows='10' cols='50'><\/textarea><\/div><\/li><li id='field_2_6' class='gfield field_sublabel_below field_description_below' ><label class='gfield_label' for='input_2_6' >Adresse du c\u00e9l\u00e9brant<\/label><div class='ginput_container'><textarea name='input_6' id='input_2_6' class='textarea medium' tabindex='6'    aria-invalid=\"false\"   rows='10' cols='50'><\/textarea><\/div><\/li><li id='field_2_14' class='gfield gfield_contains_required field_sublabel_below field_description_below' ><label class='gfield_label' for='input_2_14' >Veuillez livrer le certificat \u00e0<span class='gfield_required'>*<\/span><\/label><div class='ginput_container ginput_container_select'><select name='input_14' id='input_2_14'  class='medium gfield_select' tabindex='7'  aria-required=\"true\" aria-invalid=\"false\"><option value='Demandeur' >Demandeur<\/option><option value='C\u00e9l\u00e9brant' >C\u00e9l\u00e9brant<\/option><\/select><\/div><\/li><li id='field_2_8' class='gfield gfield_contains_required field_sublabel_below field_description_below' ><label class='gfield_label' for='input_2_8' >Type d&#039;\u00e9v\u00e9nement<span class='gfield_required'>*<\/span><\/label><div class='ginput_container ginput_container_select'><select name='input_8' id='input_2_8'  class='medium gfield_select' tabindex='8'  aria-required=\"true\" aria-invalid=\"false\"><option value='Anniversaire' >Anniversaire<\/option><option value='F\u00eate' >F\u00eate<\/option><\/select><\/div><div class='gfield_description'>\n<\/div><\/li><li id='field_2_13' class='gfield gfield_contains_required field_sublabel_below field_description_below' ><label class='gfield_label' for='input_2_13' >Sp\u00e9cifiez le nombre d&#039;ann\u00e9es pour les mariages et les anniversaires, ou le nom du prix<span class='gfield_required'>*<\/span><\/label><div class='ginput_container ginput_container_text'><input name='input_13' id='input_2_13' type='text' value='' class='medium'  tabindex='9'   aria-required=\"true\" aria-invalid=\"false\" \/><\/div><\/li><li id='field_2_9' class='gfield field_sublabel_below field_description_below' ><label class='gfield_label' for='input_2_9' >Date de la f\u00eate \/ anniversaire \/ occasion<\/label><div class='ginput_container ginput_container_date'>\n                            <input name='input_9' id='input_2_9' type='text' value='' class='datepicker medium mdy datepicker_no_icon' tabindex='10'  \/>\n                        <\/div>\n                        <input type='hidden' id='gforms_calendar_icon_input_2_9' class='gform_hidden' value='https:\/\/michaelchong.ca\/fr\/wp-content\/plugins\/gravityforms\/images\/calendar.png'\/><\/li><li id='field_2_10' class='gfield field_sublabel_below field_description_below' ><label class='gfield_label' for='input_2_10' >Date de c\u00e9l\u00e9bration<\/label><div class='ginput_container ginput_container_date'>\n                            <input name='input_10' id='input_2_10' type='text' value='' class='datepicker medium mdy datepicker_no_icon' tabindex='11'  \/>\n                        <\/div>\n                        <input type='hidden' id='gforms_calendar_icon_input_2_10' class='gform_hidden' value='https:\/\/michaelchong.ca\/fr\/wp-content\/plugins\/gravityforms\/images\/calendar.png'\/><\/li><li id='field_2_11' class='gfield field_sublabel_below field_description_below' ><label class='gfield_label' for='input_2_11' >Lieu et heure de la c\u00e9l\u00e9bration (s&#039;il s&#039;agit d&#039;un \u00e9v\u00e9nement public)<\/label><div class='ginput_container ginput_container_text'><input name='input_11' id='input_2_11' type='text' value='' class='medium'  tabindex='12'    aria-invalid=\"false\" \/><\/div><\/li><li id='field_2_12' class='gfield field_sublabel_below field_description_below' ><label class='gfield_label' for='input_2_12' >Commentaires additionnels<\/label><div class='ginput_container'><textarea name='input_12' id='input_2_12' class='textarea medium' tabindex='13'    aria-invalid=\"false\"   rows='10' cols='50'><\/textarea><\/div><\/li>\n                            <\/ul><\/div>\n        <div class='gform_footer top_label'> <input type='submit' id='gform_submit_button_2' class='gform_button button' value='Soumettre' tabindex='14' onclick='if(window[\"gf_submitting_2\"]){return false;}  window[\"gf_submitting_2\"]=true;  ' onkeypress='if(window[\"gf_submitting_2\"]){return false;}  window[\"gf_submitting_2\"]=true;  ' \/> <input type='hidden' name='gform_ajax' value='form_id=2&amp;title=&amp;description=&amp;tabindex=1' \/>\n            <input type='hidden' class='gform_hidden' name='is_submit_2' value='1' \/>\n            <input type='hidden' class='gform_hidden' name='gform_submit' value='2' \/>\n            \n            <input type='hidden' class='gform_hidden' name='gform_unique_id' value='' \/>\n            <input type='hidden' class='gform_hidden' name='state_2' value='WyJbXSIsIjg2NDQ1ZjljYWVmYTY5ZGEwNmVkZmI1NGM3MDYxZGVlIl0=' \/>\n            <input type='hidden' class='gform_hidden' name='gform_target_page_number_2' id='gform_target_page_number_2' value='0' \/>\n            <input type='hidden' class='gform_hidden' name='gform_source_page_number_2' id='gform_source_page_number_2' value='1' \/>\n            <input type='hidden' name='gform_field_values' value='' \/>\n            \n        <\/div>\n                        <\/form>\n                        <\/div>\n                <iframe style='display:none;width:0px;height:0px;' src='about:blank' name='gform_ajax_frame_2' id='gform_ajax_frame_2'>This iframe contains the logic required to handle AJAX powered Gravity Forms.<\/iframe>\n                <script type='text\/javascript'>jQuery(document).ready(function($){gformInitSpinner( 2, 'https:\/\/michaelchong.ca\/fr\/wp-content\/plugins\/gravityforms\/images\/spinner.gif' );jQuery('#gform_ajax_frame_2').load( function(){var contents = jQuery(this).contents().find('*').html();var is_postback = contents.indexOf('GF_AJAX_POSTBACK') >= 0;if(!is_postback){return;}var form_content = jQuery(this).contents().find('#gform_wrapper_2');var is_confirmation = jQuery(this).contents().find('#gform_confirmation_wrapper_2').length > 0;var is_redirect = contents.indexOf('gformRedirect(){') >= 0;var is_form = form_content.length > 0 && ! is_redirect && ! is_confirmation;if(is_form){jQuery('#gform_wrapper_2').html(form_content.html());if(form_content.hasClass('gform_validation_error')){jQuery('#gform_wrapper_2').addClass('gform_validation_error');} else {jQuery('#gform_wrapper_2').removeClass('gform_validation_error');}setTimeout( function() { \/* delay the scroll by 50 milliseconds to fix a bug in chrome *\/ jQuery(document).scrollTop(jQuery('#gform_wrapper_2').offset().top); }, 50 );if(window['gformInitDatepicker']) {gformInitDatepicker();}if(window['gformInitPriceFields']) {gformInitPriceFields();}var current_page = jQuery('#gform_source_page_number_2').val();gformInitSpinner( 2, 'https:\/\/michaelchong.ca\/fr\/wp-content\/plugins\/gravityforms\/images\/spinner.gif' );jQuery(document).trigger('gform_page_loaded', [2, current_page]);window['gf_submitting_2'] = false;}else if(!is_redirect){var confirmation_content = jQuery(this).contents().find('#gforms_confirmation_message_2').html();if(!confirmation_content){confirmation_content = contents;}setTimeout(function(){jQuery('#gform_wrapper_2').replaceWith('<' + 'div id=\\'gforms_confirmation_message_2\\' class=\\'gform_confirmation_message_2 gforms_confirmation_message\\'' + '>' + confirmation_content + '<' + '\/div' + '>');jQuery(document).scrollTop(jQuery('#gforms_confirmation_message_2').offset().top);jQuery(document).trigger('gform_confirmation_loaded', [2]);window['gf_submitting_2'] = false;}, 50);}else{jQuery('#gform_2').append(contents);if(window['gformRedirect']) {gformRedirect();}}jQuery(document).trigger('gform_post_render', [2, current_page]);} );} );<\/script><script type='text\/javascript'> if(typeof gf_global == 'undefined') var gf_global = {\"gf_currency_config\":{\"name\":\"U.S. Dollar\",\"symbol_left\":\"$\",\"symbol_right\":\"\",\"symbol_padding\":\"\",\"thousand_separator\":\",\",\"decimal_separator\":\".\",\"decimals\":2},\"base_url\":\"https:\\\/\\\/michaelchong.ca\\\/fr\\\/wp-content\\\/plugins\\\/gravityforms\",\"number_formats\":[],\"spinnerUrl\":\"https:\\\/\\\/michaelchong.ca\\\/fr\\\/wp-content\\\/plugins\\\/gravityforms\\\/images\\\/spinner.gif\"};jQuery(document).bind('gform_post_render', function(event, formId, currentPage){if(formId == 2) {if(!\/(android)\/i.test(navigator.userAgent)){jQuery('#input_2_2').mask('(999) 999-9999').bind('keypress', function(e){if(e.which == 13){jQuery(this).blur();} } );}} } );jQuery(document).bind('gform_post_conditional_logic', function(event, formId, fields, isInit){} );<\/script><script type='text\/javascript'> jQuery(document).ready(function(){jQuery(document).trigger('gform_post_render', [2, 1]) } ); <\/script>\n<p><!--cforms name=\"Greetings\"--><\/p>\n<h2><strong>Certificats de f\u00e9licitations du premier ministre<\/strong><\/h2>\n<p>Le Premier ministre reconna\u00eet les anniversaires de 25 ans et plus et les anniversaires de naissance de 65 ans et plus. Pour faire une demande pour des salutations du Premier ministre du Canada, appelez le (613) 941-6880 ou visitez le site web du Premier ministre pour des formulaires de demande en ligne sur\u00a0: <span style=\"text-decoration: underline;\"><a href=\"https:\/\/pm.gc.ca\/fr\/nous-joindre\/felicitations\" target=\"_blank\" rel=\"noopener noreferrer\">Salutations du Premier ministre<\/a><\/span>.<\/p>\n<h2><strong>Certificats de f\u00e9licitations <\/strong>de Sa Majest\u00e9 le Roi <strong>et du Gouverneur g\u00e9n\u00e9ral<\/strong><\/h2>\n<p>Vous pouvez \u00e9galement demander un message de f\u00e9licitations du Gouverneur g\u00e9n\u00e9ral ou de la Reine. Le Gouverneur g\u00e9n\u00e9ral reconna\u00eet les anniversaires de mariage de plus de 50 ans et \u00e0 des intervalles de 5 ans par la suite et des anniversaires de naissance de 90 ans et plus \u00e0 des intervalles de 5 ans par la suite.<\/p>\n<p>Sa Majest\u00e9 le Roi envoie des v\u0153ux d\u2019anniversaire aux Canadiens et Canadiennes \u00e2g\u00e9s de\u00a0<strong>100\u00a0ans et plus\u00a0<\/strong>ainsi qu\u2019aux couples qui c\u00e9l\u00e8brent\u00a0<strong>60 ans ou plus<\/strong>\u00a0de mariage ou d\u2019union.<\/p>\n<p>Les d\u00e9tails et l\u2019information pour la demande peuvent \u00eatre obtenus au : <span style=\"text-decoration: underline;\"><a href=\"https:\/\/www.gg.ca\/fr\/nous-joindre\/voeux-anniversaire\" target=\"_blank\" rel=\"noopener noreferrer\">Salutations de sa Majest<\/a><a href=\"https:\/\/www.gg.ca\/fr\/nous-joindre\/voeux-anniversaire\" target=\"_blank\" rel=\"noopener noreferrer\">\u00e9<\/a><a href=\"https:\/\/www.gg.ca\/fr\/nous-joindre\/voeux-anniversaire\" target=\"_blank\" rel=\"noopener noreferrer\"> le Roi et du Gouverneur g\u00e9n\u00e9ral<\/a>.<\/span><\/p>\n<p>&nbsp;<\/p>\n","protected":false},"excerpt":{"rendered":"<p>Certificats de f\u00e9licitations de Michael Chong,\u00a0d\u00e9put\u00e9 En tant que d\u00e9put\u00e9 de Wellington-Halton Hills, Michael appr\u00e9cie l\u2019occasion de reconna\u00eetre des jalons personnels particuliers, comme des anniversaires ou des anniversaires de naissance, avec un certificat comm\u00e9moratif particulier. Les \u00e9lecteurs de la circonscription f\u00e9d\u00e9rale de Wellington-Halton Hills peuvent demander ces certificats en remplissant le formulaire ci-dessous\u00a0: Certificats de <a href=\"https:\/\/michaelchong.ca\/fr\/services\/certificates\/\" class=\"more-link\">&#8230;<\/a><\/p>\n","protected":false},"author":1,"featured_media":0,"parent":3156,"menu_order":3,"comment_status":"open","ping_status":"closed","template":"","meta":{"_acf_changed":false,"footnotes":"","_links_to":"","_links_to_target":""},"class_list":["post-3725","page","type-page","status-publish","hentry"],"acf":[],"yoast_head":"<!-- This site is optimized with the Yoast SEO plugin v27.0 - https:\/\/yoast.com\/product\/yoast-seo-wordpress\/ -->\n<title>Messages de f\u00e9licitations - Michael Chong<\/title>\n<meta name=\"robots\" content=\"index, follow, max-snippet:-1, max-image-preview:large, max-video-preview:-1\" \/>\n<link rel=\"canonical\" href=\"https:\/\/michaelchong.ca\/fr\/services\/certificates\/\" \/>\n<meta property=\"og:locale\" content=\"fr_CA\" \/>\n<meta property=\"og:type\" content=\"article\" \/>\n<meta property=\"og:title\" content=\"Messages de f\u00e9licitations - Michael Chong\" \/>\n<meta property=\"og:description\" content=\"Certificats de f\u00e9licitations de Michael Chong,\u00a0d\u00e9put\u00e9 En tant que d\u00e9put\u00e9 de Wellington-Halton Hills, Michael appr\u00e9cie l\u2019occasion de reconna\u00eetre des jalons personnels particuliers, comme des anniversaires ou des anniversaires de naissance, avec un certificat comm\u00e9moratif particulier. Les \u00e9lecteurs de la circonscription f\u00e9d\u00e9rale de Wellington-Halton Hills peuvent demander ces certificats en remplissant le formulaire ci-dessous\u00a0: Certificats de ...\" \/>\n<meta property=\"og:url\" content=\"https:\/\/michaelchong.ca\/fr\/services\/certificates\/\" \/>\n<meta property=\"og:site_name\" content=\"Michael Chong\" \/>\n<meta property=\"article:modified_time\" content=\"2024-04-23T18:59:21+00:00\" \/>\n<meta name=\"twitter:card\" content=\"summary_large_image\" \/>\n<meta name=\"twitter:label1\" content=\"Estimation du temps de lecture\" \/>\n\t<meta name=\"twitter:data1\" content=\"2 minutes\" \/>\n<script type=\"application\/ld+json\" class=\"yoast-schema-graph\">{\"@context\":\"https:\/\/schema.org\",\"@graph\":[{\"@type\":\"WebPage\",\"@id\":\"https:\/\/michaelchong.ca\/fr\/services\/certificates\/\",\"url\":\"https:\/\/michaelchong.ca\/fr\/services\/certificates\/\",\"name\":\"Messages de f\u00e9licitations - Michael Chong\",\"isPartOf\":{\"@id\":\"https:\/\/michaelchong.ca\/fr\/#website\"},\"datePublished\":\"2010-06-23T20:16:26+00:00\",\"dateModified\":\"2024-04-23T18:59:21+00:00\",\"breadcrumb\":{\"@id\":\"https:\/\/michaelchong.ca\/fr\/services\/certificates\/#breadcrumb\"},\"inLanguage\":\"fr-CA\",\"potentialAction\":[{\"@type\":\"ReadAction\",\"target\":[\"https:\/\/michaelchong.ca\/fr\/services\/certificates\/\"]}]},{\"@type\":\"BreadcrumbList\",\"@id\":\"https:\/\/michaelchong.ca\/fr\/services\/certificates\/#breadcrumb\",\"itemListElement\":[{\"@type\":\"ListItem\",\"position\":1,\"name\":\"Home\",\"item\":\"https:\/\/michaelchong.ca\/fr\/\"},{\"@type\":\"ListItem\",\"position\":2,\"name\":\"Services\",\"item\":\"https:\/\/michaelchong.ca\/fr\/services\/\"},{\"@type\":\"ListItem\",\"position\":3,\"name\":\"Messages de f\u00e9licitations\"}]},{\"@type\":\"WebSite\",\"@id\":\"https:\/\/michaelchong.ca\/fr\/#website\",\"url\":\"https:\/\/michaelchong.ca\/fr\/\",\"name\":\"Michael Chong\",\"description\":\"D\u00e9put\u00e9 de Wellington-Halton Hills-Nord\",\"publisher\":{\"@id\":\"https:\/\/michaelchong.ca\/fr\/#organization\"},\"potentialAction\":[{\"@type\":\"SearchAction\",\"target\":{\"@type\":\"EntryPoint\",\"urlTemplate\":\"https:\/\/michaelchong.ca\/fr\/?s={search_term_string}\"},\"query-input\":{\"@type\":\"PropertyValueSpecification\",\"valueRequired\":true,\"valueName\":\"search_term_string\"}}],\"inLanguage\":\"fr-CA\"},{\"@type\":\"Organization\",\"@id\":\"https:\/\/michaelchong.ca\/fr\/#organization\",\"name\":\"Michael Chong\",\"url\":\"https:\/\/michaelchong.ca\/fr\/\",\"logo\":{\"@type\":\"ImageObject\",\"inLanguage\":\"fr-CA\",\"@id\":\"https:\/\/michaelchong.ca\/fr\/#\/schema\/logo\/image\/\",\"url\":\"https:\/\/michaelchong.ca\/fr\/wp-content\/uploads\/2025\/05\/michael-chong-logo-2025-white-fr-1.png\",\"contentUrl\":\"https:\/\/michaelchong.ca\/fr\/wp-content\/uploads\/2025\/05\/michael-chong-logo-2025-white-fr-1.png\",\"width\":1142,\"height\":255,\"caption\":\"Michael Chong\"},\"image\":{\"@id\":\"https:\/\/michaelchong.ca\/fr\/#\/schema\/logo\/image\/\"}}]}<\/script>\n<!-- \/ Yoast SEO plugin. -->","yoast_head_json":{"title":"Messages de f\u00e9licitations - Michael Chong","robots":{"index":"index","follow":"follow","max-snippet":"max-snippet:-1","max-image-preview":"max-image-preview:large","max-video-preview":"max-video-preview:-1"},"canonical":"https:\/\/michaelchong.ca\/fr\/services\/certificates\/","og_locale":"fr_CA","og_type":"article","og_title":"Messages de f\u00e9licitations - Michael Chong","og_description":"Certificats de f\u00e9licitations de Michael Chong,\u00a0d\u00e9put\u00e9 En tant que d\u00e9put\u00e9 de Wellington-Halton Hills, Michael appr\u00e9cie l\u2019occasion de reconna\u00eetre des jalons personnels particuliers, comme des anniversaires ou des anniversaires de naissance, avec un certificat comm\u00e9moratif particulier. Les \u00e9lecteurs de la circonscription f\u00e9d\u00e9rale de Wellington-Halton Hills peuvent demander ces certificats en remplissant le formulaire ci-dessous\u00a0: Certificats de ...","og_url":"https:\/\/michaelchong.ca\/fr\/services\/certificates\/","og_site_name":"Michael Chong","article_modified_time":"2024-04-23T18:59:21+00:00","twitter_card":"summary_large_image","twitter_misc":{"Estimation du temps de lecture":"2 minutes"},"schema":{"@context":"https:\/\/schema.org","@graph":[{"@type":"WebPage","@id":"https:\/\/michaelchong.ca\/fr\/services\/certificates\/","url":"https:\/\/michaelchong.ca\/fr\/services\/certificates\/","name":"Messages de f\u00e9licitations - Michael Chong","isPartOf":{"@id":"https:\/\/michaelchong.ca\/fr\/#website"},"datePublished":"2010-06-23T20:16:26+00:00","dateModified":"2024-04-23T18:59:21+00:00","breadcrumb":{"@id":"https:\/\/michaelchong.ca\/fr\/services\/certificates\/#breadcrumb"},"inLanguage":"fr-CA","potentialAction":[{"@type":"ReadAction","target":["https:\/\/michaelchong.ca\/fr\/services\/certificates\/"]}]},{"@type":"BreadcrumbList","@id":"https:\/\/michaelchong.ca\/fr\/services\/certificates\/#breadcrumb","itemListElement":[{"@type":"ListItem","position":1,"name":"Home","item":"https:\/\/michaelchong.ca\/fr\/"},{"@type":"ListItem","position":2,"name":"Services","item":"https:\/\/michaelchong.ca\/fr\/services\/"},{"@type":"ListItem","position":3,"name":"Messages de f\u00e9licitations"}]},{"@type":"WebSite","@id":"https:\/\/michaelchong.ca\/fr\/#website","url":"https:\/\/michaelchong.ca\/fr\/","name":"Michael Chong","description":"D\u00e9put\u00e9 de Wellington-Halton Hills-Nord","publisher":{"@id":"https:\/\/michaelchong.ca\/fr\/#organization"},"potentialAction":[{"@type":"SearchAction","target":{"@type":"EntryPoint","urlTemplate":"https:\/\/michaelchong.ca\/fr\/?s={search_term_string}"},"query-input":{"@type":"PropertyValueSpecification","valueRequired":true,"valueName":"search_term_string"}}],"inLanguage":"fr-CA"},{"@type":"Organization","@id":"https:\/\/michaelchong.ca\/fr\/#organization","name":"Michael Chong","url":"https:\/\/michaelchong.ca\/fr\/","logo":{"@type":"ImageObject","inLanguage":"fr-CA","@id":"https:\/\/michaelchong.ca\/fr\/#\/schema\/logo\/image\/","url":"https:\/\/michaelchong.ca\/fr\/wp-content\/uploads\/2025\/05\/michael-chong-logo-2025-white-fr-1.png","contentUrl":"https:\/\/michaelchong.ca\/fr\/wp-content\/uploads\/2025\/05\/michael-chong-logo-2025-white-fr-1.png","width":1142,"height":255,"caption":"Michael Chong"},"image":{"@id":"https:\/\/michaelchong.ca\/fr\/#\/schema\/logo\/image\/"}}]}},"_links":{"self":[{"href":"https:\/\/michaelchong.ca\/fr\/wp-json\/wp\/v2\/pages\/3725","targetHints":{"allow":["GET"]}}],"collection":[{"href":"https:\/\/michaelchong.ca\/fr\/wp-json\/wp\/v2\/pages"}],"about":[{"href":"https:\/\/michaelchong.ca\/fr\/wp-json\/wp\/v2\/types\/page"}],"author":[{"embeddable":true,"href":"https:\/\/michaelchong.ca\/fr\/wp-json\/wp\/v2\/users\/1"}],"replies":[{"embeddable":true,"href":"https:\/\/michaelchong.ca\/fr\/wp-json\/wp\/v2\/comments?post=3725"}],"version-history":[{"count":4,"href":"https:\/\/michaelchong.ca\/fr\/wp-json\/wp\/v2\/pages\/3725\/revisions"}],"predecessor-version":[{"id":4056,"href":"https:\/\/michaelchong.ca\/fr\/wp-json\/wp\/v2\/pages\/3725\/revisions\/4056"}],"up":[{"embeddable":true,"href":"https:\/\/michaelchong.ca\/fr\/wp-json\/wp\/v2\/pages\/3156"}],"wp:attachment":[{"href":"https:\/\/michaelchong.ca\/fr\/wp-json\/wp\/v2\/media?parent=3725"}],"curies":[{"name":"wp","href":"https:\/\/api.w.org\/{rel}","templated":true}]}}