{"id":3726,"date":"2011-07-18T16:21:21","date_gmt":"2011-07-18T16:21:21","guid":{"rendered":"http:\/\/kellieleitchmp.com\/?page_id=391"},"modified":"2022-05-06T09:36:14","modified_gmt":"2022-05-06T13:36:14","slug":"gouvernement-federal","status":"publish","type":"page","link":"https:\/\/michaelchong.ca\/fr\/services\/gouvernement-federal\/","title":{"rendered":"Gouvernement f\u00e9d\u00e9ral"},"content":{"rendered":"<h2><strong>R\u00e9pertoire t\u00e9l\u00e9phonique<\/strong><\/h2>\n<p>Les num\u00e9ros ci-dessous repr\u00e9sentent les services et bureaux les plus souvent demand\u00e9s tant des services provinciaux que f\u00e9d\u00e9raux. Vous pouvez trouver plus d\u2019information dans les pages bleues de votre bottin t\u00e9l\u00e9phonique local sous Gouvernement du Canada. Pour des secteurs qui ne sont pas \u00e9num\u00e9r\u00e9s ou pour de l\u2019aide pour trouver un programme ou un service du Gouvernement du Canada, appelez sans frais\u00a0:<\/p>\n<h3 style=\"text-align: center;\"><strong>1-800-O-CANADA (1-800-622-6232)<\/strong><\/h3>\n<p><strong>Agence des services frontaliers du Canada (Douanes)<br \/>\n<\/strong>(800) 461-9999<\/p>\n<p><strong>Agence du revenu du Canada<br \/>\n<\/strong>Cr\u00e9dit pour la TPS: (800) 959-1953<br \/>\n\u00c9tat du remboursement d\u2019imp\u00f4t sur le revenu: (800) 959-1956<br \/>\nInformation g\u00e9n\u00e9rale sur le remboursement d\u2019imp\u00f4ts sur le revenu: (800) 959-8281<\/p>\n<p><strong>Bureau de services juridiques des pensions Canada<br \/>\n<\/strong>(866) 522-2122<\/p>\n<p><strong>Centre de ressources humaines du Canada (A.E.)<br \/>\n<\/strong>(800) 206-7218<\/p>\n<p><strong>Citoyennet\u00e9 et Immigration<br \/>\n<\/strong>(888) 242-2100<\/p>\n<p><strong>GRC (Demandes d\u2019ordre g\u00e9n\u00e9ral)<br \/>\n<\/strong>(613) 993-7267<\/p>\n<p><strong>Num\u00e9ros d\u2019assurance sociale<br \/>\n<\/strong>(800) 206-7218<\/p>\n<p><strong>Passeport Canada<br \/>\n<\/strong>(800) 567-6868<\/p>\n<p><strong>Pension aux Anciens combattants<br \/>\n<\/strong>(866) 522-2122<\/p>\n<p><strong>Pension de la S\u00e9curit\u00e9 de la vieillesse<br \/>\n<\/strong>(800) 277-9914<\/p>\n<p><strong>Prestation fiscale pour enfants<br \/>\n<\/strong>(800) 387-1193<\/p>\n<p><strong>R\u00e9gime de Pension du Canada<br \/>\n<\/strong>(800) 277-9914<\/p>\n<p><strong>Ressources naturelles Canada<br \/>\n<\/strong>(613) 995-0947<\/p>\n<p><strong>Soci\u00e9t\u00e9 d&rsquo;assurance-d\u00e9p\u00f4ts du Canada<br \/>\n<\/strong>(800) 461-2342<\/p>\n<h2><strong>R\u00e9pertoire de sites web<\/strong><\/h2>\n<p>Veuillez trouver ci-dessous certains liens de sites web importants qui peuvent \u00eatre utilis\u00e9s pour acc\u00e9der aux programmes et services gouvernementaux :<\/p>\n<ul>\n<li><strong>Administration canadienne de la s\u00fbret\u00e9 du transport canadien<\/strong> \u2013 <a href=\"http:\/\/www.catsa-acsta.gc.ca\" target=\"_blank\" rel=\"noopener noreferrer\">http:\/\/www.catsa-acsta.gc.ca<\/a><\/li>\n<li><strong>Affaires autochtones et D\u00e9veloppement du Nord Canad<\/strong>a \u2013 <a href=\"http:\/\/www.ainc-inac.gc.ca\" target=\"_blank\" rel=\"noopener noreferrer\">http:\/\/www.ainc-inac.gc.ca<\/a><\/li>\n<li><strong>Affaires consulaires<\/strong> \u2013 <a href=\"http:\/\/www.voyage.gc.ca\" target=\"_blank\" rel=\"noopener noreferrer\">http:\/\/www.voyage.gc.ca<\/a><\/li>\n<li><strong>Agence canadienne d&rsquo;inspection des aliments<\/strong> \u2013 <a href=\"http:\/\/www.inspection.gc.ca\" target=\"_blank\" rel=\"noopener noreferrer\">http:\/\/www.inspection.gc.ca<\/a><\/li>\n<li><strong>Agence des services frontaliers du Canada <\/strong>\u2013 <a href=\"http:\/\/www.cbsa-asfc.gc.ca\" target=\"_blank\" rel=\"noopener noreferrer\">http:\/\/www.cbsa-asfc.gc.ca<\/a><\/li>\n<li><strong>Agence du revenu du Canada<\/strong> \u2013 <a href=\"https:\/\/www.canada.ca\/fr\/agence-revenu.html\">https:\/\/www.canada.ca\/fr\/agence-revenu.html<\/a><\/li>\n<li><strong>Agriculture et Agroalimentaire Canada<\/strong> \u2013 <a href=\"http:\/\/www.agr.gc.ca\" target=\"_blank\" rel=\"noopener noreferrer\">http:\/\/www.agr.gc.ca<\/a><\/li>\n<li><strong>Anciens Combattants Canada<\/strong> \u2013 <a href=\"https:\/\/www.veterans.gc.ca\/fra\">https:\/\/www.veterans.gc.ca\/fra<\/a><\/li>\n<li><strong>Banque de d\u00e9veloppement du Canada<\/strong> \u2013 <a href=\"http:\/\/www.bdc.ca\" target=\"_blank\" rel=\"noopener noreferrer\">http:\/\/www.bdc.ca<\/a><\/li>\n<li><strong>Banque du Canada <\/strong>\u2013\u00a0<a href=\"http:\/\/www.banqueducanada.ca\/\" target=\"_blank\" rel=\"noopener noreferrer\">http:\/\/www.banqueducanada.ca\/<\/a><\/li>\n<li><strong>Biblioth\u00e8que et Archives Canada<\/strong> \u2013 <a href=\"https:\/\/www.bac-lac.gc.ca\/Pages\/default.aspx\" target=\"_blank\" rel=\"noopener noreferrer\">http:\/\/www.collectionscanada.ca<\/a><\/li>\n<li><strong>Bureau du v\u00e9rificateur g\u00e9n\u00e9ral du Canada<\/strong> \u2013 <a href=\"http:\/\/www.oag-bvg.gc.ca\" target=\"_blank\" rel=\"noopener noreferrer\">http:\/\/www.oag-bvg.gc.ca<\/a><\/li>\n<li><strong>Citoyennet\u00e9 et Immigration Canada<\/strong> \u2013 <a href=\"http:\/\/www.cic.gc.ca\" target=\"_blank\" rel=\"noopener noreferrer\">http:\/\/www.cic.gc.ca<\/a><\/li>\n<li><strong>Commission canadienne des grains<\/strong> \u2013 <a href=\"http:\/\/www.grainscanada.gc.ca\" target=\"_blank\" rel=\"noopener noreferrer\">http:\/\/www.grainscanada.gc.ca<\/a><\/li>\n<li><strong>Commission canadienne du lait<\/strong> \u2013 <a href=\"http:\/\/www.cdc-ccl.gc.ca\" target=\"_blank\" rel=\"noopener noreferrer\">http:\/\/www.cdc-ccl.gc.ca<\/a><\/li>\n<li><strong>Condition f\u00e9minine Canada<\/strong> \u2013 <a href=\"http:\/\/www.swc-cfc.gc.ca\" target=\"_blank\" rel=\"noopener noreferrer\">http:\/\/www.swc-cfc.gc.ca<\/a><\/li>\n<li><strong>Conseil de la radiodiffusion et des t\u00e9l\u00e9communications canadiennes<\/strong> \u2013 <a href=\"http:\/\/www.crtc.gc.ca\" target=\"_blank\" rel=\"noopener noreferrer\">http:\/\/www.crtc.gc.ca<\/a><\/li>\n<li><strong>Conseil des Arts du Canada<\/strong> \u2013 <a href=\"http:\/\/www.canadacouncil.ca\/\" target=\"_blank\" rel=\"noopener noreferrer\">http:\/\/www.canadacouncil.ca<\/a><\/li>\n<li><strong>Conseil national de recherches du Canada<\/strong> \u2013 <a href=\"http:\/\/www.nrc-cnrc.gc.ca\" target=\"_blank\" rel=\"noopener noreferrer\">http:\/\/www.nrc-cnrc.gc.ca<\/a><\/li>\n<li><strong>Cour Supr\u00eame du Canada<\/strong> \u2013 <a href=\"http:\/\/www.scc-csc.gc.ca\" target=\"_blank\" rel=\"noopener noreferrer\">http:\/\/www.scc-csc.gc.ca<\/a><\/li>\n<li><strong>\u00c9lections Canada<\/strong> \u2013 <a href=\"http:\/\/www.elections.ca\" target=\"_blank\" rel=\"noopener noreferrer\">http:\/\/www.elections.ca<\/a><\/li>\n<li><strong>Environnement Canada<\/strong> \u2013 <a href=\"http:\/\/www.ec.gc.ca\" target=\"_blank\" rel=\"noopener noreferrer\">http:\/\/www.ec.gc.ca<\/a><\/li>\n<li><strong>Gendarmerie royale du Canada<\/strong> \u2013 <a href=\"http:\/\/www.rcmp-grc.gc.ca\" target=\"_blank\" rel=\"noopener noreferrer\">http:\/\/www.rcmp-grc.gc.ca<\/a><\/li>\n<li><strong>Gouvernement du Canada<\/strong> \u2013 <a href=\"http:\/\/www.canada.gc.ca\" target=\"_blank\" rel=\"noopener noreferrer\">http:\/\/www.canada.gc.ca<\/a><\/li>\n<li><strong>Gouverneur g\u00e9n\u00e9ral du Canada <\/strong>\u2013 <a href=\"http:\/\/www.canada.gc.ca\" target=\"_blank\" rel=\"noopener noreferrer\">http:\/\/www.gg.ca<\/a><\/li>\n<li><strong>Industrie Canada<\/strong>\u2013 <a href=\"http:\/\/www.ic.gc.ca\" target=\"_blank\" rel=\"noopener noreferrer\">http:\/\/www.ic.gc.ca<\/a><\/li>\n<li><strong>Infrastructure Canada <\/strong>\u2013 <a href=\"http:\/\/www.infrastructure.gc.ca\" target=\"_blank\" rel=\"noopener noreferrer\">http:\/\/www.infrastructure.gc.ca<\/a><\/li>\n<li><strong>Minist\u00e8re des Affaires \u00e9trang\u00e8res et du Commerce international <\/strong>\u2013 <a href=\"http:\/\/www.international.gc.ca\" target=\"_blank\" rel=\"noopener noreferrer\">http:\/\/www.international.gc.ca<\/a><\/li>\n<li><strong>Minist\u00e8re des finances du Canada<\/strong> \u2013 <a href=\"https:\/\/www.canada.ca\/fr\/ministere-finances.html\" target=\"_blank\" rel=\"noopener noreferrer\">http:\/\/www.fin.gc.ca<\/a><\/li>\n<li><strong>Minist\u00e8re de la D\u00e9fense nationale et Forces canadiennes<\/strong> \u2013 <a href=\"http:\/\/www.forces.gc.ca\" target=\"_blank\" rel=\"noopener noreferrer\">http:\/\/www.forces.gc.ca<\/a><\/li>\n<li><strong>Office national de l&rsquo;\u00e9nergie<\/strong>\u2013 <a href=\"http:\/\/www.neb-one.gc.ca\" target=\"_blank\" rel=\"noopener noreferrer\">http:\/\/www.neb-one.gc.ca<\/a><\/li>\n<li><strong>Parcs Canada<\/strong> \u2013 <a href=\"http:\/\/www.pc.gc.ca\" target=\"_blank\" rel=\"noopener noreferrer\">http:\/\/www.pc.gc.ca<\/a><\/li>\n<li><strong>Parlement du Canada<\/strong> \u2013 <a href=\"http:\/\/www.parl.gc.ca\" target=\"_blank\" rel=\"noopener noreferrer\">http:\/\/www.parl.gc.ca<\/a><\/li>\n<li><strong>Passeport Canada<\/strong> \u2013 <a href=\"https:\/\/www.canada.ca\/fr\/immigration-refugies-citoyennete\/services\/passeports-canadiens.html\">https:\/\/www.canada.ca\/fr\/immigration-refugies-citoyennete\/services\/passeports-canadiens.html<\/a><\/li>\n<li><strong>Patrimoine canadien<\/strong> \u2013 <a href=\"https:\/\/www.canada.ca\/fr\/patrimoine-canadien.html\">https:\/\/www.canada.ca\/fr\/patrimoine-canadien.html<\/a><\/li>\n<li><strong>P\u00eaches et oc\u00e9ans Canada<\/strong> \u2013 <a href=\"http:\/\/www.dfo-mpo.gc.ca\" target=\"_blank\" rel=\"noopener noreferrer\">http:\/\/www.dfo-mpo.gc.ca<\/a><\/li>\n<li><strong>Postes Canada<\/strong> \u2013 <a href=\"http:\/\/www.canadapost.ca\" target=\"_blank\" rel=\"noopener noreferrer\">http:\/\/www.canadapost.ca<\/a><\/li>\n<li><strong>Premier ministre du Canada<\/strong> \u2013 <a href=\"http:\/\/www.pm.gc.ca\" target=\"_blank\" rel=\"noopener noreferrer\">http:\/\/www.pm.gc.ca<\/a><\/li>\n<li><strong>Ressources humaines et D\u00e9veloppement des comp\u00e9tences Canada<\/strong> \u2013\u00a0<a href=\"http:\/\/www.rhdcc.gc.ca\/\" target=\"_blank\" rel=\"noopener noreferrer\">http:\/\/www.rhdcc.gc.ca\/<\/a><\/li>\n<li><strong>Ressources naturelles Canada<\/strong> \u2013 <a href=\"https:\/\/www.rncan.gc.ca\/\">https:\/\/www.rncan.gc.ca\/<\/a><\/li>\n<li><strong>Sant\u00e9 Canada<\/strong> \u2013 <a href=\"http:\/\/www.hc-sc.gc.ca\/\" target=\"_blank\" rel=\"noopener noreferrer\">http:\/\/www.hc-sc.gc.ca<\/a><\/li>\n<li><strong>Secr\u00e9tariat du Conseil du Tr\u00e9sor du Canada<\/strong> \u2014 <a href=\"http:\/\/www.tbs-sct.gc.ca\" target=\"_blank\" rel=\"noopener noreferrer\">http:\/\/www.tbs-sct.gc.ca<\/a><\/li>\n<li><strong>S\u00e9curit\u00e9 publique Canada <\/strong>\u2013 <a href=\"http:\/\/www.psepc-sppcc.gc.ca\" target=\"_blank\" rel=\"noopener noreferrer\">http:\/\/www.psepc-sppcc.gc.ca<\/a><\/li>\n<li><strong>Soci\u00e9t\u00e9 canadienne d&rsquo;hypoth\u00e8ques et de logement<\/strong> \u2013 <a href=\"http:\/\/www.cmhc-schl.gc.ca\" target=\"_blank\" rel=\"noopener noreferrer\">http:\/\/www.cmhc-schl.gc.ca<\/a><\/li>\n<li><strong>Soci\u00e9t\u00e9 du cr\u00e9dit agricole<\/strong> \u2013 <a href=\"http:\/\/www.fcc-fac.ca\" target=\"_blank\" rel=\"noopener noreferrer\">http:\/\/www.fcc-fac.ca<\/a><\/li>\n<li><strong>Statistiques Canada<\/strong> \u2013 <a href=\"http:\/\/www.statcan.ca\" target=\"_blank\" rel=\"noopener noreferrer\">http:\/\/www.statcan.ca<\/a><\/li>\n<li><strong>Transports Canada<\/strong> \u2013 <a href=\"http:\/\/www.tc.gc.ca\" target=\"_blank\" rel=\"noopener noreferrer\">http:\/\/www.tc.gc.ca<\/a><\/li>\n<li><strong>Travaux publics et Services gouvernementaux Canada<\/strong> \u2013 <a href=\"http:\/\/www.tpsgc-pwgsc.gc.ca\" target=\"_blank\" rel=\"noopener noreferrer\">http:\/\/www.tpsgc-pwgsc.gc.ca<\/a><\/li>\n<\/ul>\n","protected":false},"excerpt":{"rendered":"<p>R\u00e9pertoire t\u00e9l\u00e9phonique Les num\u00e9ros ci-dessous repr\u00e9sentent les services et bureaux les plus souvent demand\u00e9s tant des services provinciaux que f\u00e9d\u00e9raux. Vous pouvez trouver plus d\u2019information dans les pages bleues de votre bottin t\u00e9l\u00e9phonique local sous Gouvernement du Canada. Pour des secteurs qui ne sont pas \u00e9num\u00e9r\u00e9s ou pour de l\u2019aide pour trouver un programme ou <a href=\"https:\/\/michaelchong.ca\/fr\/services\/gouvernement-federal\/\" class=\"more-link\">&#8230;<\/a><\/p>\n","protected":false},"author":1,"featured_media":0,"parent":3156,"menu_order":1,"comment_status":"open","ping_status":"closed","template":"","meta":{"_acf_changed":false,"footnotes":"","_links_to":"","_links_to_target":""},"class_list":["post-3726","page","type-page","status-publish","hentry"],"acf":[],"yoast_head":"<!-- This site is optimized with the Yoast SEO plugin v27.0 - https:\/\/yoast.com\/product\/yoast-seo-wordpress\/ -->\n<title>Gouvernement f\u00e9d\u00e9ral - Michael Chong<\/title>\n<meta name=\"robots\" content=\"index, follow, max-snippet:-1, max-image-preview:large, max-video-preview:-1\" \/>\n<link rel=\"canonical\" href=\"https:\/\/michaelchong.ca\/fr\/services\/gouvernement-federal\/\" \/>\n<meta property=\"og:locale\" content=\"fr_CA\" \/>\n<meta property=\"og:type\" content=\"article\" \/>\n<meta property=\"og:title\" content=\"Gouvernement f\u00e9d\u00e9ral - Michael Chong\" \/>\n<meta property=\"og:description\" content=\"R\u00e9pertoire t\u00e9l\u00e9phonique Les num\u00e9ros ci-dessous repr\u00e9sentent les services et bureaux les plus souvent demand\u00e9s tant des services provinciaux que f\u00e9d\u00e9raux. Vous pouvez trouver plus d\u2019information dans les pages bleues de votre bottin t\u00e9l\u00e9phonique local sous Gouvernement du Canada. Pour des secteurs qui ne sont pas \u00e9num\u00e9r\u00e9s ou pour de l\u2019aide pour trouver un programme ou ...\" \/>\n<meta property=\"og:url\" content=\"https:\/\/michaelchong.ca\/fr\/services\/gouvernement-federal\/\" \/>\n<meta property=\"og:site_name\" content=\"Michael Chong\" \/>\n<meta property=\"article:modified_time\" content=\"2022-05-06T13:36:14+00:00\" \/>\n<meta name=\"twitter:card\" content=\"summary_large_image\" \/>\n<meta name=\"twitter:label1\" content=\"Estimation du temps de lecture\" \/>\n\t<meta name=\"twitter:data1\" content=\"3 minutes\" \/>\n<script type=\"application\/ld+json\" class=\"yoast-schema-graph\">{\"@context\":\"https:\/\/schema.org\",\"@graph\":[{\"@type\":\"WebPage\",\"@id\":\"https:\/\/michaelchong.ca\/fr\/services\/gouvernement-federal\/\",\"url\":\"https:\/\/michaelchong.ca\/fr\/services\/gouvernement-federal\/\",\"name\":\"Gouvernement f\u00e9d\u00e9ral - Michael Chong\",\"isPartOf\":{\"@id\":\"https:\/\/michaelchong.ca\/fr\/#website\"},\"datePublished\":\"2011-07-18T16:21:21+00:00\",\"dateModified\":\"2022-05-06T13:36:14+00:00\",\"breadcrumb\":{\"@id\":\"https:\/\/michaelchong.ca\/fr\/services\/gouvernement-federal\/#breadcrumb\"},\"inLanguage\":\"fr-CA\",\"potentialAction\":[{\"@type\":\"ReadAction\",\"target\":[\"https:\/\/michaelchong.ca\/fr\/services\/gouvernement-federal\/\"]}]},{\"@type\":\"BreadcrumbList\",\"@id\":\"https:\/\/michaelchong.ca\/fr\/services\/gouvernement-federal\/#breadcrumb\",\"itemListElement\":[{\"@type\":\"ListItem\",\"position\":1,\"name\":\"Home\",\"item\":\"https:\/\/michaelchong.ca\/fr\/\"},{\"@type\":\"ListItem\",\"position\":2,\"name\":\"Services\",\"item\":\"https:\/\/michaelchong.ca\/fr\/services\/\"},{\"@type\":\"ListItem\",\"position\":3,\"name\":\"Gouvernement f\u00e9d\u00e9ral\"}]},{\"@type\":\"WebSite\",\"@id\":\"https:\/\/michaelchong.ca\/fr\/#website\",\"url\":\"https:\/\/michaelchong.ca\/fr\/\",\"name\":\"Michael Chong\",\"description\":\"D\u00e9put\u00e9 de Wellington-Halton Hills-Nord\",\"publisher\":{\"@id\":\"https:\/\/michaelchong.ca\/fr\/#organization\"},\"potentialAction\":[{\"@type\":\"SearchAction\",\"target\":{\"@type\":\"EntryPoint\",\"urlTemplate\":\"https:\/\/michaelchong.ca\/fr\/?s={search_term_string}\"},\"query-input\":{\"@type\":\"PropertyValueSpecification\",\"valueRequired\":true,\"valueName\":\"search_term_string\"}}],\"inLanguage\":\"fr-CA\"},{\"@type\":\"Organization\",\"@id\":\"https:\/\/michaelchong.ca\/fr\/#organization\",\"name\":\"Michael Chong\",\"url\":\"https:\/\/michaelchong.ca\/fr\/\",\"logo\":{\"@type\":\"ImageObject\",\"inLanguage\":\"fr-CA\",\"@id\":\"https:\/\/michaelchong.ca\/fr\/#\/schema\/logo\/image\/\",\"url\":\"https:\/\/michaelchong.ca\/fr\/wp-content\/uploads\/2025\/05\/michael-chong-logo-2025-white-fr-1.png\",\"contentUrl\":\"https:\/\/michaelchong.ca\/fr\/wp-content\/uploads\/2025\/05\/michael-chong-logo-2025-white-fr-1.png\",\"width\":1142,\"height\":255,\"caption\":\"Michael Chong\"},\"image\":{\"@id\":\"https:\/\/michaelchong.ca\/fr\/#\/schema\/logo\/image\/\"}}]}<\/script>\n<!-- \/ Yoast SEO plugin. -->","yoast_head_json":{"title":"Gouvernement f\u00e9d\u00e9ral - Michael Chong","robots":{"index":"index","follow":"follow","max-snippet":"max-snippet:-1","max-image-preview":"max-image-preview:large","max-video-preview":"max-video-preview:-1"},"canonical":"https:\/\/michaelchong.ca\/fr\/services\/gouvernement-federal\/","og_locale":"fr_CA","og_type":"article","og_title":"Gouvernement f\u00e9d\u00e9ral - Michael Chong","og_description":"R\u00e9pertoire t\u00e9l\u00e9phonique Les num\u00e9ros ci-dessous repr\u00e9sentent les services et bureaux les plus souvent demand\u00e9s tant des services provinciaux que f\u00e9d\u00e9raux. Vous pouvez trouver plus d\u2019information dans les pages bleues de votre bottin t\u00e9l\u00e9phonique local sous Gouvernement du Canada. Pour des secteurs qui ne sont pas \u00e9num\u00e9r\u00e9s ou pour de l\u2019aide pour trouver un programme ou ...","og_url":"https:\/\/michaelchong.ca\/fr\/services\/gouvernement-federal\/","og_site_name":"Michael Chong","article_modified_time":"2022-05-06T13:36:14+00:00","twitter_card":"summary_large_image","twitter_misc":{"Estimation du temps de lecture":"3 minutes"},"schema":{"@context":"https:\/\/schema.org","@graph":[{"@type":"WebPage","@id":"https:\/\/michaelchong.ca\/fr\/services\/gouvernement-federal\/","url":"https:\/\/michaelchong.ca\/fr\/services\/gouvernement-federal\/","name":"Gouvernement f\u00e9d\u00e9ral - Michael Chong","isPartOf":{"@id":"https:\/\/michaelchong.ca\/fr\/#website"},"datePublished":"2011-07-18T16:21:21+00:00","dateModified":"2022-05-06T13:36:14+00:00","breadcrumb":{"@id":"https:\/\/michaelchong.ca\/fr\/services\/gouvernement-federal\/#breadcrumb"},"inLanguage":"fr-CA","potentialAction":[{"@type":"ReadAction","target":["https:\/\/michaelchong.ca\/fr\/services\/gouvernement-federal\/"]}]},{"@type":"BreadcrumbList","@id":"https:\/\/michaelchong.ca\/fr\/services\/gouvernement-federal\/#breadcrumb","itemListElement":[{"@type":"ListItem","position":1,"name":"Home","item":"https:\/\/michaelchong.ca\/fr\/"},{"@type":"ListItem","position":2,"name":"Services","item":"https:\/\/michaelchong.ca\/fr\/services\/"},{"@type":"ListItem","position":3,"name":"Gouvernement f\u00e9d\u00e9ral"}]},{"@type":"WebSite","@id":"https:\/\/michaelchong.ca\/fr\/#website","url":"https:\/\/michaelchong.ca\/fr\/","name":"Michael Chong","description":"D\u00e9put\u00e9 de Wellington-Halton Hills-Nord","publisher":{"@id":"https:\/\/michaelchong.ca\/fr\/#organization"},"potentialAction":[{"@type":"SearchAction","target":{"@type":"EntryPoint","urlTemplate":"https:\/\/michaelchong.ca\/fr\/?s={search_term_string}"},"query-input":{"@type":"PropertyValueSpecification","valueRequired":true,"valueName":"search_term_string"}}],"inLanguage":"fr-CA"},{"@type":"Organization","@id":"https:\/\/michaelchong.ca\/fr\/#organization","name":"Michael Chong","url":"https:\/\/michaelchong.ca\/fr\/","logo":{"@type":"ImageObject","inLanguage":"fr-CA","@id":"https:\/\/michaelchong.ca\/fr\/#\/schema\/logo\/image\/","url":"https:\/\/michaelchong.ca\/fr\/wp-content\/uploads\/2025\/05\/michael-chong-logo-2025-white-fr-1.png","contentUrl":"https:\/\/michaelchong.ca\/fr\/wp-content\/uploads\/2025\/05\/michael-chong-logo-2025-white-fr-1.png","width":1142,"height":255,"caption":"Michael Chong"},"image":{"@id":"https:\/\/michaelchong.ca\/fr\/#\/schema\/logo\/image\/"}}]}},"_links":{"self":[{"href":"https:\/\/michaelchong.ca\/fr\/wp-json\/wp\/v2\/pages\/3726","targetHints":{"allow":["GET"]}}],"collection":[{"href":"https:\/\/michaelchong.ca\/fr\/wp-json\/wp\/v2\/pages"}],"about":[{"href":"https:\/\/michaelchong.ca\/fr\/wp-json\/wp\/v2\/types\/page"}],"author":[{"embeddable":true,"href":"https:\/\/michaelchong.ca\/fr\/wp-json\/wp\/v2\/users\/1"}],"replies":[{"embeddable":true,"href":"https:\/\/michaelchong.ca\/fr\/wp-json\/wp\/v2\/comments?post=3726"}],"version-history":[{"count":4,"href":"https:\/\/michaelchong.ca\/fr\/wp-json\/wp\/v2\/pages\/3726\/revisions"}],"predecessor-version":[{"id":3899,"href":"https:\/\/michaelchong.ca\/fr\/wp-json\/wp\/v2\/pages\/3726\/revisions\/3899"}],"up":[{"embeddable":true,"href":"https:\/\/michaelchong.ca\/fr\/wp-json\/wp\/v2\/pages\/3156"}],"wp:attachment":[{"href":"https:\/\/michaelchong.ca\/fr\/wp-json\/wp\/v2\/media?parent=3726"}],"curies":[{"name":"wp","href":"https:\/\/api.w.org\/{rel}","templated":true}]}}