{"id":3912,"date":"2022-05-19T12:40:24","date_gmt":"2022-05-19T16:40:24","guid":{"rendered":"https:\/\/michaelchong.ca\/fr\/?page_id=3912"},"modified":"2022-05-19T12:40:24","modified_gmt":"2022-05-19T16:40:24","slug":"readout-armenia","status":"publish","type":"page","link":"https:\/\/michaelchong.ca\/fr\/readout-armenia\/","title":{"rendered":"Compte rendu : Le ministre du Cabinet fant\u00f4me conservateur responsable des Affaires \u00e9trang\u00e8res, l\u2019honorable Michael Chong, rencontre l\u2019ambassadrice de la R\u00e9publique d\u2019Arm\u00e9nie au Canada, Son Excellence Anahit Harutyunyan"},"content":{"rendered":"<p>19 mai 2022<\/p>\n<p>POUR DIFFUSION IMM\u00c9DIATE<\/p>\n<p><strong>Ottawa (Ontario)<\/strong> \u2013 Le mercredi 11 mai dernier, l\u2019honorable Michael Chong, ministre conservateur fant\u00f4me des Affaires \u00e9trang\u00e8res, a rencontr\u00e9 S.E. Anahit Harutyunyan, ambassadrice de la R\u00e9publique d\u2019Arm\u00e9nie au Canada, pour discuter des relations entre le Canada et l\u2019Arm\u00e9nie.<\/p>\n<p>Le d\u00e9put\u00e9 Chong a soulign\u00e9 plusieurs points avec l\u2019ambassadrice notamment :<\/p>\n<ul>\n<li>La croyance des conservateurs en l\u2019expansion du commerce avec l\u2019Arm\u00e9nie.<\/li>\n<li>La conviction des conservateurs que les exportations d\u2019armes canadiennes doivent \u00eatre utilis\u00e9es de mani\u00e8re appropri\u00e9e et conform\u00e9ment \u00e0 la loi canadienne ainsi qu\u2019aux principes du trait\u00e9 de l\u2019OTAN.<\/li>\n<li>La conviction des conservateurs que le Canada, cinqui\u00e8me producteur mondial de gaz naturel, peut \u00eatre un fournisseur cl\u00e9 d\u2019\u00e9nergie dans le monde et qu\u2019il a la capacit\u00e9 de remplacer le gaz russe.<\/li>\n<\/ul>\n<p>Son Excellence Anahit Harutyunyan et le d\u00e9put\u00e9 Chong ont partag\u00e9 leurs pr\u00e9occupations concernant la guerre entre l\u2019Ukraine et la Russie et ses implications pour les d\u00e9mocraties, comme l\u2019Arm\u00e9nie. Ils ont discut\u00e9 de la pr\u00e9sence diplomatique du Canada en Arm\u00e9nie. L\u2019ambassadrice a \u00e9galement soulign\u00e9 le d\u00e9sir de l\u2019Arm\u00e9nie d\u2019\u00e9largir ses relations diplomatiques dans la r\u00e9gion et de normaliser ses relations avec la Turquie. Ils ont convenu de poursuivre le dialogue sur les relations entre le Canada et l\u2019Arm\u00e9nie.<\/p>\n<p style=\"text-align: center;\">-30-<\/p>\n","protected":false},"excerpt":{"rendered":"<p>19 mai 2022 POUR DIFFUSION IMM\u00c9DIATE Ottawa (Ontario) \u2013 Le mercredi 11 mai dernier, l\u2019honorable Michael Chong, ministre conservateur fant\u00f4me des Affaires \u00e9trang\u00e8res, a rencontr\u00e9 S.E. Anahit Harutyunyan, ambassadrice de la R\u00e9publique d\u2019Arm\u00e9nie au Canada, pour discuter des relations entre le Canada et l\u2019Arm\u00e9nie. Le d\u00e9put\u00e9 Chong a soulign\u00e9 plusieurs points avec l\u2019ambassadrice notamment : <a href=\"https:\/\/michaelchong.ca\/fr\/readout-armenia\/\" class=\"more-link\">&#8230;<\/a><\/p>\n","protected":false},"author":2,"featured_media":0,"parent":0,"menu_order":0,"comment_status":"closed","ping_status":"closed","template":"","meta":{"_acf_changed":false,"footnotes":"","_links_to":"","_links_to_target":""},"class_list":["post-3912","page","type-page","status-publish","hentry"],"acf":[],"yoast_head":"<!-- This site is optimized with the Yoast SEO plugin v27.0 - https:\/\/yoast.com\/product\/yoast-seo-wordpress\/ -->\n<title>Compte rendu : Le ministre du Cabinet fant\u00f4me conservateur responsable des Affaires \u00e9trang\u00e8res, l\u2019honorable Michael Chong, rencontre l\u2019ambassadrice de la R\u00e9publique d\u2019Arm\u00e9nie au Canada, Son Excellence Anahit Harutyunyan - Michael Chong<\/title>\n<meta name=\"robots\" content=\"index, follow, max-snippet:-1, max-image-preview:large, max-video-preview:-1\" \/>\n<link rel=\"canonical\" href=\"https:\/\/michaelchong.ca\/fr\/readout-armenia\/\" \/>\n<meta property=\"og:locale\" content=\"fr_CA\" \/>\n<meta property=\"og:type\" content=\"article\" \/>\n<meta property=\"og:title\" content=\"Compte rendu : Le ministre du Cabinet fant\u00f4me conservateur responsable des Affaires \u00e9trang\u00e8res, l\u2019honorable Michael Chong, rencontre l\u2019ambassadrice de la R\u00e9publique d\u2019Arm\u00e9nie au Canada, Son Excellence Anahit Harutyunyan - Michael Chong\" \/>\n<meta property=\"og:description\" content=\"19 mai 2022 POUR DIFFUSION IMM\u00c9DIATE Ottawa (Ontario) \u2013 Le mercredi 11 mai dernier, l\u2019honorable Michael Chong, ministre conservateur fant\u00f4me des Affaires \u00e9trang\u00e8res, a rencontr\u00e9 S.E. Anahit Harutyunyan, ambassadrice de la R\u00e9publique d\u2019Arm\u00e9nie au Canada, pour discuter des relations entre le Canada et l\u2019Arm\u00e9nie. Le d\u00e9put\u00e9 Chong a soulign\u00e9 plusieurs points avec l\u2019ambassadrice notamment : ...\" \/>\n<meta property=\"og:url\" content=\"https:\/\/michaelchong.ca\/fr\/readout-armenia\/\" \/>\n<meta property=\"og:site_name\" content=\"Michael Chong\" \/>\n<meta name=\"twitter:card\" content=\"summary_large_image\" \/>\n<meta name=\"twitter:label1\" content=\"Estimation du temps de lecture\" \/>\n\t<meta name=\"twitter:data1\" content=\"1 minute\" \/>\n<script type=\"application\/ld+json\" class=\"yoast-schema-graph\">{\"@context\":\"https:\/\/schema.org\",\"@graph\":[{\"@type\":\"WebPage\",\"@id\":\"https:\/\/michaelchong.ca\/fr\/readout-armenia\/\",\"url\":\"https:\/\/michaelchong.ca\/fr\/readout-armenia\/\",\"name\":\"Compte rendu : Le ministre du Cabinet fant\u00f4me conservateur responsable des Affaires \u00e9trang\u00e8res, l\u2019honorable Michael Chong, rencontre l\u2019ambassadrice de la R\u00e9publique d\u2019Arm\u00e9nie au Canada, Son Excellence Anahit Harutyunyan - Michael Chong\",\"isPartOf\":{\"@id\":\"https:\/\/michaelchong.ca\/fr\/#website\"},\"datePublished\":\"2022-05-19T16:40:24+00:00\",\"breadcrumb\":{\"@id\":\"https:\/\/michaelchong.ca\/fr\/readout-armenia\/#breadcrumb\"},\"inLanguage\":\"fr-CA\",\"potentialAction\":[{\"@type\":\"ReadAction\",\"target\":[\"https:\/\/michaelchong.ca\/fr\/readout-armenia\/\"]}]},{\"@type\":\"BreadcrumbList\",\"@id\":\"https:\/\/michaelchong.ca\/fr\/readout-armenia\/#breadcrumb\",\"itemListElement\":[{\"@type\":\"ListItem\",\"position\":1,\"name\":\"Home\",\"item\":\"https:\/\/michaelchong.ca\/fr\/\"},{\"@type\":\"ListItem\",\"position\":2,\"name\":\"Compte rendu : Le ministre du Cabinet fant\u00f4me conservateur responsable des Affaires \u00e9trang\u00e8res, l\u2019honorable Michael Chong, rencontre l\u2019ambassadrice de la R\u00e9publique d\u2019Arm\u00e9nie au Canada, Son Excellence Anahit Harutyunyan\"}]},{\"@type\":\"WebSite\",\"@id\":\"https:\/\/michaelchong.ca\/fr\/#website\",\"url\":\"https:\/\/michaelchong.ca\/fr\/\",\"name\":\"Michael Chong\",\"description\":\"D\u00e9put\u00e9 de Wellington-Halton Hills-Nord\",\"publisher\":{\"@id\":\"https:\/\/michaelchong.ca\/fr\/#organization\"},\"potentialAction\":[{\"@type\":\"SearchAction\",\"target\":{\"@type\":\"EntryPoint\",\"urlTemplate\":\"https:\/\/michaelchong.ca\/fr\/?s={search_term_string}\"},\"query-input\":{\"@type\":\"PropertyValueSpecification\",\"valueRequired\":true,\"valueName\":\"search_term_string\"}}],\"inLanguage\":\"fr-CA\"},{\"@type\":\"Organization\",\"@id\":\"https:\/\/michaelchong.ca\/fr\/#organization\",\"name\":\"Michael Chong\",\"url\":\"https:\/\/michaelchong.ca\/fr\/\",\"logo\":{\"@type\":\"ImageObject\",\"inLanguage\":\"fr-CA\",\"@id\":\"https:\/\/michaelchong.ca\/fr\/#\/schema\/logo\/image\/\",\"url\":\"https:\/\/michaelchong.ca\/fr\/wp-content\/uploads\/2025\/05\/michael-chong-logo-2025-white-fr-1.png\",\"contentUrl\":\"https:\/\/michaelchong.ca\/fr\/wp-content\/uploads\/2025\/05\/michael-chong-logo-2025-white-fr-1.png\",\"width\":1142,\"height\":255,\"caption\":\"Michael Chong\"},\"image\":{\"@id\":\"https:\/\/michaelchong.ca\/fr\/#\/schema\/logo\/image\/\"}}]}<\/script>\n<!-- \/ Yoast SEO plugin. -->","yoast_head_json":{"title":"Compte rendu : Le ministre du Cabinet fant\u00f4me conservateur responsable des Affaires \u00e9trang\u00e8res, l\u2019honorable Michael Chong, rencontre l\u2019ambassadrice de la R\u00e9publique d\u2019Arm\u00e9nie au Canada, Son Excellence Anahit Harutyunyan - Michael Chong","robots":{"index":"index","follow":"follow","max-snippet":"max-snippet:-1","max-image-preview":"max-image-preview:large","max-video-preview":"max-video-preview:-1"},"canonical":"https:\/\/michaelchong.ca\/fr\/readout-armenia\/","og_locale":"fr_CA","og_type":"article","og_title":"Compte rendu : Le ministre du Cabinet fant\u00f4me conservateur responsable des Affaires \u00e9trang\u00e8res, l\u2019honorable Michael Chong, rencontre l\u2019ambassadrice de la R\u00e9publique d\u2019Arm\u00e9nie au Canada, Son Excellence Anahit Harutyunyan - Michael Chong","og_description":"19 mai 2022 POUR DIFFUSION IMM\u00c9DIATE Ottawa (Ontario) \u2013 Le mercredi 11 mai dernier, l\u2019honorable Michael Chong, ministre conservateur fant\u00f4me des Affaires \u00e9trang\u00e8res, a rencontr\u00e9 S.E. Anahit Harutyunyan, ambassadrice de la R\u00e9publique d\u2019Arm\u00e9nie au Canada, pour discuter des relations entre le Canada et l\u2019Arm\u00e9nie. Le d\u00e9put\u00e9 Chong a soulign\u00e9 plusieurs points avec l\u2019ambassadrice notamment : ...","og_url":"https:\/\/michaelchong.ca\/fr\/readout-armenia\/","og_site_name":"Michael Chong","twitter_card":"summary_large_image","twitter_misc":{"Estimation du temps de lecture":"1 minute"},"schema":{"@context":"https:\/\/schema.org","@graph":[{"@type":"WebPage","@id":"https:\/\/michaelchong.ca\/fr\/readout-armenia\/","url":"https:\/\/michaelchong.ca\/fr\/readout-armenia\/","name":"Compte rendu : Le ministre du Cabinet fant\u00f4me conservateur responsable des Affaires \u00e9trang\u00e8res, l\u2019honorable Michael Chong, rencontre l\u2019ambassadrice de la R\u00e9publique d\u2019Arm\u00e9nie au Canada, Son Excellence Anahit Harutyunyan - Michael Chong","isPartOf":{"@id":"https:\/\/michaelchong.ca\/fr\/#website"},"datePublished":"2022-05-19T16:40:24+00:00","breadcrumb":{"@id":"https:\/\/michaelchong.ca\/fr\/readout-armenia\/#breadcrumb"},"inLanguage":"fr-CA","potentialAction":[{"@type":"ReadAction","target":["https:\/\/michaelchong.ca\/fr\/readout-armenia\/"]}]},{"@type":"BreadcrumbList","@id":"https:\/\/michaelchong.ca\/fr\/readout-armenia\/#breadcrumb","itemListElement":[{"@type":"ListItem","position":1,"name":"Home","item":"https:\/\/michaelchong.ca\/fr\/"},{"@type":"ListItem","position":2,"name":"Compte rendu : Le ministre du Cabinet fant\u00f4me conservateur responsable des Affaires \u00e9trang\u00e8res, l\u2019honorable Michael Chong, rencontre l\u2019ambassadrice de la R\u00e9publique d\u2019Arm\u00e9nie au Canada, Son Excellence Anahit Harutyunyan"}]},{"@type":"WebSite","@id":"https:\/\/michaelchong.ca\/fr\/#website","url":"https:\/\/michaelchong.ca\/fr\/","name":"Michael Chong","description":"D\u00e9put\u00e9 de Wellington-Halton Hills-Nord","publisher":{"@id":"https:\/\/michaelchong.ca\/fr\/#organization"},"potentialAction":[{"@type":"SearchAction","target":{"@type":"EntryPoint","urlTemplate":"https:\/\/michaelchong.ca\/fr\/?s={search_term_string}"},"query-input":{"@type":"PropertyValueSpecification","valueRequired":true,"valueName":"search_term_string"}}],"inLanguage":"fr-CA"},{"@type":"Organization","@id":"https:\/\/michaelchong.ca\/fr\/#organization","name":"Michael Chong","url":"https:\/\/michaelchong.ca\/fr\/","logo":{"@type":"ImageObject","inLanguage":"fr-CA","@id":"https:\/\/michaelchong.ca\/fr\/#\/schema\/logo\/image\/","url":"https:\/\/michaelchong.ca\/fr\/wp-content\/uploads\/2025\/05\/michael-chong-logo-2025-white-fr-1.png","contentUrl":"https:\/\/michaelchong.ca\/fr\/wp-content\/uploads\/2025\/05\/michael-chong-logo-2025-white-fr-1.png","width":1142,"height":255,"caption":"Michael Chong"},"image":{"@id":"https:\/\/michaelchong.ca\/fr\/#\/schema\/logo\/image\/"}}]}},"_links":{"self":[{"href":"https:\/\/michaelchong.ca\/fr\/wp-json\/wp\/v2\/pages\/3912","targetHints":{"allow":["GET"]}}],"collection":[{"href":"https:\/\/michaelchong.ca\/fr\/wp-json\/wp\/v2\/pages"}],"about":[{"href":"https:\/\/michaelchong.ca\/fr\/wp-json\/wp\/v2\/types\/page"}],"author":[{"embeddable":true,"href":"https:\/\/michaelchong.ca\/fr\/wp-json\/wp\/v2\/users\/2"}],"replies":[{"embeddable":true,"href":"https:\/\/michaelchong.ca\/fr\/wp-json\/wp\/v2\/comments?post=3912"}],"version-history":[{"count":3,"href":"https:\/\/michaelchong.ca\/fr\/wp-json\/wp\/v2\/pages\/3912\/revisions"}],"predecessor-version":[{"id":3915,"href":"https:\/\/michaelchong.ca\/fr\/wp-json\/wp\/v2\/pages\/3912\/revisions\/3915"}],"wp:attachment":[{"href":"https:\/\/michaelchong.ca\/fr\/wp-json\/wp\/v2\/media?parent=3912"}],"curies":[{"name":"wp","href":"https:\/\/api.w.org\/{rel}","templated":true}]}}