{"id":3969,"date":"2022-11-08T21:41:26","date_gmt":"2022-11-09T02:41:26","guid":{"rendered":"https:\/\/michaelchong.ca\/fr\/?page_id=3969"},"modified":"2022-11-08T21:59:36","modified_gmt":"2022-11-09T02:59:36","slug":"compte-rendu-lambassadrice-de-lukraine-yuliya-kovaliv","status":"publish","type":"page","link":"https:\/\/michaelchong.ca\/fr\/compte-rendu-lambassadrice-de-lukraine-yuliya-kovaliv\/","title":{"rendered":"Compte-rendu : L\u2019honorable Michael Chong, ministre du Cabinet fant\u00f4me conservateur responsable des Affaires \u00e9trang\u00e8res, rencontre l\u2019ambassadrice de l\u2019Ukraine, Yuliya Kovaliv"},"content":{"rendered":"<p>POUR DIFFUSION IMM\u00c9DIATE<\/p>\n<p>Ottawa (Ontario) \u2013 Le 25 octobre 2022, l\u2019honorable Michael Chong, ministre du Cabinet fant\u00f4me conservateur responsable des Affaires \u00e9trang\u00e8res, a rencontr\u00e9 Yuliya Kovaliv, ambassadrice d\u2019Ukraine, pour discuter des relations entre le Canada et l\u2019Ukraine.<\/p>\n<p>Le d\u00e9put\u00e9 Chong a soulev\u00e9 plusieurs points avec l\u2019ambassadrice, tels que :<\/p>\n<ul>\n<li>La conviction des conservateurs que le Canada devrait remplacer le gaz naturel russe en Europe en augmentant les exportations de GNL, coupant ainsi une source de financement pour l\u2019arm\u00e9e de Poutine.<\/li>\n<\/ul>\n<p>L\u2019ambassadrice Yuliya Kovaliv et le d\u00e9put\u00e9 Chong ont discut\u00e9 de la guerre en Ukraine et de l\u2019effet des sanctions sur la Russie. Ils ont \u00e9galement discut\u00e9 des moyens par lesquels le Canada peut maintenir son soutien \u00e0 l\u2019Ukraine. Ils ont convenu de poursuivre le dialogue sur les relations entre le Canada et l\u2019Ukraine.<\/p>\n<p style=\"text-align: center;\">-30-<\/p>\n","protected":false},"excerpt":{"rendered":"<p>POUR DIFFUSION IMM\u00c9DIATE Ottawa (Ontario) \u2013 Le 25 octobre 2022, l\u2019honorable Michael Chong, ministre du Cabinet fant\u00f4me conservateur responsable des Affaires \u00e9trang\u00e8res, a rencontr\u00e9 Yuliya Kovaliv, ambassadrice d\u2019Ukraine, pour discuter des relations entre le Canada et l\u2019Ukraine. Le d\u00e9put\u00e9 Chong a soulev\u00e9 plusieurs points avec l\u2019ambassadrice, tels que : La conviction des conservateurs que le <a href=\"https:\/\/michaelchong.ca\/fr\/compte-rendu-lambassadrice-de-lukraine-yuliya-kovaliv\/\" class=\"more-link\">&#8230;<\/a><\/p>\n","protected":false},"author":2,"featured_media":0,"parent":0,"menu_order":0,"comment_status":"closed","ping_status":"closed","template":"","meta":{"_acf_changed":false,"footnotes":"","_links_to":"","_links_to_target":""},"class_list":["post-3969","page","type-page","status-publish","hentry"],"acf":[],"yoast_head":"<!-- This site is optimized with the Yoast SEO plugin v27.0 - https:\/\/yoast.com\/product\/yoast-seo-wordpress\/ -->\n<title>Compte-rendu : L\u2019honorable Michael Chong, ministre du Cabinet fant\u00f4me conservateur responsable des Affaires \u00e9trang\u00e8res, rencontre l\u2019ambassadrice de l\u2019Ukraine, Yuliya Kovaliv - Michael Chong<\/title>\n<meta name=\"robots\" content=\"index, follow, max-snippet:-1, max-image-preview:large, max-video-preview:-1\" \/>\n<link rel=\"canonical\" href=\"https:\/\/michaelchong.ca\/fr\/compte-rendu-lambassadrice-de-lukraine-yuliya-kovaliv\/\" \/>\n<meta property=\"og:locale\" content=\"fr_CA\" \/>\n<meta property=\"og:type\" content=\"article\" \/>\n<meta property=\"og:title\" content=\"Compte-rendu : L\u2019honorable Michael Chong, ministre du Cabinet fant\u00f4me conservateur responsable des Affaires \u00e9trang\u00e8res, rencontre l\u2019ambassadrice de l\u2019Ukraine, Yuliya Kovaliv - Michael Chong\" \/>\n<meta property=\"og:description\" content=\"POUR DIFFUSION IMM\u00c9DIATE Ottawa (Ontario) \u2013 Le 25 octobre 2022, l\u2019honorable Michael Chong, ministre du Cabinet fant\u00f4me conservateur responsable des Affaires \u00e9trang\u00e8res, a rencontr\u00e9 Yuliya Kovaliv, ambassadrice d\u2019Ukraine, pour discuter des relations entre le Canada et l\u2019Ukraine. Le d\u00e9put\u00e9 Chong a soulev\u00e9 plusieurs points avec l\u2019ambassadrice, tels que : La conviction des conservateurs que le ...\" \/>\n<meta property=\"og:url\" content=\"https:\/\/michaelchong.ca\/fr\/compte-rendu-lambassadrice-de-lukraine-yuliya-kovaliv\/\" \/>\n<meta property=\"og:site_name\" content=\"Michael Chong\" \/>\n<meta property=\"article:modified_time\" content=\"2022-11-09T02:59:36+00:00\" \/>\n<meta name=\"twitter:card\" content=\"summary_large_image\" \/>\n<meta name=\"twitter:label1\" content=\"Estimation du temps de lecture\" \/>\n\t<meta name=\"twitter:data1\" content=\"1 minute\" \/>\n<script type=\"application\/ld+json\" class=\"yoast-schema-graph\">{\"@context\":\"https:\/\/schema.org\",\"@graph\":[{\"@type\":\"WebPage\",\"@id\":\"https:\/\/michaelchong.ca\/fr\/compte-rendu-lambassadrice-de-lukraine-yuliya-kovaliv\/\",\"url\":\"https:\/\/michaelchong.ca\/fr\/compte-rendu-lambassadrice-de-lukraine-yuliya-kovaliv\/\",\"name\":\"Compte-rendu : L\u2019honorable Michael Chong, ministre du Cabinet fant\u00f4me conservateur responsable des Affaires \u00e9trang\u00e8res, rencontre l\u2019ambassadrice de l\u2019Ukraine, Yuliya Kovaliv - Michael Chong\",\"isPartOf\":{\"@id\":\"https:\/\/michaelchong.ca\/fr\/#website\"},\"datePublished\":\"2022-11-09T02:41:26+00:00\",\"dateModified\":\"2022-11-09T02:59:36+00:00\",\"breadcrumb\":{\"@id\":\"https:\/\/michaelchong.ca\/fr\/compte-rendu-lambassadrice-de-lukraine-yuliya-kovaliv\/#breadcrumb\"},\"inLanguage\":\"fr-CA\",\"potentialAction\":[{\"@type\":\"ReadAction\",\"target\":[\"https:\/\/michaelchong.ca\/fr\/compte-rendu-lambassadrice-de-lukraine-yuliya-kovaliv\/\"]}]},{\"@type\":\"BreadcrumbList\",\"@id\":\"https:\/\/michaelchong.ca\/fr\/compte-rendu-lambassadrice-de-lukraine-yuliya-kovaliv\/#breadcrumb\",\"itemListElement\":[{\"@type\":\"ListItem\",\"position\":1,\"name\":\"Home\",\"item\":\"https:\/\/michaelchong.ca\/fr\/\"},{\"@type\":\"ListItem\",\"position\":2,\"name\":\"Compte-rendu : L\u2019honorable Michael Chong, ministre du Cabinet fant\u00f4me conservateur responsable des Affaires \u00e9trang\u00e8res, rencontre l\u2019ambassadrice de l\u2019Ukraine, Yuliya Kovaliv\"}]},{\"@type\":\"WebSite\",\"@id\":\"https:\/\/michaelchong.ca\/fr\/#website\",\"url\":\"https:\/\/michaelchong.ca\/fr\/\",\"name\":\"Michael Chong\",\"description\":\"D\u00e9put\u00e9 de Wellington-Halton Hills-Nord\",\"publisher\":{\"@id\":\"https:\/\/michaelchong.ca\/fr\/#organization\"},\"potentialAction\":[{\"@type\":\"SearchAction\",\"target\":{\"@type\":\"EntryPoint\",\"urlTemplate\":\"https:\/\/michaelchong.ca\/fr\/?s={search_term_string}\"},\"query-input\":{\"@type\":\"PropertyValueSpecification\",\"valueRequired\":true,\"valueName\":\"search_term_string\"}}],\"inLanguage\":\"fr-CA\"},{\"@type\":\"Organization\",\"@id\":\"https:\/\/michaelchong.ca\/fr\/#organization\",\"name\":\"Michael Chong\",\"url\":\"https:\/\/michaelchong.ca\/fr\/\",\"logo\":{\"@type\":\"ImageObject\",\"inLanguage\":\"fr-CA\",\"@id\":\"https:\/\/michaelchong.ca\/fr\/#\/schema\/logo\/image\/\",\"url\":\"https:\/\/michaelchong.ca\/fr\/wp-content\/uploads\/2025\/05\/michael-chong-logo-2025-white-fr-1.png\",\"contentUrl\":\"https:\/\/michaelchong.ca\/fr\/wp-content\/uploads\/2025\/05\/michael-chong-logo-2025-white-fr-1.png\",\"width\":1142,\"height\":255,\"caption\":\"Michael Chong\"},\"image\":{\"@id\":\"https:\/\/michaelchong.ca\/fr\/#\/schema\/logo\/image\/\"}}]}<\/script>\n<!-- \/ Yoast SEO plugin. -->","yoast_head_json":{"title":"Compte-rendu : L\u2019honorable Michael Chong, ministre du Cabinet fant\u00f4me conservateur responsable des Affaires \u00e9trang\u00e8res, rencontre l\u2019ambassadrice de l\u2019Ukraine, Yuliya Kovaliv - Michael Chong","robots":{"index":"index","follow":"follow","max-snippet":"max-snippet:-1","max-image-preview":"max-image-preview:large","max-video-preview":"max-video-preview:-1"},"canonical":"https:\/\/michaelchong.ca\/fr\/compte-rendu-lambassadrice-de-lukraine-yuliya-kovaliv\/","og_locale":"fr_CA","og_type":"article","og_title":"Compte-rendu : L\u2019honorable Michael Chong, ministre du Cabinet fant\u00f4me conservateur responsable des Affaires \u00e9trang\u00e8res, rencontre l\u2019ambassadrice de l\u2019Ukraine, Yuliya Kovaliv - Michael Chong","og_description":"POUR DIFFUSION IMM\u00c9DIATE Ottawa (Ontario) \u2013 Le 25 octobre 2022, l\u2019honorable Michael Chong, ministre du Cabinet fant\u00f4me conservateur responsable des Affaires \u00e9trang\u00e8res, a rencontr\u00e9 Yuliya Kovaliv, ambassadrice d\u2019Ukraine, pour discuter des relations entre le Canada et l\u2019Ukraine. Le d\u00e9put\u00e9 Chong a soulev\u00e9 plusieurs points avec l\u2019ambassadrice, tels que : La conviction des conservateurs que le ...","og_url":"https:\/\/michaelchong.ca\/fr\/compte-rendu-lambassadrice-de-lukraine-yuliya-kovaliv\/","og_site_name":"Michael Chong","article_modified_time":"2022-11-09T02:59:36+00:00","twitter_card":"summary_large_image","twitter_misc":{"Estimation du temps de lecture":"1 minute"},"schema":{"@context":"https:\/\/schema.org","@graph":[{"@type":"WebPage","@id":"https:\/\/michaelchong.ca\/fr\/compte-rendu-lambassadrice-de-lukraine-yuliya-kovaliv\/","url":"https:\/\/michaelchong.ca\/fr\/compte-rendu-lambassadrice-de-lukraine-yuliya-kovaliv\/","name":"Compte-rendu : L\u2019honorable Michael Chong, ministre du Cabinet fant\u00f4me conservateur responsable des Affaires \u00e9trang\u00e8res, rencontre l\u2019ambassadrice de l\u2019Ukraine, Yuliya Kovaliv - Michael Chong","isPartOf":{"@id":"https:\/\/michaelchong.ca\/fr\/#website"},"datePublished":"2022-11-09T02:41:26+00:00","dateModified":"2022-11-09T02:59:36+00:00","breadcrumb":{"@id":"https:\/\/michaelchong.ca\/fr\/compte-rendu-lambassadrice-de-lukraine-yuliya-kovaliv\/#breadcrumb"},"inLanguage":"fr-CA","potentialAction":[{"@type":"ReadAction","target":["https:\/\/michaelchong.ca\/fr\/compte-rendu-lambassadrice-de-lukraine-yuliya-kovaliv\/"]}]},{"@type":"BreadcrumbList","@id":"https:\/\/michaelchong.ca\/fr\/compte-rendu-lambassadrice-de-lukraine-yuliya-kovaliv\/#breadcrumb","itemListElement":[{"@type":"ListItem","position":1,"name":"Home","item":"https:\/\/michaelchong.ca\/fr\/"},{"@type":"ListItem","position":2,"name":"Compte-rendu : L\u2019honorable Michael Chong, ministre du Cabinet fant\u00f4me conservateur responsable des Affaires \u00e9trang\u00e8res, rencontre l\u2019ambassadrice de l\u2019Ukraine, Yuliya Kovaliv"}]},{"@type":"WebSite","@id":"https:\/\/michaelchong.ca\/fr\/#website","url":"https:\/\/michaelchong.ca\/fr\/","name":"Michael Chong","description":"D\u00e9put\u00e9 de Wellington-Halton Hills-Nord","publisher":{"@id":"https:\/\/michaelchong.ca\/fr\/#organization"},"potentialAction":[{"@type":"SearchAction","target":{"@type":"EntryPoint","urlTemplate":"https:\/\/michaelchong.ca\/fr\/?s={search_term_string}"},"query-input":{"@type":"PropertyValueSpecification","valueRequired":true,"valueName":"search_term_string"}}],"inLanguage":"fr-CA"},{"@type":"Organization","@id":"https:\/\/michaelchong.ca\/fr\/#organization","name":"Michael Chong","url":"https:\/\/michaelchong.ca\/fr\/","logo":{"@type":"ImageObject","inLanguage":"fr-CA","@id":"https:\/\/michaelchong.ca\/fr\/#\/schema\/logo\/image\/","url":"https:\/\/michaelchong.ca\/fr\/wp-content\/uploads\/2025\/05\/michael-chong-logo-2025-white-fr-1.png","contentUrl":"https:\/\/michaelchong.ca\/fr\/wp-content\/uploads\/2025\/05\/michael-chong-logo-2025-white-fr-1.png","width":1142,"height":255,"caption":"Michael Chong"},"image":{"@id":"https:\/\/michaelchong.ca\/fr\/#\/schema\/logo\/image\/"}}]}},"_links":{"self":[{"href":"https:\/\/michaelchong.ca\/fr\/wp-json\/wp\/v2\/pages\/3969","targetHints":{"allow":["GET"]}}],"collection":[{"href":"https:\/\/michaelchong.ca\/fr\/wp-json\/wp\/v2\/pages"}],"about":[{"href":"https:\/\/michaelchong.ca\/fr\/wp-json\/wp\/v2\/types\/page"}],"author":[{"embeddable":true,"href":"https:\/\/michaelchong.ca\/fr\/wp-json\/wp\/v2\/users\/2"}],"replies":[{"embeddable":true,"href":"https:\/\/michaelchong.ca\/fr\/wp-json\/wp\/v2\/comments?post=3969"}],"version-history":[{"count":4,"href":"https:\/\/michaelchong.ca\/fr\/wp-json\/wp\/v2\/pages\/3969\/revisions"}],"predecessor-version":[{"id":3973,"href":"https:\/\/michaelchong.ca\/fr\/wp-json\/wp\/v2\/pages\/3969\/revisions\/3973"}],"wp:attachment":[{"href":"https:\/\/michaelchong.ca\/fr\/wp-json\/wp\/v2\/media?parent=3969"}],"curies":[{"name":"wp","href":"https:\/\/api.w.org\/{rel}","templated":true}]}}