{"id":40,"date":"2010-06-23T19:29:11","date_gmt":"2010-06-23T19:29:11","guid":{"rendered":"http:\/\/bevoda.ca\/"},"modified":"2025-05-08T16:35:38","modified_gmt":"2025-05-08T20:35:38","slug":"wellington-halton-hills","status":"publish","type":"page","link":"https:\/\/michaelchong.ca\/fr\/wellington-halton-hills\/","title":{"rendered":"Wellington-Halton Hills-Nord"},"content":{"rendered":"<div id=\"pl-40\"  class=\"panel-layout\" ><div id=\"pg-40-0\"  class=\"panel-grid panel-no-style\" ><div id=\"pgc-40-0-0\"  class=\"panel-grid-cell\" ><div id=\"panel-40-0-0-0\" class=\"so-panel widget widget_sow-editor panel-first-child panel-last-child\" data-index=\"0\" ><div\n\t\t\t\n\t\t\tclass=\"so-widget-sow-editor so-widget-sow-editor-base\"\n\t\t\t\n\t\t>\n<div class=\"siteorigin-widget-tinymce textwidget\">\n\t<p>La circonscription de Wellington-Halton Hills-Nord est constitu\u00e9e de :<\/p>\n<p>a) cette partie du Comt\u00e9 de Wellington constitu\u00e9e de : la petite agglom\u00e9ration de Wellington Centre, Guelph\/Eramosa et Puslinch; la ville d\u2019Erin; et<br \/>\nb) cette partie de la Municipalit\u00e9 r\u00e9gionale d\u2019Halton constitu\u00e9e de la Ville d\u2019Halton Hills.<\/p>\n<p><a href=\"https:\/\/www.centrewellington.ca\/en\/index.aspx\" target=\"_blank\" rel=\"noopener noreferrer\">Petite agglom\u00e9ration de Wellington Centre<\/a><br \/>\n<a href=\"http:\/\/www.get.on.ca\/\" target=\"_blank\" rel=\"noopener noreferrer\">Petite agglom\u00e9ration de Guelph-Eramosa<\/a><br \/>\n<a href=\"https:\/\/www.puslinch.ca\/en\/index.asp\" target=\"_blank\" rel=\"noopener noreferrer\">Petite agglom\u00e9ration de Puslinch<\/a><br \/>\n<a href=\"http:\/\/www.erin.ca\/\" target=\"_blank\" rel=\"noopener noreferrer\">Ville d\u2019Erin<\/a><br \/>\n<a href=\"http:\/\/www.haltonhills.ca\/\" target=\"_blank\" rel=\"noopener noreferrer\">Ville d\u2019Halton Hills<\/a><\/p>\n<p><a href=\"http:\/\/www.halton.ca\/\" target=\"_blank\" rel=\"noopener noreferrer\">R\u00e9gion d\u2019Halton<\/a><br \/>\n<a href=\"http:\/\/www.county.wellington.on.ca\/\" target=\"_blank\" rel=\"noopener noreferrer\">Comt\u00e9 de Wellington<\/a><\/p>\n<p>La carte ci-dessous \u00e9tablit les fronti\u00e8res de la circonscription \u00e9lectorale pour Wellington-Halton Hills-Nord. Vous pouvez \u00e9galement trouver plus d\u2019information \u00e0 propos de notre circonscription en allant sur le site web d\u2019<a href=\"http:\/\/www.elections.ca\/\" target=\"_blank\" rel=\"noopener noreferrer\">\u00c9lections Canada<\/a>.<\/p>\n<p><a href=\"https:\/\/www.elections.ca\/Scripts\/vis\/Maps_ReDis\/35115.pdf\"><img loading=\"lazy\" decoding=\"async\" class=\"alignnone wp-image-4074\" src=\"https:\/\/michaelchong.ca\/fr\/wp-content\/uploads\/2025\/05\/wellington-halton-hills-north-1024x795.jpg\" alt=\"\" width=\"741\" height=\"575\" srcset=\"https:\/\/michaelchong.ca\/fr\/wp-content\/uploads\/2025\/05\/wellington-halton-hills-north-1024x795.jpg 1024w, https:\/\/michaelchong.ca\/fr\/wp-content\/uploads\/2025\/05\/wellington-halton-hills-north-300x233.jpg 300w, https:\/\/michaelchong.ca\/fr\/wp-content\/uploads\/2025\/05\/wellington-halton-hills-north-1536x1193.jpg 1536w, https:\/\/michaelchong.ca\/fr\/wp-content\/uploads\/2025\/05\/wellington-halton-hills-north.jpg 1872w\" sizes=\"auto, (max-width: 741px) 100vw, 741px\" \/><\/a><\/p>\n<p>&nbsp;<\/p>\n<\/div>\n<\/div><\/div><\/div><\/div><\/div>","protected":false},"excerpt":{"rendered":"<p>La circonscription de Wellington-Halton Hills-Nord est constitu\u00e9e de : a) cette partie du Comt\u00e9 de Wellington constitu\u00e9e de : la petite agglom\u00e9ration de Wellington Centre, Guelph\/Eramosa et Puslinch; la ville d\u2019Erin; et b) cette partie de la Municipalit\u00e9 r\u00e9gionale d\u2019Halton constitu\u00e9e de la Ville d\u2019Halton Hills. Petite agglom\u00e9ration de Wellington Centre Petite agglom\u00e9ration de Guelph-Eramosa <a href=\"https:\/\/michaelchong.ca\/fr\/wellington-halton-hills\/\" class=\"more-link\">&#8230;<\/a><\/p>\n","protected":false},"author":1,"featured_media":3140,"parent":0,"menu_order":4,"comment_status":"open","ping_status":"closed","template":"","meta":{"_acf_changed":false,"footnotes":"","_links_to":"","_links_to_target":""},"class_list":["post-40","page","type-page","status-publish","has-post-thumbnail","hentry"],"acf":[],"yoast_head":"<!-- This site is optimized with the Yoast SEO plugin v27.0 - https:\/\/yoast.com\/product\/yoast-seo-wordpress\/ -->\n<title>Wellington-Halton Hills-Nord - Michael Chong<\/title>\n<meta name=\"robots\" content=\"index, follow, max-snippet:-1, max-image-preview:large, max-video-preview:-1\" \/>\n<link rel=\"canonical\" href=\"https:\/\/michaelchong.ca\/fr\/wellington-halton-hills\/\" \/>\n<meta property=\"og:locale\" content=\"fr_CA\" \/>\n<meta property=\"og:type\" content=\"article\" \/>\n<meta property=\"og:title\" content=\"Wellington-Halton Hills-Nord - Michael Chong\" \/>\n<meta property=\"og:description\" content=\"La circonscription de Wellington-Halton Hills-Nord est constitu\u00e9e de : a) cette partie du Comt\u00e9 de Wellington constitu\u00e9e de : la petite agglom\u00e9ration de Wellington Centre, Guelph\/Eramosa et Puslinch; la ville d\u2019Erin; et b) cette partie de la Municipalit\u00e9 r\u00e9gionale d\u2019Halton constitu\u00e9e de la Ville d\u2019Halton Hills. Petite agglom\u00e9ration de Wellington Centre Petite agglom\u00e9ration de Guelph-Eramosa ...\" \/>\n<meta property=\"og:url\" content=\"https:\/\/michaelchong.ca\/fr\/wellington-halton-hills\/\" \/>\n<meta property=\"og:site_name\" content=\"Michael Chong\" \/>\n<meta property=\"article:modified_time\" content=\"2025-05-08T20:35:38+00:00\" \/>\n<meta property=\"og:image\" content=\"https:\/\/michaelchong.ca\/fr\/wp-content\/uploads\/2022\/02\/georgetown.jpg\" \/>\n\t<meta property=\"og:image:width\" content=\"1280\" \/>\n\t<meta property=\"og:image:height\" content=\"960\" \/>\n\t<meta property=\"og:image:type\" content=\"image\/jpeg\" \/>\n<meta name=\"twitter:card\" content=\"summary_large_image\" \/>\n<meta name=\"twitter:label1\" content=\"Estimation du temps de lecture\" \/>\n\t<meta name=\"twitter:data1\" content=\"1 minute\" \/>\n<script type=\"application\/ld+json\" class=\"yoast-schema-graph\">{\"@context\":\"https:\/\/schema.org\",\"@graph\":[{\"@type\":\"WebPage\",\"@id\":\"https:\/\/michaelchong.ca\/fr\/wellington-halton-hills\/\",\"url\":\"https:\/\/michaelchong.ca\/fr\/wellington-halton-hills\/\",\"name\":\"Wellington-Halton Hills-Nord - Michael Chong\",\"isPartOf\":{\"@id\":\"https:\/\/michaelchong.ca\/fr\/#website\"},\"primaryImageOfPage\":{\"@id\":\"https:\/\/michaelchong.ca\/fr\/wellington-halton-hills\/#primaryimage\"},\"image\":{\"@id\":\"https:\/\/michaelchong.ca\/fr\/wellington-halton-hills\/#primaryimage\"},\"thumbnailUrl\":\"https:\/\/michaelchong.ca\/fr\/wp-content\/uploads\/2022\/02\/georgetown.jpg\",\"datePublished\":\"2010-06-23T19:29:11+00:00\",\"dateModified\":\"2025-05-08T20:35:38+00:00\",\"breadcrumb\":{\"@id\":\"https:\/\/michaelchong.ca\/fr\/wellington-halton-hills\/#breadcrumb\"},\"inLanguage\":\"fr-CA\",\"potentialAction\":[{\"@type\":\"ReadAction\",\"target\":[\"https:\/\/michaelchong.ca\/fr\/wellington-halton-hills\/\"]}]},{\"@type\":\"ImageObject\",\"inLanguage\":\"fr-CA\",\"@id\":\"https:\/\/michaelchong.ca\/fr\/wellington-halton-hills\/#primaryimage\",\"url\":\"https:\/\/michaelchong.ca\/fr\/wp-content\/uploads\/2022\/02\/georgetown.jpg\",\"contentUrl\":\"https:\/\/michaelchong.ca\/fr\/wp-content\/uploads\/2022\/02\/georgetown.jpg\",\"width\":1280,\"height\":960},{\"@type\":\"BreadcrumbList\",\"@id\":\"https:\/\/michaelchong.ca\/fr\/wellington-halton-hills\/#breadcrumb\",\"itemListElement\":[{\"@type\":\"ListItem\",\"position\":1,\"name\":\"Home\",\"item\":\"https:\/\/michaelchong.ca\/fr\/\"},{\"@type\":\"ListItem\",\"position\":2,\"name\":\"Wellington-Halton Hills-Nord\"}]},{\"@type\":\"WebSite\",\"@id\":\"https:\/\/michaelchong.ca\/fr\/#website\",\"url\":\"https:\/\/michaelchong.ca\/fr\/\",\"name\":\"Michael Chong\",\"description\":\"D\u00e9put\u00e9 de Wellington-Halton Hills-Nord\",\"publisher\":{\"@id\":\"https:\/\/michaelchong.ca\/fr\/#organization\"},\"potentialAction\":[{\"@type\":\"SearchAction\",\"target\":{\"@type\":\"EntryPoint\",\"urlTemplate\":\"https:\/\/michaelchong.ca\/fr\/?s={search_term_string}\"},\"query-input\":{\"@type\":\"PropertyValueSpecification\",\"valueRequired\":true,\"valueName\":\"search_term_string\"}}],\"inLanguage\":\"fr-CA\"},{\"@type\":\"Organization\",\"@id\":\"https:\/\/michaelchong.ca\/fr\/#organization\",\"name\":\"Michael Chong\",\"url\":\"https:\/\/michaelchong.ca\/fr\/\",\"logo\":{\"@type\":\"ImageObject\",\"inLanguage\":\"fr-CA\",\"@id\":\"https:\/\/michaelchong.ca\/fr\/#\/schema\/logo\/image\/\",\"url\":\"https:\/\/michaelchong.ca\/fr\/wp-content\/uploads\/2025\/05\/michael-chong-logo-2025-white-fr-1.png\",\"contentUrl\":\"https:\/\/michaelchong.ca\/fr\/wp-content\/uploads\/2025\/05\/michael-chong-logo-2025-white-fr-1.png\",\"width\":1142,\"height\":255,\"caption\":\"Michael Chong\"},\"image\":{\"@id\":\"https:\/\/michaelchong.ca\/fr\/#\/schema\/logo\/image\/\"}}]}<\/script>\n<!-- \/ Yoast SEO plugin. -->","yoast_head_json":{"title":"Wellington-Halton Hills-Nord - Michael Chong","robots":{"index":"index","follow":"follow","max-snippet":"max-snippet:-1","max-image-preview":"max-image-preview:large","max-video-preview":"max-video-preview:-1"},"canonical":"https:\/\/michaelchong.ca\/fr\/wellington-halton-hills\/","og_locale":"fr_CA","og_type":"article","og_title":"Wellington-Halton Hills-Nord - Michael Chong","og_description":"La circonscription de Wellington-Halton Hills-Nord est constitu\u00e9e de : a) cette partie du Comt\u00e9 de Wellington constitu\u00e9e de : la petite agglom\u00e9ration de Wellington Centre, Guelph\/Eramosa et Puslinch; la ville d\u2019Erin; et b) cette partie de la Municipalit\u00e9 r\u00e9gionale d\u2019Halton constitu\u00e9e de la Ville d\u2019Halton Hills. Petite agglom\u00e9ration de Wellington Centre Petite agglom\u00e9ration de Guelph-Eramosa ...","og_url":"https:\/\/michaelchong.ca\/fr\/wellington-halton-hills\/","og_site_name":"Michael Chong","article_modified_time":"2025-05-08T20:35:38+00:00","og_image":[{"width":1280,"height":960,"url":"https:\/\/michaelchong.ca\/fr\/wp-content\/uploads\/2022\/02\/georgetown.jpg","type":"image\/jpeg"}],"twitter_card":"summary_large_image","twitter_misc":{"Estimation du temps de lecture":"1 minute"},"schema":{"@context":"https:\/\/schema.org","@graph":[{"@type":"WebPage","@id":"https:\/\/michaelchong.ca\/fr\/wellington-halton-hills\/","url":"https:\/\/michaelchong.ca\/fr\/wellington-halton-hills\/","name":"Wellington-Halton Hills-Nord - Michael Chong","isPartOf":{"@id":"https:\/\/michaelchong.ca\/fr\/#website"},"primaryImageOfPage":{"@id":"https:\/\/michaelchong.ca\/fr\/wellington-halton-hills\/#primaryimage"},"image":{"@id":"https:\/\/michaelchong.ca\/fr\/wellington-halton-hills\/#primaryimage"},"thumbnailUrl":"https:\/\/michaelchong.ca\/fr\/wp-content\/uploads\/2022\/02\/georgetown.jpg","datePublished":"2010-06-23T19:29:11+00:00","dateModified":"2025-05-08T20:35:38+00:00","breadcrumb":{"@id":"https:\/\/michaelchong.ca\/fr\/wellington-halton-hills\/#breadcrumb"},"inLanguage":"fr-CA","potentialAction":[{"@type":"ReadAction","target":["https:\/\/michaelchong.ca\/fr\/wellington-halton-hills\/"]}]},{"@type":"ImageObject","inLanguage":"fr-CA","@id":"https:\/\/michaelchong.ca\/fr\/wellington-halton-hills\/#primaryimage","url":"https:\/\/michaelchong.ca\/fr\/wp-content\/uploads\/2022\/02\/georgetown.jpg","contentUrl":"https:\/\/michaelchong.ca\/fr\/wp-content\/uploads\/2022\/02\/georgetown.jpg","width":1280,"height":960},{"@type":"BreadcrumbList","@id":"https:\/\/michaelchong.ca\/fr\/wellington-halton-hills\/#breadcrumb","itemListElement":[{"@type":"ListItem","position":1,"name":"Home","item":"https:\/\/michaelchong.ca\/fr\/"},{"@type":"ListItem","position":2,"name":"Wellington-Halton Hills-Nord"}]},{"@type":"WebSite","@id":"https:\/\/michaelchong.ca\/fr\/#website","url":"https:\/\/michaelchong.ca\/fr\/","name":"Michael Chong","description":"D\u00e9put\u00e9 de Wellington-Halton Hills-Nord","publisher":{"@id":"https:\/\/michaelchong.ca\/fr\/#organization"},"potentialAction":[{"@type":"SearchAction","target":{"@type":"EntryPoint","urlTemplate":"https:\/\/michaelchong.ca\/fr\/?s={search_term_string}"},"query-input":{"@type":"PropertyValueSpecification","valueRequired":true,"valueName":"search_term_string"}}],"inLanguage":"fr-CA"},{"@type":"Organization","@id":"https:\/\/michaelchong.ca\/fr\/#organization","name":"Michael Chong","url":"https:\/\/michaelchong.ca\/fr\/","logo":{"@type":"ImageObject","inLanguage":"fr-CA","@id":"https:\/\/michaelchong.ca\/fr\/#\/schema\/logo\/image\/","url":"https:\/\/michaelchong.ca\/fr\/wp-content\/uploads\/2025\/05\/michael-chong-logo-2025-white-fr-1.png","contentUrl":"https:\/\/michaelchong.ca\/fr\/wp-content\/uploads\/2025\/05\/michael-chong-logo-2025-white-fr-1.png","width":1142,"height":255,"caption":"Michael Chong"},"image":{"@id":"https:\/\/michaelchong.ca\/fr\/#\/schema\/logo\/image\/"}}]}},"_links":{"self":[{"href":"https:\/\/michaelchong.ca\/fr\/wp-json\/wp\/v2\/pages\/40","targetHints":{"allow":["GET"]}}],"collection":[{"href":"https:\/\/michaelchong.ca\/fr\/wp-json\/wp\/v2\/pages"}],"about":[{"href":"https:\/\/michaelchong.ca\/fr\/wp-json\/wp\/v2\/types\/page"}],"author":[{"embeddable":true,"href":"https:\/\/michaelchong.ca\/fr\/wp-json\/wp\/v2\/users\/1"}],"replies":[{"embeddable":true,"href":"https:\/\/michaelchong.ca\/fr\/wp-json\/wp\/v2\/comments?post=40"}],"version-history":[{"count":8,"href":"https:\/\/michaelchong.ca\/fr\/wp-json\/wp\/v2\/pages\/40\/revisions"}],"predecessor-version":[{"id":4075,"href":"https:\/\/michaelchong.ca\/fr\/wp-json\/wp\/v2\/pages\/40\/revisions\/4075"}],"wp:featuredmedia":[{"embeddable":true,"href":"https:\/\/michaelchong.ca\/fr\/wp-json\/wp\/v2\/media\/3140"}],"wp:attachment":[{"href":"https:\/\/michaelchong.ca\/fr\/wp-json\/wp\/v2\/media?parent=40"}],"curies":[{"name":"wp","href":"https:\/\/api.w.org\/{rel}","templated":true}]}}