{"id":50,"date":"2010-06-23T19:31:02","date_gmt":"2010-06-23T19:31:02","guid":{"rendered":"http:\/\/bevoda.ca\/"},"modified":"2022-07-27T15:51:18","modified_gmt":"2022-07-27T19:51:18","slug":"contacter","status":"publish","type":"page","link":"https:\/\/michaelchong.ca\/fr\/contacter\/","title":{"rendered":"Contacter Michael"},"content":{"rendered":"<div id=\"pl-50\"  class=\"panel-layout\" ><div id=\"pg-50-0\"  class=\"panel-grid panel-no-style\" ><div id=\"pgc-50-0-0\"  class=\"panel-grid-cell\" ><div id=\"panel-50-0-0-0\" class=\"so-panel widget widget_sow-editor panel-first-child panel-last-child\" data-index=\"0\" ><div\n\t\t\t\n\t\t\tclass=\"so-widget-sow-editor so-widget-sow-editor-base\"\n\t\t\t\n\t\t>\n<div class=\"siteorigin-widget-tinymce textwidget\">\n\t<h2>Bureau de circonscription<\/h2>\n<p>A-190 St. David Street South<br \/>\nFergus, ON N1M2L3<\/p>\n<p>T\u00e9l\u00e9phone :<\/p>\n<ul>\n<li>Riding Office: (519) 843-7344<\/li>\n<li>Toll-Free Riding Number: 1 (866) 878-5556<\/li>\n<\/ul>\n<p>Courriel : michael.chong@parl.gc.ca<br \/>\nT\u00e9l\u00e9copie : 519-843-3760<\/p>\n<h2>Bureau d'Ottawa<\/h2>\n<p>Chambre des communes<br \/>\nOttawa, ON K1A 0A6<br \/>\nT\u00e9l\u00e9phone : 613-992-4179<br \/>\nT\u00e9l\u00e9copie : 613-996-4907<\/p>\n<\/div>\n<\/div><\/div><\/div><div id=\"pgc-50-0-1\"  class=\"panel-grid-cell\" ><div id=\"panel-50-0-1-0\" class=\"so-panel widget widget_sow-google-map panel-first-child panel-last-child\" data-index=\"1\" ><div\n\t\t\t\n\t\t\tclass=\"so-widget-sow-google-map so-widget-sow-google-map-default-6b23895f316e-50\"\n\t\t\t\n\t\t>\n<div class=\"sow-google-map-canvas\"\n\tstyle=\"\"\n\tid=\"map-canvas-d34c9d7a98029155f9c805e4ac0c9fb6\"\n\tdata-options=\"{&quot;address&quot;:&quot;190 St. David Street South Fergus, ON N1M2L3&quot;,&quot;zoom&quot;:16,&quot;mobileZoom&quot;:16,&quot;gestureHandling&quot;:&quot;greedy&quot;,&quot;disableUi&quot;:false,&quot;markerIcon&quot;:false,&quot;markersDraggable&quot;:false,&quot;markerAtCenter&quot;:true,&quot;markerInfoDisplay&quot;:&quot;click&quot;,&quot;markerInfoMultiple&quot;:true,&quot;markerPositions&quot;:false,&quot;mapName&quot;:false,&quot;mapStyles&quot;:false,&quot;directions&quot;:&quot;&quot;,&quot;apiKey&quot;:&quot;AIzaSyCBkcH8Riu9ynYhhwoLm2xDRvcDGr3zT6I&quot;,&quot;breakpoint&quot;:780,&quot;id&quot;:&quot;69e8ef&quot;}\"\n\tdata-fallback-image=\"{&quot;img&quot;:&quot;&quot;}\"><\/div>\n<\/div><\/div><\/div><\/div><div id=\"pg-50-1\"  class=\"panel-grid panel-no-style\" ><div id=\"pgc-50-1-0\"  class=\"panel-grid-cell\" ><div id=\"panel-50-1-0-0\" class=\"so-panel widget widget_sow-editor panel-first-child panel-last-child\" data-index=\"2\" ><div\n\t\t\t\n\t\t\tclass=\"so-widget-sow-editor so-widget-sow-editor-base\"\n\t\t\t\n\t\t>\n<div class=\"siteorigin-widget-tinymce textwidget\">\n\t<h2>Communiquez avec Michael Chong, d\u00e9put\u00e9<\/h2>\n\n                <div class='gf_browser_gecko gform_wrapper' id='gform_wrapper_1' ><a id='gf_1' class='gform_anchor' ><\/a><form method='post' enctype='multipart\/form-data' target='gform_ajax_frame_1' id='gform_1'  action='\/fr\/wp-json\/wp\/v2\/pages\/50#gf_1'>\n                        <div class='gform_body'><ul id='gform_fields_1' class='gform_fields top_label form_sublabel_below description_below'><li id='field_1_6' class='gfield gfield_contains_required field_sublabel_below field_description_below' ><label class='gfield_label' for='input_1_6' >Nom<span class='gfield_required'>*<\/span><\/label><div class='ginput_container ginput_container_text'><input name='input_6' id='input_1_6' type='text' value='' class='medium'  tabindex='1'   aria-required=\"true\" aria-invalid=\"false\" \/><\/div><\/li><li id='field_1_2' class='gfield gfield_contains_required field_sublabel_below field_description_below' ><label class='gfield_label' for='input_1_2' >Courriel<span class='gfield_required'>*<\/span><\/label><div class='ginput_container ginput_container_email'>\n                            <input name='input_2' id='input_1_2' type='text' value='' class='medium' tabindex='2'   \/>\n                        <\/div><\/li><li id='field_1_4' class='gfield gf_left_half field_sublabel_below field_description_below' ><label class='gfield_label' for='input_1_4' >T\u00e9l\u00e9phone<\/label><div class='ginput_container ginput_container_phone'><input name='input_4' id='input_1_4' type='text' value='' class='medium' tabindex='3'    aria-invalid=\"false\" \/><\/div><\/li><li id='field_1_7' class='gfield gfield_contains_required field_sublabel_below field_description_below' ><label class='gfield_label gfield_label_before_complex' for='input_1_7_1' >Addresse<span class='gfield_required'>*<\/span><\/label>    \n                    <div class='ginput_complex ginput_container has_street has_street2 has_city has_state has_zip ginput_container_address gfield_trigger_change' id='input_1_7' >\n                         <span class='ginput_full address_line_1' id='input_1_7_1_container' >\n                                        <input type='text' name='input_7.1' id='input_1_7_1' value='' tabindex='4'  \/>\n                                        <label for='input_1_7_1' id='input_1_7_1_label' >Addresse<\/label>\n                                    <\/span><span class='ginput_full address_line_2' id='input_1_7_2_container' >\n                                        <input type='text' name='input_7.2' id='input_1_7_2' value='' tabindex='5'  \/>\n                                        <label for='input_1_7_2' id='input_1_7_2_label' >Addresse ligne 2<\/label>\n                                    <\/span><span class='ginput_left address_city' id='input_1_7_3_container' >\n                                    <input type='text' name='input_7.3' id='input_1_7_3' value='' tabindex='6'  \/>\n                                    <label for='input_1_7_3' id='input_1_7_3_label' >Ville<\/label>\n                                 <\/span><span class='ginput_right address_state' id='input_1_7_4_container' >\n                                        <select name='input_7.4' id='input_1_7_4' tabindex='7'   ><option value='' ><\/option><option value='Alberta' >Alberta<\/option><option value='British Columbia' >British Columbia<\/option><option value='Manitoba' >Manitoba<\/option><option value='New Brunswick' >New Brunswick<\/option><option value='Newfoundland &amp; Labrador' >Newfoundland &amp; Labrador<\/option><option value='Northwest Territories' >Northwest Territories<\/option><option value='Nova Scotia' >Nova Scotia<\/option><option value='Nunavut' >Nunavut<\/option><option value='Ontario' selected='selected'>Ontario<\/option><option value='Prince Edward Island' >Prince Edward Island<\/option><option value='Quebec' >Quebec<\/option><option value='Saskatchewan' >Saskatchewan<\/option><option value='Yukon' >Yukon<\/option><\/select>\n                                        <label for='input_1_7_4' id='input_1_7_4_label' >Province<\/label>\n                                      <\/span><span class='ginput_left address_zip' id='input_1_7_5_container' >\n                                    <input type='text' name='input_7.5' id='input_1_7_5' value='' tabindex='9'  \/>\n                                    <label for='input_1_7_5' id='input_1_7_5_label' >Code postal<\/label>\n                                <\/span><input type='hidden' class='gform_hidden' name='input_7.6' id='input_1_7_6' value='Canada'\/>\n                    <div class='gf_clear gf_clear_complex'><\/div>\n                <\/div><\/li><li id='field_1_5' class='gfield gfield_contains_required field_sublabel_below field_description_below' ><label class='gfield_label' for='input_1_5' >Votre message<span class='gfield_required'>*<\/span><\/label><div class='ginput_container'><textarea name='input_5' id='input_1_5' class='textarea medium' tabindex='10'   aria-required=\"true\" aria-invalid=\"false\"   rows='10' cols='50'><\/textarea><\/div><\/li>\n                            <\/ul><\/div>\n        <div class='gform_footer top_label'> <input type='submit' id='gform_submit_button_1' class='gform_button button' value='Envoyer' tabindex='11' onclick='if(window[\"gf_submitting_1\"]){return false;}  window[\"gf_submitting_1\"]=true;  ' onkeypress='if(window[\"gf_submitting_1\"]){return false;}  window[\"gf_submitting_1\"]=true;  ' \/> <input type='hidden' name='gform_ajax' value='form_id=1&amp;title=&amp;description=&amp;tabindex=1' \/>\n            <input type='hidden' class='gform_hidden' name='is_submit_1' value='1' \/>\n            <input type='hidden' class='gform_hidden' name='gform_submit' value='1' \/>\n            \n            <input type='hidden' class='gform_hidden' name='gform_unique_id' value='' \/>\n            <input type='hidden' class='gform_hidden' name='state_1' value='WyJbXSIsIjg2NDQ1ZjljYWVmYTY5ZGEwNmVkZmI1NGM3MDYxZGVlIl0=' \/>\n            <input type='hidden' class='gform_hidden' name='gform_target_page_number_1' id='gform_target_page_number_1' value='0' \/>\n            <input type='hidden' class='gform_hidden' name='gform_source_page_number_1' id='gform_source_page_number_1' value='1' \/>\n            <input type='hidden' name='gform_field_values' value='' \/>\n            \n        <\/div>\n                        <\/form>\n                        <\/div>\n                <iframe style='display:none;width:0px;height:0px;' src='about:blank' name='gform_ajax_frame_1' id='gform_ajax_frame_1'>This iframe contains the logic required to handle AJAX powered Gravity Forms.<\/iframe>\n                <script type='text\/javascript'>jQuery(document).ready(function($){gformInitSpinner( 1, 'https:\/\/michaelchong.ca\/fr\/wp-content\/plugins\/gravityforms\/images\/spinner.gif' );jQuery('#gform_ajax_frame_1').load( function(){var contents = jQuery(this).contents().find('*').html();var is_postback = contents.indexOf('GF_AJAX_POSTBACK') >= 0;if(!is_postback){return;}var form_content = jQuery(this).contents().find('#gform_wrapper_1');var is_confirmation = jQuery(this).contents().find('#gform_confirmation_wrapper_1').length > 0;var is_redirect = contents.indexOf('gformRedirect(){') >= 0;var is_form = form_content.length > 0 && ! is_redirect && ! is_confirmation;if(is_form){jQuery('#gform_wrapper_1').html(form_content.html());if(form_content.hasClass('gform_validation_error')){jQuery('#gform_wrapper_1').addClass('gform_validation_error');} else {jQuery('#gform_wrapper_1').removeClass('gform_validation_error');}setTimeout( function() { \/* delay the scroll by 50 milliseconds to fix a bug in chrome *\/ jQuery(document).scrollTop(jQuery('#gform_wrapper_1').offset().top); }, 50 );if(window['gformInitDatepicker']) {gformInitDatepicker();}if(window['gformInitPriceFields']) {gformInitPriceFields();}var current_page = jQuery('#gform_source_page_number_1').val();gformInitSpinner( 1, 'https:\/\/michaelchong.ca\/fr\/wp-content\/plugins\/gravityforms\/images\/spinner.gif' );jQuery(document).trigger('gform_page_loaded', [1, current_page]);window['gf_submitting_1'] = false;}else if(!is_redirect){var confirmation_content = jQuery(this).contents().find('#gforms_confirmation_message_1').html();if(!confirmation_content){confirmation_content = contents;}setTimeout(function(){jQuery('#gform_wrapper_1').replaceWith('<' + 'div id=\\'gforms_confirmation_message_1\\' class=\\'gform_confirmation_message_1 gforms_confirmation_message\\'' + '>' + confirmation_content + '<' + '\/div' + '>');jQuery(document).scrollTop(jQuery('#gforms_confirmation_message_1').offset().top);jQuery(document).trigger('gform_confirmation_loaded', [1]);window['gf_submitting_1'] = false;}, 50);}else{jQuery('#gform_1').append(contents);if(window['gformRedirect']) {gformRedirect();}}jQuery(document).trigger('gform_post_render', [1, current_page]);} );} );<\/script><script type='text\/javascript'> if(typeof gf_global == 'undefined') var gf_global = {\"gf_currency_config\":{\"name\":\"U.S. Dollar\",\"symbol_left\":\"$\",\"symbol_right\":\"\",\"symbol_padding\":\"\",\"thousand_separator\":\",\",\"decimal_separator\":\".\",\"decimals\":2},\"base_url\":\"https:\\\/\\\/michaelchong.ca\\\/fr\\\/wp-content\\\/plugins\\\/gravityforms\",\"number_formats\":[],\"spinnerUrl\":\"https:\\\/\\\/michaelchong.ca\\\/fr\\\/wp-content\\\/plugins\\\/gravityforms\\\/images\\\/spinner.gif\"};jQuery(document).bind('gform_post_render', function(event, formId, currentPage){if(formId == 1) {if(!\/(android)\/i.test(navigator.userAgent)){jQuery('#input_1_4').mask('(999) 999-9999').bind('keypress', function(e){if(e.which == 13){jQuery(this).blur();} } );}} } );jQuery(document).bind('gform_post_conditional_logic', function(event, formId, fields, isInit){} );<\/script><script type='text\/javascript'> jQuery(document).ready(function(){jQuery(document).trigger('gform_post_render', [1, 1]) } ); <\/script>\n<\/div>\n<\/div><\/div><\/div><\/div><\/div>","protected":false},"excerpt":{"rendered":"<p>Bureau de circonscription A-190 St. David Street South Fergus, ON N1M2L3 T\u00e9l\u00e9phone : Riding Office: (519) 843-7344 Toll-Free Riding Number: 1 (866) 878-5556 Courriel : michael.chong@parl.gc.ca T\u00e9l\u00e9copie : 519-843-3760 Bureau d&rsquo;Ottawa Chambre des communes Ottawa, ON K1A 0A6 T\u00e9l\u00e9phone : 613-992-4179 T\u00e9l\u00e9copie : 613-996-4907 Communiquez avec Michael Chong, d\u00e9put\u00e9<\/p>\n","protected":false},"author":1,"featured_media":3175,"parent":0,"menu_order":9,"comment_status":"open","ping_status":"closed","template":"","meta":{"_acf_changed":false,"footnotes":"","_links_to":"","_links_to_target":""},"class_list":["post-50","page","type-page","status-publish","has-post-thumbnail","hentry"],"acf":[],"yoast_head":"<!-- This site is optimized with the Yoast SEO plugin v27.0 - https:\/\/yoast.com\/product\/yoast-seo-wordpress\/ -->\n<title>Contacter Michael - Michael Chong<\/title>\n<meta name=\"robots\" content=\"index, follow, max-snippet:-1, max-image-preview:large, max-video-preview:-1\" \/>\n<link rel=\"canonical\" href=\"https:\/\/michaelchong.ca\/fr\/contacter\/\" \/>\n<meta property=\"og:locale\" content=\"fr_CA\" \/>\n<meta property=\"og:type\" content=\"article\" \/>\n<meta property=\"og:title\" content=\"Contacter Michael - Michael Chong\" \/>\n<meta property=\"og:description\" content=\"Bureau de circonscription A-190 St. David Street South Fergus, ON N1M2L3 T\u00e9l\u00e9phone : Riding Office: (519) 843-7344 Toll-Free Riding Number: 1 (866) 878-5556 Courriel : michael.chong@parl.gc.ca T\u00e9l\u00e9copie : 519-843-3760 Bureau d&#039;Ottawa Chambre des communes Ottawa, ON K1A 0A6 T\u00e9l\u00e9phone : 613-992-4179 T\u00e9l\u00e9copie : 613-996-4907 Communiquez avec Michael Chong, d\u00e9put\u00e9\" \/>\n<meta property=\"og:url\" content=\"https:\/\/michaelchong.ca\/fr\/contacter\/\" \/>\n<meta property=\"og:site_name\" content=\"Michael Chong\" \/>\n<meta property=\"article:modified_time\" content=\"2022-07-27T19:51:18+00:00\" \/>\n<meta property=\"og:image\" content=\"https:\/\/michaelchong.ca\/fr\/wp-content\/uploads\/2022\/02\/escarpment.jpg\" \/>\n\t<meta property=\"og:image:width\" content=\"1200\" \/>\n\t<meta property=\"og:image:height\" content=\"553\" \/>\n\t<meta property=\"og:image:type\" content=\"image\/jpeg\" \/>\n<meta name=\"twitter:card\" content=\"summary_large_image\" \/>\n<meta name=\"twitter:label1\" content=\"Estimation du temps de lecture\" \/>\n\t<meta name=\"twitter:data1\" content=\"1 minute\" \/>\n<script type=\"application\/ld+json\" class=\"yoast-schema-graph\">{\"@context\":\"https:\/\/schema.org\",\"@graph\":[{\"@type\":\"WebPage\",\"@id\":\"https:\/\/michaelchong.ca\/fr\/contacter\/\",\"url\":\"https:\/\/michaelchong.ca\/fr\/contacter\/\",\"name\":\"Contacter Michael - Michael Chong\",\"isPartOf\":{\"@id\":\"https:\/\/michaelchong.ca\/fr\/#website\"},\"primaryImageOfPage\":{\"@id\":\"https:\/\/michaelchong.ca\/fr\/contacter\/#primaryimage\"},\"image\":{\"@id\":\"https:\/\/michaelchong.ca\/fr\/contacter\/#primaryimage\"},\"thumbnailUrl\":\"https:\/\/michaelchong.ca\/fr\/wp-content\/uploads\/2022\/02\/escarpment.jpg\",\"datePublished\":\"2010-06-23T19:31:02+00:00\",\"dateModified\":\"2022-07-27T19:51:18+00:00\",\"breadcrumb\":{\"@id\":\"https:\/\/michaelchong.ca\/fr\/contacter\/#breadcrumb\"},\"inLanguage\":\"fr-CA\",\"potentialAction\":[{\"@type\":\"ReadAction\",\"target\":[\"https:\/\/michaelchong.ca\/fr\/contacter\/\"]}]},{\"@type\":\"ImageObject\",\"inLanguage\":\"fr-CA\",\"@id\":\"https:\/\/michaelchong.ca\/fr\/contacter\/#primaryimage\",\"url\":\"https:\/\/michaelchong.ca\/fr\/wp-content\/uploads\/2022\/02\/escarpment.jpg\",\"contentUrl\":\"https:\/\/michaelchong.ca\/fr\/wp-content\/uploads\/2022\/02\/escarpment.jpg\",\"width\":1200,\"height\":553},{\"@type\":\"BreadcrumbList\",\"@id\":\"https:\/\/michaelchong.ca\/fr\/contacter\/#breadcrumb\",\"itemListElement\":[{\"@type\":\"ListItem\",\"position\":1,\"name\":\"Home\",\"item\":\"https:\/\/michaelchong.ca\/fr\/\"},{\"@type\":\"ListItem\",\"position\":2,\"name\":\"Contacter Michael\"}]},{\"@type\":\"WebSite\",\"@id\":\"https:\/\/michaelchong.ca\/fr\/#website\",\"url\":\"https:\/\/michaelchong.ca\/fr\/\",\"name\":\"Michael Chong\",\"description\":\"D\u00e9put\u00e9 de Wellington-Halton Hills-Nord\",\"publisher\":{\"@id\":\"https:\/\/michaelchong.ca\/fr\/#organization\"},\"potentialAction\":[{\"@type\":\"SearchAction\",\"target\":{\"@type\":\"EntryPoint\",\"urlTemplate\":\"https:\/\/michaelchong.ca\/fr\/?s={search_term_string}\"},\"query-input\":{\"@type\":\"PropertyValueSpecification\",\"valueRequired\":true,\"valueName\":\"search_term_string\"}}],\"inLanguage\":\"fr-CA\"},{\"@type\":\"Organization\",\"@id\":\"https:\/\/michaelchong.ca\/fr\/#organization\",\"name\":\"Michael Chong\",\"url\":\"https:\/\/michaelchong.ca\/fr\/\",\"logo\":{\"@type\":\"ImageObject\",\"inLanguage\":\"fr-CA\",\"@id\":\"https:\/\/michaelchong.ca\/fr\/#\/schema\/logo\/image\/\",\"url\":\"https:\/\/michaelchong.ca\/fr\/wp-content\/uploads\/2025\/05\/michael-chong-logo-2025-white-fr-1.png\",\"contentUrl\":\"https:\/\/michaelchong.ca\/fr\/wp-content\/uploads\/2025\/05\/michael-chong-logo-2025-white-fr-1.png\",\"width\":1142,\"height\":255,\"caption\":\"Michael Chong\"},\"image\":{\"@id\":\"https:\/\/michaelchong.ca\/fr\/#\/schema\/logo\/image\/\"}}]}<\/script>\n<!-- \/ Yoast SEO plugin. -->","yoast_head_json":{"title":"Contacter Michael - Michael Chong","robots":{"index":"index","follow":"follow","max-snippet":"max-snippet:-1","max-image-preview":"max-image-preview:large","max-video-preview":"max-video-preview:-1"},"canonical":"https:\/\/michaelchong.ca\/fr\/contacter\/","og_locale":"fr_CA","og_type":"article","og_title":"Contacter Michael - Michael Chong","og_description":"Bureau de circonscription A-190 St. David Street South Fergus, ON N1M2L3 T\u00e9l\u00e9phone : Riding Office: (519) 843-7344 Toll-Free Riding Number: 1 (866) 878-5556 Courriel : michael.chong@parl.gc.ca T\u00e9l\u00e9copie : 519-843-3760 Bureau d'Ottawa Chambre des communes Ottawa, ON K1A 0A6 T\u00e9l\u00e9phone : 613-992-4179 T\u00e9l\u00e9copie : 613-996-4907 Communiquez avec Michael Chong, d\u00e9put\u00e9","og_url":"https:\/\/michaelchong.ca\/fr\/contacter\/","og_site_name":"Michael Chong","article_modified_time":"2022-07-27T19:51:18+00:00","og_image":[{"width":1200,"height":553,"url":"https:\/\/michaelchong.ca\/fr\/wp-content\/uploads\/2022\/02\/escarpment.jpg","type":"image\/jpeg"}],"twitter_card":"summary_large_image","twitter_misc":{"Estimation du temps de lecture":"1 minute"},"schema":{"@context":"https:\/\/schema.org","@graph":[{"@type":"WebPage","@id":"https:\/\/michaelchong.ca\/fr\/contacter\/","url":"https:\/\/michaelchong.ca\/fr\/contacter\/","name":"Contacter Michael - Michael Chong","isPartOf":{"@id":"https:\/\/michaelchong.ca\/fr\/#website"},"primaryImageOfPage":{"@id":"https:\/\/michaelchong.ca\/fr\/contacter\/#primaryimage"},"image":{"@id":"https:\/\/michaelchong.ca\/fr\/contacter\/#primaryimage"},"thumbnailUrl":"https:\/\/michaelchong.ca\/fr\/wp-content\/uploads\/2022\/02\/escarpment.jpg","datePublished":"2010-06-23T19:31:02+00:00","dateModified":"2022-07-27T19:51:18+00:00","breadcrumb":{"@id":"https:\/\/michaelchong.ca\/fr\/contacter\/#breadcrumb"},"inLanguage":"fr-CA","potentialAction":[{"@type":"ReadAction","target":["https:\/\/michaelchong.ca\/fr\/contacter\/"]}]},{"@type":"ImageObject","inLanguage":"fr-CA","@id":"https:\/\/michaelchong.ca\/fr\/contacter\/#primaryimage","url":"https:\/\/michaelchong.ca\/fr\/wp-content\/uploads\/2022\/02\/escarpment.jpg","contentUrl":"https:\/\/michaelchong.ca\/fr\/wp-content\/uploads\/2022\/02\/escarpment.jpg","width":1200,"height":553},{"@type":"BreadcrumbList","@id":"https:\/\/michaelchong.ca\/fr\/contacter\/#breadcrumb","itemListElement":[{"@type":"ListItem","position":1,"name":"Home","item":"https:\/\/michaelchong.ca\/fr\/"},{"@type":"ListItem","position":2,"name":"Contacter Michael"}]},{"@type":"WebSite","@id":"https:\/\/michaelchong.ca\/fr\/#website","url":"https:\/\/michaelchong.ca\/fr\/","name":"Michael Chong","description":"D\u00e9put\u00e9 de Wellington-Halton Hills-Nord","publisher":{"@id":"https:\/\/michaelchong.ca\/fr\/#organization"},"potentialAction":[{"@type":"SearchAction","target":{"@type":"EntryPoint","urlTemplate":"https:\/\/michaelchong.ca\/fr\/?s={search_term_string}"},"query-input":{"@type":"PropertyValueSpecification","valueRequired":true,"valueName":"search_term_string"}}],"inLanguage":"fr-CA"},{"@type":"Organization","@id":"https:\/\/michaelchong.ca\/fr\/#organization","name":"Michael Chong","url":"https:\/\/michaelchong.ca\/fr\/","logo":{"@type":"ImageObject","inLanguage":"fr-CA","@id":"https:\/\/michaelchong.ca\/fr\/#\/schema\/logo\/image\/","url":"https:\/\/michaelchong.ca\/fr\/wp-content\/uploads\/2025\/05\/michael-chong-logo-2025-white-fr-1.png","contentUrl":"https:\/\/michaelchong.ca\/fr\/wp-content\/uploads\/2025\/05\/michael-chong-logo-2025-white-fr-1.png","width":1142,"height":255,"caption":"Michael Chong"},"image":{"@id":"https:\/\/michaelchong.ca\/fr\/#\/schema\/logo\/image\/"}}]}},"_links":{"self":[{"href":"https:\/\/michaelchong.ca\/fr\/wp-json\/wp\/v2\/pages\/50","targetHints":{"allow":["GET"]}}],"collection":[{"href":"https:\/\/michaelchong.ca\/fr\/wp-json\/wp\/v2\/pages"}],"about":[{"href":"https:\/\/michaelchong.ca\/fr\/wp-json\/wp\/v2\/types\/page"}],"author":[{"embeddable":true,"href":"https:\/\/michaelchong.ca\/fr\/wp-json\/wp\/v2\/users\/1"}],"replies":[{"embeddable":true,"href":"https:\/\/michaelchong.ca\/fr\/wp-json\/wp\/v2\/comments?post=50"}],"version-history":[{"count":21,"href":"https:\/\/michaelchong.ca\/fr\/wp-json\/wp\/v2\/pages\/50\/revisions"}],"predecessor-version":[{"id":3952,"href":"https:\/\/michaelchong.ca\/fr\/wp-json\/wp\/v2\/pages\/50\/revisions\/3952"}],"wp:featuredmedia":[{"embeddable":true,"href":"https:\/\/michaelchong.ca\/fr\/wp-json\/wp\/v2\/media\/3175"}],"wp:attachment":[{"href":"https:\/\/michaelchong.ca\/fr\/wp-json\/wp\/v2\/media?parent=50"}],"curies":[{"name":"wp","href":"https:\/\/api.w.org\/{rel}","templated":true}]}}