{"id":54,"date":"2010-06-23T19:34:22","date_gmt":"2010-06-23T19:34:22","guid":{"rendered":"http:\/\/bevoda.ca\/"},"modified":"2022-03-16T22:45:32","modified_gmt":"2022-03-16T22:45:32","slug":"biographie","status":"publish","type":"page","link":"https:\/\/michaelchong.ca\/fr\/biographie\/","title":{"rendered":"Biographie"},"content":{"rendered":"<div id=\"pl-54\"  class=\"panel-layout\" ><div id=\"pg-54-0\"  class=\"panel-grid panel-no-style\" ><div id=\"pgc-54-0-0\"  class=\"panel-grid-cell\" ><div id=\"panel-54-0-0-0\" class=\"so-panel widget widget_sow-editor panel-first-child panel-last-child\" data-index=\"0\" ><div\n\t\t\t\n\t\t\tclass=\"so-widget-sow-editor so-widget-sow-editor-base\"\n\t\t\t\n\t\t>\n<div class=\"siteorigin-widget-tinymce textwidget\">\n\t<p>Michael Chong, qui repr\u00e9sente la circonscription de Wellington-Halton Hills, a \u00e9t\u00e9 \u00e9lu pour la premi\u00e8re fois au Parlement en 2004. Il est actuellement le ministre fant\u00f4me des affaires \u00e9trang\u00e8res.<\/p>\n<p><span style=\"font-size: inherit;\">En 2006, Michael a fait partie du cabinet f\u00e9d\u00e9ral \u00e0 titre de pr\u00e9sident du Conseil priv\u00e9 de la Reine, de ministre des Affaires intergouvernementales et de ministre des Sports.<\/span><\/p>\n<p>Michael a \u00e9t\u00e9 pr\u00e9sident de plusieurs comit\u00e9s permanents de la Chambre des communes (Comit\u00e9 permanent de l\u2019industrie, des sciences et de la technologie; Comit\u00e9 permanent du patrimoine canadien; Comit\u00e9 permanent des langues officielles). Il est cofondateur du caucus multipartite sur les changements climatiques, dont il est membre depuis sa cr\u00e9ation en 2011. Lors de la 42\u00e8me l\u00e9gislature, Michael a occup\u00e9 les postes de ministre suppl\u00e9ant de l'infrastructure, charg\u00e9 de l'infrastructure, et du ministre fictif charg\u00e9 des sciences.<\/p>\n<p>En 2015, la <em>Loi de 2013 instituant des r\u00e9formes<\/em>, pr\u00e9sent\u00e9e par Michael, a \u00e9t\u00e9 adopt\u00e9e et est entr\u00e9e en vigueur. Cette loi contribue \u00e0 r\u00e9gler un probl\u00e8me de longue date \u00e0 Ottawa\u00a0: la concentration du pouvoir entre les mains des chefs de parti. Elle accorde plus de pouvoirs aux d\u00e9put\u00e9s pour repr\u00e9senter leurs concitoyens et les Canadiens. Michael a \u00e9t\u00e9 en mesure de tendre la main aux d\u00e9put\u00e9s des autres partis afin de garantir l\u2019adoption du projet de loi.<\/p>\n<p>Avant son \u00e9lection, Michael \u00e9tait dirigeant principal de l\u2019information pour l\u2019Association des joueurs de la Ligue nationale de hockey et consultant principal en technologie aupr\u00e8s de l\u2019Autorit\u00e9 a\u00e9roportuaire du Grand Toronto pour le r\u00e9am\u00e9nagement de l\u2019A\u00e9roport international Pearson.<\/p>\n<p>Michael a cofond\u00e9 l\u2019Institut du Dominion, qui s\u2019appelle maintenant Historica Canada, organisme vou\u00e9 \u00e0 sensibiliser les Canadiens \u00e0 l\u2019histoire et au civisme. Il est actuellement membre de son conseil d\u2019administration.<\/p>\n<p>Michael a \u00e9tudi\u00e9 au Trinity College \u00e0 l\u2019Universit\u00e9 de Toronto, o\u00f9 il a obtenu dipl\u00f4me en philosophie.<\/p>\n<p>N\u00e9 en 1971, Michael a grandi tout pr\u00e8s de Fergus dans le comt\u00e9 de Wellington, en Ontario. En 2002, Michael a \u00e9pous\u00e9 Carrie Davidson.\u00a0Ils ont trois fils\u00a0: William, Alistair et Cameron. Ils habitent tout pr\u00e8s de Fergus.<\/p>\n<h5><\/h5>\n<\/div>\n<\/div><\/div><\/div><div id=\"pgc-54-0-1\"  class=\"panel-grid-cell\" ><div id=\"panel-54-0-1-0\" class=\"so-panel widget widget_sow-image panel-first-child panel-last-child\" data-index=\"1\" ><div\n\t\t\t\n\t\t\tclass=\"so-widget-sow-image so-widget-sow-image-default-8b5b6f678277-54\"\n\t\t\t\n\t\t>\n<div class=\"sow-image-container\">\n\t\t\t<a href=\"http:\/\/michaelchong.ca\/fr\/wp-content\/uploads\/2022\/02\/pumpkin-contest.jpg\"\n\t\t\ttarget=\"_blank\" rel=\"noopener noreferrer\" \t\t>\n\t\t\t<img \n\tsrc=\"https:\/\/michaelchong.ca\/fr\/wp-content\/uploads\/2022\/03\/Michael_Pumpkin-1.jpg\" width=\"700\" height=\"933\" srcset=\"https:\/\/michaelchong.ca\/fr\/wp-content\/uploads\/2022\/03\/Michael_Pumpkin-1.jpg 700w, https:\/\/michaelchong.ca\/fr\/wp-content\/uploads\/2022\/03\/Michael_Pumpkin-1-225x300.jpg 225w\" sizes=\"(max-width: 700px) 100vw, 700px\" title=\"Michael_Pumpkin\" alt=\"\" \t\tclass=\"so-widget-image\"\/>\n\t\t\t<\/a><\/div>\n\n<\/div><\/div><\/div><\/div><\/div>","protected":false},"excerpt":{"rendered":"<p>Michael Chong, qui repr\u00e9sente la circonscription de Wellington-Halton Hills, a \u00e9t\u00e9 \u00e9lu pour la premi\u00e8re fois au Parlement en 2004. Il est actuellement le ministre fant\u00f4me des affaires \u00e9trang\u00e8res. En 2006, Michael a fait partie du cabinet f\u00e9d\u00e9ral \u00e0 titre de pr\u00e9sident du Conseil priv\u00e9 de la Reine, de ministre des Affaires intergouvernementales et de <a href=\"https:\/\/michaelchong.ca\/fr\/biographie\/\" class=\"more-link\">&#8230;<\/a><\/p>\n","protected":false},"author":1,"featured_media":3115,"parent":0,"menu_order":3,"comment_status":"open","ping_status":"closed","template":"","meta":{"_acf_changed":false,"footnotes":"","_links_to":"","_links_to_target":""},"class_list":["post-54","page","type-page","status-publish","has-post-thumbnail","hentry"],"acf":[],"yoast_head":"<!-- This site is optimized with the Yoast SEO plugin v27.0 - https:\/\/yoast.com\/product\/yoast-seo-wordpress\/ -->\n<title>Biographie - Michael Chong<\/title>\n<meta name=\"robots\" content=\"index, follow, max-snippet:-1, max-image-preview:large, max-video-preview:-1\" \/>\n<link rel=\"canonical\" href=\"https:\/\/michaelchong.ca\/fr\/biographie\/\" \/>\n<meta property=\"og:locale\" content=\"fr_CA\" \/>\n<meta property=\"og:type\" content=\"article\" \/>\n<meta property=\"og:title\" content=\"Biographie - Michael Chong\" \/>\n<meta property=\"og:description\" content=\"Michael Chong, qui repr\u00e9sente la circonscription de Wellington-Halton Hills, a \u00e9t\u00e9 \u00e9lu pour la premi\u00e8re fois au Parlement en 2004. Il est actuellement le ministre fant\u00f4me des affaires \u00e9trang\u00e8res. En 2006, Michael a fait partie du cabinet f\u00e9d\u00e9ral \u00e0 titre de pr\u00e9sident du Conseil priv\u00e9 de la Reine, de ministre des Affaires intergouvernementales et de ...\" \/>\n<meta property=\"og:url\" content=\"https:\/\/michaelchong.ca\/fr\/biographie\/\" \/>\n<meta property=\"og:site_name\" content=\"Michael Chong\" \/>\n<meta property=\"article:modified_time\" content=\"2022-03-16T22:45:32+00:00\" \/>\n<meta property=\"og:image\" content=\"https:\/\/michaelchong.ca\/fr\/wp-content\/uploads\/2022\/02\/family-e1644243969224.jpg\" \/>\n\t<meta property=\"og:image:width\" content=\"1176\" \/>\n\t<meta property=\"og:image:height\" content=\"480\" \/>\n\t<meta property=\"og:image:type\" content=\"image\/jpeg\" \/>\n<meta name=\"twitter:card\" content=\"summary_large_image\" \/>\n<meta name=\"twitter:label1\" content=\"Estimation du temps de lecture\" \/>\n\t<meta name=\"twitter:data1\" content=\"2 minutes\" \/>\n<script type=\"application\/ld+json\" class=\"yoast-schema-graph\">{\"@context\":\"https:\/\/schema.org\",\"@graph\":[{\"@type\":\"WebPage\",\"@id\":\"https:\/\/michaelchong.ca\/fr\/biographie\/\",\"url\":\"https:\/\/michaelchong.ca\/fr\/biographie\/\",\"name\":\"Biographie - Michael Chong\",\"isPartOf\":{\"@id\":\"https:\/\/michaelchong.ca\/fr\/#website\"},\"primaryImageOfPage\":{\"@id\":\"https:\/\/michaelchong.ca\/fr\/biographie\/#primaryimage\"},\"image\":{\"@id\":\"https:\/\/michaelchong.ca\/fr\/biographie\/#primaryimage\"},\"thumbnailUrl\":\"https:\/\/michaelchong.ca\/fr\/wp-content\/uploads\/2022\/02\/family-e1644243969224.jpg\",\"datePublished\":\"2010-06-23T19:34:22+00:00\",\"dateModified\":\"2022-03-16T22:45:32+00:00\",\"breadcrumb\":{\"@id\":\"https:\/\/michaelchong.ca\/fr\/biographie\/#breadcrumb\"},\"inLanguage\":\"fr-CA\",\"potentialAction\":[{\"@type\":\"ReadAction\",\"target\":[\"https:\/\/michaelchong.ca\/fr\/biographie\/\"]}]},{\"@type\":\"ImageObject\",\"inLanguage\":\"fr-CA\",\"@id\":\"https:\/\/michaelchong.ca\/fr\/biographie\/#primaryimage\",\"url\":\"https:\/\/michaelchong.ca\/fr\/wp-content\/uploads\/2022\/02\/family-e1644243969224.jpg\",\"contentUrl\":\"https:\/\/michaelchong.ca\/fr\/wp-content\/uploads\/2022\/02\/family-e1644243969224.jpg\",\"width\":1176,\"height\":480},{\"@type\":\"BreadcrumbList\",\"@id\":\"https:\/\/michaelchong.ca\/fr\/biographie\/#breadcrumb\",\"itemListElement\":[{\"@type\":\"ListItem\",\"position\":1,\"name\":\"Home\",\"item\":\"https:\/\/michaelchong.ca\/fr\/\"},{\"@type\":\"ListItem\",\"position\":2,\"name\":\"Biographie\"}]},{\"@type\":\"WebSite\",\"@id\":\"https:\/\/michaelchong.ca\/fr\/#website\",\"url\":\"https:\/\/michaelchong.ca\/fr\/\",\"name\":\"Michael Chong\",\"description\":\"D\u00e9put\u00e9 de Wellington-Halton Hills-Nord\",\"publisher\":{\"@id\":\"https:\/\/michaelchong.ca\/fr\/#organization\"},\"potentialAction\":[{\"@type\":\"SearchAction\",\"target\":{\"@type\":\"EntryPoint\",\"urlTemplate\":\"https:\/\/michaelchong.ca\/fr\/?s={search_term_string}\"},\"query-input\":{\"@type\":\"PropertyValueSpecification\",\"valueRequired\":true,\"valueName\":\"search_term_string\"}}],\"inLanguage\":\"fr-CA\"},{\"@type\":\"Organization\",\"@id\":\"https:\/\/michaelchong.ca\/fr\/#organization\",\"name\":\"Michael Chong\",\"url\":\"https:\/\/michaelchong.ca\/fr\/\",\"logo\":{\"@type\":\"ImageObject\",\"inLanguage\":\"fr-CA\",\"@id\":\"https:\/\/michaelchong.ca\/fr\/#\/schema\/logo\/image\/\",\"url\":\"https:\/\/michaelchong.ca\/fr\/wp-content\/uploads\/2025\/05\/michael-chong-logo-2025-white-fr-1.png\",\"contentUrl\":\"https:\/\/michaelchong.ca\/fr\/wp-content\/uploads\/2025\/05\/michael-chong-logo-2025-white-fr-1.png\",\"width\":1142,\"height\":255,\"caption\":\"Michael Chong\"},\"image\":{\"@id\":\"https:\/\/michaelchong.ca\/fr\/#\/schema\/logo\/image\/\"}}]}<\/script>\n<!-- \/ Yoast SEO plugin. -->","yoast_head_json":{"title":"Biographie - Michael Chong","robots":{"index":"index","follow":"follow","max-snippet":"max-snippet:-1","max-image-preview":"max-image-preview:large","max-video-preview":"max-video-preview:-1"},"canonical":"https:\/\/michaelchong.ca\/fr\/biographie\/","og_locale":"fr_CA","og_type":"article","og_title":"Biographie - Michael Chong","og_description":"Michael Chong, qui repr\u00e9sente la circonscription de Wellington-Halton Hills, a \u00e9t\u00e9 \u00e9lu pour la premi\u00e8re fois au Parlement en 2004. Il est actuellement le ministre fant\u00f4me des affaires \u00e9trang\u00e8res. En 2006, Michael a fait partie du cabinet f\u00e9d\u00e9ral \u00e0 titre de pr\u00e9sident du Conseil priv\u00e9 de la Reine, de ministre des Affaires intergouvernementales et de ...","og_url":"https:\/\/michaelchong.ca\/fr\/biographie\/","og_site_name":"Michael Chong","article_modified_time":"2022-03-16T22:45:32+00:00","og_image":[{"width":1176,"height":480,"url":"https:\/\/michaelchong.ca\/fr\/wp-content\/uploads\/2022\/02\/family-e1644243969224.jpg","type":"image\/jpeg"}],"twitter_card":"summary_large_image","twitter_misc":{"Estimation du temps de lecture":"2 minutes"},"schema":{"@context":"https:\/\/schema.org","@graph":[{"@type":"WebPage","@id":"https:\/\/michaelchong.ca\/fr\/biographie\/","url":"https:\/\/michaelchong.ca\/fr\/biographie\/","name":"Biographie - Michael Chong","isPartOf":{"@id":"https:\/\/michaelchong.ca\/fr\/#website"},"primaryImageOfPage":{"@id":"https:\/\/michaelchong.ca\/fr\/biographie\/#primaryimage"},"image":{"@id":"https:\/\/michaelchong.ca\/fr\/biographie\/#primaryimage"},"thumbnailUrl":"https:\/\/michaelchong.ca\/fr\/wp-content\/uploads\/2022\/02\/family-e1644243969224.jpg","datePublished":"2010-06-23T19:34:22+00:00","dateModified":"2022-03-16T22:45:32+00:00","breadcrumb":{"@id":"https:\/\/michaelchong.ca\/fr\/biographie\/#breadcrumb"},"inLanguage":"fr-CA","potentialAction":[{"@type":"ReadAction","target":["https:\/\/michaelchong.ca\/fr\/biographie\/"]}]},{"@type":"ImageObject","inLanguage":"fr-CA","@id":"https:\/\/michaelchong.ca\/fr\/biographie\/#primaryimage","url":"https:\/\/michaelchong.ca\/fr\/wp-content\/uploads\/2022\/02\/family-e1644243969224.jpg","contentUrl":"https:\/\/michaelchong.ca\/fr\/wp-content\/uploads\/2022\/02\/family-e1644243969224.jpg","width":1176,"height":480},{"@type":"BreadcrumbList","@id":"https:\/\/michaelchong.ca\/fr\/biographie\/#breadcrumb","itemListElement":[{"@type":"ListItem","position":1,"name":"Home","item":"https:\/\/michaelchong.ca\/fr\/"},{"@type":"ListItem","position":2,"name":"Biographie"}]},{"@type":"WebSite","@id":"https:\/\/michaelchong.ca\/fr\/#website","url":"https:\/\/michaelchong.ca\/fr\/","name":"Michael Chong","description":"D\u00e9put\u00e9 de Wellington-Halton Hills-Nord","publisher":{"@id":"https:\/\/michaelchong.ca\/fr\/#organization"},"potentialAction":[{"@type":"SearchAction","target":{"@type":"EntryPoint","urlTemplate":"https:\/\/michaelchong.ca\/fr\/?s={search_term_string}"},"query-input":{"@type":"PropertyValueSpecification","valueRequired":true,"valueName":"search_term_string"}}],"inLanguage":"fr-CA"},{"@type":"Organization","@id":"https:\/\/michaelchong.ca\/fr\/#organization","name":"Michael Chong","url":"https:\/\/michaelchong.ca\/fr\/","logo":{"@type":"ImageObject","inLanguage":"fr-CA","@id":"https:\/\/michaelchong.ca\/fr\/#\/schema\/logo\/image\/","url":"https:\/\/michaelchong.ca\/fr\/wp-content\/uploads\/2025\/05\/michael-chong-logo-2025-white-fr-1.png","contentUrl":"https:\/\/michaelchong.ca\/fr\/wp-content\/uploads\/2025\/05\/michael-chong-logo-2025-white-fr-1.png","width":1142,"height":255,"caption":"Michael Chong"},"image":{"@id":"https:\/\/michaelchong.ca\/fr\/#\/schema\/logo\/image\/"}}]}},"_links":{"self":[{"href":"https:\/\/michaelchong.ca\/fr\/wp-json\/wp\/v2\/pages\/54","targetHints":{"allow":["GET"]}}],"collection":[{"href":"https:\/\/michaelchong.ca\/fr\/wp-json\/wp\/v2\/pages"}],"about":[{"href":"https:\/\/michaelchong.ca\/fr\/wp-json\/wp\/v2\/types\/page"}],"author":[{"embeddable":true,"href":"https:\/\/michaelchong.ca\/fr\/wp-json\/wp\/v2\/users\/1"}],"replies":[{"embeddable":true,"href":"https:\/\/michaelchong.ca\/fr\/wp-json\/wp\/v2\/comments?post=54"}],"version-history":[{"count":25,"href":"https:\/\/michaelchong.ca\/fr\/wp-json\/wp\/v2\/pages\/54\/revisions"}],"predecessor-version":[{"id":3798,"href":"https:\/\/michaelchong.ca\/fr\/wp-json\/wp\/v2\/pages\/54\/revisions\/3798"}],"wp:featuredmedia":[{"embeddable":true,"href":"https:\/\/michaelchong.ca\/fr\/wp-json\/wp\/v2\/media\/3115"}],"wp:attachment":[{"href":"https:\/\/michaelchong.ca\/fr\/wp-json\/wp\/v2\/media?parent=54"}],"curies":[{"name":"wp","href":"https:\/\/api.w.org\/{rel}","templated":true}]}}