{"id":669,"date":"2012-02-24T10:48:53","date_gmt":"2012-02-24T10:48:53","guid":{"rendered":"http:\/\/michaelchong.ca\/?page_id=669"},"modified":"2022-03-17T00:32:44","modified_gmt":"2022-03-17T00:32:44","slug":"videos","status":"publish","type":"page","link":"https:\/\/michaelchong.ca\/fr\/videos\/","title":{"rendered":"Vid\u00e9os"},"content":{"rendered":"<section class=\"entry-section wp-theater-section service-youtube \">\t<header>\t\t<h3>Michael Chong<\/h3>\t<\/header><div class=\"wp-theater-bigscreen\" data-keepratio=true>\t<div class=\"wp-theater-bigscreen-inner\"><figure class=\"wp-theater-placeholder\" data-embed-class=\"wp-theater-iframe\" data-embed-url=\"\/\/www.youtube.com\/embed\/WWKEVVipNks?rel=0&#038;wmode=transparent&#038;autohide=1\"><a href=\"http:\/\/www.youtube.com\/watch?v=WWKEVVipNks\"><img loading=\"lazy\" decoding=\"async\" src=\"https:\/\/i.ytimg.com\/vi\/WWKEVVipNks\/maxresdefault.jpg\" width=\"1920\" height=\"1080\" \/><\/a><\/figure>\t\t<div class=\"wp-theater-bigscreen-options\">\t\t<a class=\"lowerlights-toggle\" title=\"Toggle Lights\" href=\"javascript:void(0)\"><span class=\"icon\">Toggle Lights<\/span><\/a>\t\t<a class=\"fullwindow-toggle\" title=\"Toggle Full Window\" href=\"javascript:void(0)\"><span class=\"icon\">Toggle Full Window<\/span><\/a>\t\t<\/div>\t<\/div><\/div>\t<ul class=\"wp-theater-listing cols-3\"><li class=\" video-preview selected\" data-id=\"WWKEVVipNks\" data-embed-url=\"\/\/www.youtube.com\/embed\/WWKEVVipNks?rel=0&#038;wmode=transparent&#038;autohide=1&#038;autoplay=1\" data-embed-width=\"1920\" data-embed-height=\"1080\"><a class=\"img-link\" href=\"\/\/www.youtube.com\/watch?v=WWKEVVipNks\" rel=\"external\" target=\"_blank\" title=\"Le Mexique n\u00e9gocie avec les \u00c9-U et fournit des mises \u00e0 jour. O\u00f9 est la mise \u00e0 jour du gouv. can ?\"><img decoding=\"async\" src=\"https:\/\/i.ytimg.com\/vi\/WWKEVVipNks\/mqdefault.jpg\" alt=\"Le Mexique n\u00e9gocie avec les \u00c9-U et fournit des mises \u00e0 jour. O\u00f9 est la mise \u00e0 jour du gouv. can ?\" \/><\/a><a class=\"title-link\" href=\"\/\/www.youtube.com\/watch?v=WWKEVVipNks\" rel=\"external\" target=\"_blank\" title=\"Le Mexique n\u00e9gocie avec les \u00c9-U et fournit des mises \u00e0 jour. O\u00f9 est la mise \u00e0 jour du gouv. can ?\"><span>Le Mexique n\u00e9gocie avec les \u00c9-U et fournit des mises \u00e0 jour. O\u00f9 est la mise \u00e0 jour du gouv. can ?<\/span><\/a><\/li><li class=\" video-preview\" data-id=\"QqMEqqRR2ko\" data-embed-url=\"\/\/www.youtube.com\/embed\/QqMEqqRR2ko?rel=0&#038;wmode=transparent&#038;autohide=1&#038;autoplay=1\" data-embed-width=\"1920\" data-embed-height=\"1080\"><a class=\"img-link\" href=\"\/\/www.youtube.com\/watch?v=QqMEqqRR2ko\" rel=\"external\" target=\"_blank\" title=\"Mexico is negotiating with US, providing formal updates. Where\u2019s the Canadian gov\u2019t\u2019s update?\"><img decoding=\"async\" src=\"https:\/\/i.ytimg.com\/vi\/QqMEqqRR2ko\/mqdefault.jpg\" alt=\"Mexico is negotiating with US, providing formal updates. Where\u2019s the Canadian gov\u2019t\u2019s update?\" \/><\/a><a class=\"title-link\" href=\"\/\/www.youtube.com\/watch?v=QqMEqqRR2ko\" rel=\"external\" target=\"_blank\" title=\"Mexico is negotiating with US, providing formal updates. Where\u2019s the Canadian gov\u2019t\u2019s update?\"><span>Mexico is negotiating with US, providing formal updates. Where\u2019s the Canadian gov\u2019t\u2019s update?<\/span><\/a><\/li><li class=\" video-preview\" data-id=\"Ma6EsU6OBgY\" data-embed-url=\"\/\/www.youtube.com\/embed\/Ma6EsU6OBgY?rel=0&#038;wmode=transparent&#038;autohide=1&#038;autoplay=1\" data-embed-width=\"1920\" data-embed-height=\"1080\"><a class=\"img-link\" href=\"\/\/www.youtube.com\/watch?v=Ma6EsU6OBgY\" rel=\"external\" target=\"_blank\" title=\"Guelph entame une ann\u00e9e de c\u00e9l\u00e9brations marquant le bicentenaire de sa fondation en 1827\"><img decoding=\"async\" src=\"https:\/\/i.ytimg.com\/vi\/Ma6EsU6OBgY\/mqdefault.jpg\" alt=\"Guelph entame une ann\u00e9e de c\u00e9l\u00e9brations marquant le bicentenaire de sa fondation en 1827\" \/><\/a><a class=\"title-link\" href=\"\/\/www.youtube.com\/watch?v=Ma6EsU6OBgY\" rel=\"external\" target=\"_blank\" title=\"Guelph entame une ann\u00e9e de c\u00e9l\u00e9brations marquant le bicentenaire de sa fondation en 1827\"><span>Guelph entame une ann\u00e9e de c\u00e9l\u00e9brations marquant le bicentenaire de sa fondation en 1827<\/span><\/a><\/li><li class=\" video-preview\" data-id=\"IfUVKkKi624\" data-embed-url=\"\/\/www.youtube.com\/embed\/IfUVKkKi624?rel=0&#038;wmode=transparent&#038;autohide=1&#038;autoplay=1\" data-embed-width=\"1920\" data-embed-height=\"1080\"><a class=\"img-link\" href=\"\/\/www.youtube.com\/watch?v=IfUVKkKi624\" rel=\"external\" target=\"_blank\" title=\"Guelph is beginning a year-long bicentennial celebration of its founding in 1827\"><img decoding=\"async\" src=\"https:\/\/i.ytimg.com\/vi\/IfUVKkKi624\/mqdefault.jpg\" alt=\"Guelph is beginning a year-long bicentennial celebration of its founding in 1827\" \/><\/a><a class=\"title-link\" href=\"\/\/www.youtube.com\/watch?v=IfUVKkKi624\" rel=\"external\" target=\"_blank\" title=\"Guelph is beginning a year-long bicentennial celebration of its founding in 1827\"><span>Guelph is beginning a year-long bicentennial celebration of its founding in 1827<\/span><\/a><\/li><li class=\" video-preview\" data-id=\"QcJslPEZNyY\" data-embed-url=\"\/\/www.youtube.com\/embed\/QcJslPEZNyY?rel=0&#038;wmode=transparent&#038;autohide=1&#038;autoplay=1\" data-embed-width=\"1920\" data-embed-height=\"1080\"><a class=\"img-link\" href=\"\/\/www.youtube.com\/watch?v=QcJslPEZNyY\" rel=\"external\" target=\"_blank\" title=\"Le gouv. a appuy\u00e9 l\u2019Iran sur un comit\u00e9 de l\u2019ONU responsable des droits de la personne. Pourquoi?\"><img decoding=\"async\" src=\"https:\/\/i.ytimg.com\/vi\/QcJslPEZNyY\/mqdefault.jpg\" alt=\"Le gouv. a appuy\u00e9 l\u2019Iran sur un comit\u00e9 de l\u2019ONU responsable des droits de la personne. Pourquoi?\" \/><\/a><a class=\"title-link\" href=\"\/\/www.youtube.com\/watch?v=QcJslPEZNyY\" rel=\"external\" target=\"_blank\" title=\"Le gouv. a appuy\u00e9 l\u2019Iran sur un comit\u00e9 de l\u2019ONU responsable des droits de la personne. Pourquoi?\"><span>Le gouv. a appuy\u00e9 l\u2019Iran sur un comit\u00e9 de l\u2019ONU responsable des droits de la personne. Pourquoi?<\/span><\/a><\/li><li class=\" video-preview\" data-id=\"oHZTefWKFsg\" data-embed-url=\"\/\/www.youtube.com\/embed\/oHZTefWKFsg?rel=0&#038;wmode=transparent&#038;autohide=1&#038;autoplay=1\" data-embed-width=\"1920\" data-embed-height=\"1080\"><a class=\"img-link\" href=\"\/\/www.youtube.com\/watch?v=oHZTefWKFsg\" rel=\"external\" target=\"_blank\" title=\"The gov\u2019t supported Iran\u2019s membership to a UN committee which oversees human rights. Why?\"><img decoding=\"async\" src=\"https:\/\/i.ytimg.com\/vi\/oHZTefWKFsg\/mqdefault.jpg\" alt=\"The gov\u2019t supported Iran\u2019s membership to a UN committee which oversees human rights. Why?\" \/><\/a><a class=\"title-link\" href=\"\/\/www.youtube.com\/watch?v=oHZTefWKFsg\" rel=\"external\" target=\"_blank\" title=\"The gov\u2019t supported Iran\u2019s membership to a UN committee which oversees human rights. Why?\"><span>The gov\u2019t supported Iran\u2019s membership to a UN committee which oversees human rights. Why?<\/span><\/a><\/li><li class=\" video-preview\" data-id=\"ZK8zdoLMW8s\" data-embed-url=\"\/\/www.youtube.com\/embed\/ZK8zdoLMW8s?rel=0&#038;wmode=transparent&#038;autohide=1&#038;autoplay=1\" data-embed-width=\"1920\" data-embed-height=\"1080\"><a class=\"img-link\" href=\"\/\/www.youtube.com\/watch?v=ZK8zdoLMW8s\" rel=\"external\" target=\"_blank\" title=\"Le gouv estime-t-il toujours que le travail forc\u00e9 des Ou\u00efghours a eu lieu et continue d\u2019avoir lieu ?\"><img decoding=\"async\" src=\"https:\/\/i.ytimg.com\/vi\/ZK8zdoLMW8s\/mqdefault.jpg\" alt=\"Le gouv estime-t-il toujours que le travail forc\u00e9 des Ou\u00efghours a eu lieu et continue d\u2019avoir lieu ?\" \/><\/a><a class=\"title-link\" href=\"\/\/www.youtube.com\/watch?v=ZK8zdoLMW8s\" rel=\"external\" target=\"_blank\" title=\"Le gouv estime-t-il toujours que le travail forc\u00e9 des Ou\u00efghours a eu lieu et continue d\u2019avoir lieu ?\"><span>Le gouv estime-t-il toujours que le travail forc\u00e9 des Ou\u00efghours a eu lieu et continue d\u2019avoir lieu ?<\/span><\/a><\/li><li class=\" video-preview\" data-id=\"rtWiCla-9wo\" data-embed-url=\"\/\/www.youtube.com\/embed\/rtWiCla-9wo?rel=0&#038;wmode=transparent&#038;autohide=1&#038;autoplay=1\" data-embed-width=\"1920\" data-embed-height=\"1080\"><a class=\"img-link\" href=\"\/\/www.youtube.com\/watch?v=rtWiCla-9wo\" rel=\"external\" target=\"_blank\" title=\"Does the government still assess that Uyghur forced labour has and is taking place?\"><img decoding=\"async\" src=\"https:\/\/i.ytimg.com\/vi\/rtWiCla-9wo\/mqdefault.jpg\" alt=\"Does the government still assess that Uyghur forced labour has and is taking place?\" \/><\/a><a class=\"title-link\" href=\"\/\/www.youtube.com\/watch?v=rtWiCla-9wo\" rel=\"external\" target=\"_blank\" title=\"Does the government still assess that Uyghur forced labour has and is taking place?\"><span>Does the government still assess that Uyghur forced labour has and is taking place?<\/span><\/a><\/li><li class=\" video-preview\" data-id=\"qk0FfVbix8A\" data-embed-url=\"\/\/www.youtube.com\/embed\/qk0FfVbix8A?rel=0&#038;wmode=transparent&#038;autohide=1&#038;autoplay=1\" data-embed-width=\"1920\" data-embed-height=\"1080\"><a class=\"img-link\" href=\"\/\/www.youtube.com\/watch?v=qk0FfVbix8A\" rel=\"external\" target=\"_blank\" title=\"La guerre en Iran augmente les prix mondiaux du p\u00e9trole et du GNL. Le Canada devrait combler ce vide\"><img decoding=\"async\" src=\"https:\/\/i.ytimg.com\/vi\/qk0FfVbix8A\/mqdefault.jpg\" alt=\"La guerre en Iran augmente les prix mondiaux du p\u00e9trole et du GNL. Le Canada devrait combler ce vide\" \/><\/a><a class=\"title-link\" href=\"\/\/www.youtube.com\/watch?v=qk0FfVbix8A\" rel=\"external\" target=\"_blank\" title=\"La guerre en Iran augmente les prix mondiaux du p\u00e9trole et du GNL. Le Canada devrait combler ce vide\"><span>La guerre en Iran augmente les prix mondiaux du p\u00e9trole et du GNL. Le Canada devrait combler ce vide<\/span><\/a><\/li><li class=\" video-preview\" data-id=\"5TvgZYX77no\" data-embed-url=\"\/\/www.youtube.com\/embed\/5TvgZYX77no?rel=0&#038;wmode=transparent&#038;autohide=1&#038;autoplay=1\" data-embed-width=\"1920\" data-embed-height=\"1080\"><a class=\"img-link\" href=\"\/\/www.youtube.com\/watch?v=5TvgZYX77no\" rel=\"external\" target=\"_blank\" title=\"The Iran War is Affecting Global Oil and LNG Prices. Canada Should Fill this Void.\"><img decoding=\"async\" src=\"https:\/\/i.ytimg.com\/vi\/5TvgZYX77no\/mqdefault.jpg\" alt=\"The Iran War is Affecting Global Oil and LNG Prices. Canada Should Fill this Void.\" \/><\/a><a class=\"title-link\" href=\"\/\/www.youtube.com\/watch?v=5TvgZYX77no\" rel=\"external\" target=\"_blank\" title=\"The Iran War is Affecting Global Oil and LNG Prices. Canada Should Fill this Void.\"><span>The Iran War is Affecting Global Oil and LNG Prices. Canada Should Fill this Void.<\/span><\/a><\/li><li class=\" video-preview\" data-id=\"Td1Ih3EVOLk\" data-embed-url=\"\/\/www.youtube.com\/embed\/Td1Ih3EVOLk?rel=0&#038;wmode=transparent&#038;autohide=1&#038;autoplay=1\" data-embed-width=\"1920\" data-embed-height=\"1080\"><a class=\"img-link\" href=\"\/\/www.youtube.com\/watch?v=Td1Ih3EVOLk\" rel=\"external\" target=\"_blank\" title=\"Le proc\u00e8s &amp; la peine de Jimmy Lai est une violation de la D\u00e9claration conjointe sino-britannique\"><img decoding=\"async\" src=\"https:\/\/i.ytimg.com\/vi\/Td1Ih3EVOLk\/mqdefault.jpg\" alt=\"Le proc\u00e8s &amp; la peine de Jimmy Lai est une violation de la D\u00e9claration conjointe sino-britannique\" \/><\/a><a class=\"title-link\" href=\"\/\/www.youtube.com\/watch?v=Td1Ih3EVOLk\" rel=\"external\" target=\"_blank\" title=\"Le proc\u00e8s &amp; la peine de Jimmy Lai est une violation de la D\u00e9claration conjointe sino-britannique\"><span>Le proc\u00e8s &amp; la peine de Jimmy Lai est une violation de la D\u00e9claration conjointe sino-britannique<\/span><\/a><\/li><li class=\" video-preview\" data-id=\"TTtSzX0Ktl4\" data-embed-url=\"\/\/www.youtube.com\/embed\/TTtSzX0Ktl4?rel=0&#038;wmode=transparent&#038;autohide=1&#038;autoplay=1\" data-embed-width=\"1920\" data-embed-height=\"1080\"><a class=\"img-link\" href=\"\/\/www.youtube.com\/watch?v=TTtSzX0Ktl4\" rel=\"external\" target=\"_blank\" title=\"Jimmy Lai&#039;s Sham Trial &amp; Sentence is a Violation of the Sino-British Joint Declaration - Release Him\"><img decoding=\"async\" src=\"https:\/\/i.ytimg.com\/vi\/TTtSzX0Ktl4\/mqdefault.jpg\" alt=\"Jimmy Lai&#039;s Sham Trial &amp; Sentence is a Violation of the Sino-British Joint Declaration - Release Him\" \/><\/a><a class=\"title-link\" href=\"\/\/www.youtube.com\/watch?v=TTtSzX0Ktl4\" rel=\"external\" target=\"_blank\" title=\"Jimmy Lai&#039;s Sham Trial &amp; Sentence is a Violation of the Sino-British Joint Declaration - Release Him\"><span>Jimmy Lai's Sham Trial &amp; Sentence is a Violation of the Sino-British Joint Declaration - Release Him<\/span><\/a><\/li>\t<\/ul>\t<footer>\t\t<a href=\"http:\/\/www.youtube.com\/watch?v=WWKEVVipNks&#038;list=UUdMo63irR5jYrTM_rrsIZ8A\" title=\"More Michael Chong\" rel=\"external\" target=\"_blank\" class=\"wp-theater-more-link\"><span>More Michael Chong<\/span><\/a>\t<\/footer><\/section>\n","protected":false},"excerpt":{"rendered":"","protected":false},"author":1,"featured_media":0,"parent":0,"menu_order":7,"comment_status":"open","ping_status":"open","template":"","meta":{"_acf_changed":false,"footnotes":"","_links_to":"","_links_to_target":""},"class_list":["post-669","page","type-page","status-publish","hentry"],"acf":[],"yoast_head":"<!-- This site is optimized with the Yoast SEO plugin v27.0 - https:\/\/yoast.com\/product\/yoast-seo-wordpress\/ -->\n<title>Vid\u00e9os - Michael Chong<\/title>\n<meta name=\"robots\" content=\"index, follow, max-snippet:-1, max-image-preview:large, max-video-preview:-1\" \/>\n<link rel=\"canonical\" href=\"https:\/\/michaelchong.ca\/fr\/videos\/\" \/>\n<meta property=\"og:locale\" content=\"fr_CA\" \/>\n<meta property=\"og:type\" content=\"article\" \/>\n<meta property=\"og:title\" content=\"Vid\u00e9os - Michael Chong\" \/>\n<meta property=\"og:url\" content=\"https:\/\/michaelchong.ca\/fr\/videos\/\" \/>\n<meta property=\"og:site_name\" content=\"Michael Chong\" \/>\n<meta property=\"article:modified_time\" content=\"2022-03-17T00:32:44+00:00\" \/>\n<meta name=\"twitter:card\" content=\"summary_large_image\" \/>\n<script type=\"application\/ld+json\" class=\"yoast-schema-graph\">{\"@context\":\"https:\/\/schema.org\",\"@graph\":[{\"@type\":\"WebPage\",\"@id\":\"https:\/\/michaelchong.ca\/fr\/videos\/\",\"url\":\"https:\/\/michaelchong.ca\/fr\/videos\/\",\"name\":\"Vid\u00e9os - Michael Chong\",\"isPartOf\":{\"@id\":\"https:\/\/michaelchong.ca\/fr\/#website\"},\"datePublished\":\"2012-02-24T10:48:53+00:00\",\"dateModified\":\"2022-03-17T00:32:44+00:00\",\"breadcrumb\":{\"@id\":\"https:\/\/michaelchong.ca\/fr\/videos\/#breadcrumb\"},\"inLanguage\":\"fr-CA\",\"potentialAction\":[{\"@type\":\"ReadAction\",\"target\":[\"https:\/\/michaelchong.ca\/fr\/videos\/\"]}]},{\"@type\":\"BreadcrumbList\",\"@id\":\"https:\/\/michaelchong.ca\/fr\/videos\/#breadcrumb\",\"itemListElement\":[{\"@type\":\"ListItem\",\"position\":1,\"name\":\"Home\",\"item\":\"https:\/\/michaelchong.ca\/fr\/\"},{\"@type\":\"ListItem\",\"position\":2,\"name\":\"Vid\u00e9os\"}]},{\"@type\":\"WebSite\",\"@id\":\"https:\/\/michaelchong.ca\/fr\/#website\",\"url\":\"https:\/\/michaelchong.ca\/fr\/\",\"name\":\"Michael Chong\",\"description\":\"D\u00e9put\u00e9 de Wellington-Halton Hills-Nord\",\"publisher\":{\"@id\":\"https:\/\/michaelchong.ca\/fr\/#organization\"},\"potentialAction\":[{\"@type\":\"SearchAction\",\"target\":{\"@type\":\"EntryPoint\",\"urlTemplate\":\"https:\/\/michaelchong.ca\/fr\/?s={search_term_string}\"},\"query-input\":{\"@type\":\"PropertyValueSpecification\",\"valueRequired\":true,\"valueName\":\"search_term_string\"}}],\"inLanguage\":\"fr-CA\"},{\"@type\":\"Organization\",\"@id\":\"https:\/\/michaelchong.ca\/fr\/#organization\",\"name\":\"Michael Chong\",\"url\":\"https:\/\/michaelchong.ca\/fr\/\",\"logo\":{\"@type\":\"ImageObject\",\"inLanguage\":\"fr-CA\",\"@id\":\"https:\/\/michaelchong.ca\/fr\/#\/schema\/logo\/image\/\",\"url\":\"https:\/\/michaelchong.ca\/fr\/wp-content\/uploads\/2025\/05\/michael-chong-logo-2025-white-fr-1.png\",\"contentUrl\":\"https:\/\/michaelchong.ca\/fr\/wp-content\/uploads\/2025\/05\/michael-chong-logo-2025-white-fr-1.png\",\"width\":1142,\"height\":255,\"caption\":\"Michael Chong\"},\"image\":{\"@id\":\"https:\/\/michaelchong.ca\/fr\/#\/schema\/logo\/image\/\"}}]}<\/script>\n<!-- \/ Yoast SEO plugin. -->","yoast_head_json":{"title":"Vid\u00e9os - Michael Chong","robots":{"index":"index","follow":"follow","max-snippet":"max-snippet:-1","max-image-preview":"max-image-preview:large","max-video-preview":"max-video-preview:-1"},"canonical":"https:\/\/michaelchong.ca\/fr\/videos\/","og_locale":"fr_CA","og_type":"article","og_title":"Vid\u00e9os - Michael Chong","og_url":"https:\/\/michaelchong.ca\/fr\/videos\/","og_site_name":"Michael Chong","article_modified_time":"2022-03-17T00:32:44+00:00","twitter_card":"summary_large_image","schema":{"@context":"https:\/\/schema.org","@graph":[{"@type":"WebPage","@id":"https:\/\/michaelchong.ca\/fr\/videos\/","url":"https:\/\/michaelchong.ca\/fr\/videos\/","name":"Vid\u00e9os - Michael Chong","isPartOf":{"@id":"https:\/\/michaelchong.ca\/fr\/#website"},"datePublished":"2012-02-24T10:48:53+00:00","dateModified":"2022-03-17T00:32:44+00:00","breadcrumb":{"@id":"https:\/\/michaelchong.ca\/fr\/videos\/#breadcrumb"},"inLanguage":"fr-CA","potentialAction":[{"@type":"ReadAction","target":["https:\/\/michaelchong.ca\/fr\/videos\/"]}]},{"@type":"BreadcrumbList","@id":"https:\/\/michaelchong.ca\/fr\/videos\/#breadcrumb","itemListElement":[{"@type":"ListItem","position":1,"name":"Home","item":"https:\/\/michaelchong.ca\/fr\/"},{"@type":"ListItem","position":2,"name":"Vid\u00e9os"}]},{"@type":"WebSite","@id":"https:\/\/michaelchong.ca\/fr\/#website","url":"https:\/\/michaelchong.ca\/fr\/","name":"Michael Chong","description":"D\u00e9put\u00e9 de Wellington-Halton Hills-Nord","publisher":{"@id":"https:\/\/michaelchong.ca\/fr\/#organization"},"potentialAction":[{"@type":"SearchAction","target":{"@type":"EntryPoint","urlTemplate":"https:\/\/michaelchong.ca\/fr\/?s={search_term_string}"},"query-input":{"@type":"PropertyValueSpecification","valueRequired":true,"valueName":"search_term_string"}}],"inLanguage":"fr-CA"},{"@type":"Organization","@id":"https:\/\/michaelchong.ca\/fr\/#organization","name":"Michael Chong","url":"https:\/\/michaelchong.ca\/fr\/","logo":{"@type":"ImageObject","inLanguage":"fr-CA","@id":"https:\/\/michaelchong.ca\/fr\/#\/schema\/logo\/image\/","url":"https:\/\/michaelchong.ca\/fr\/wp-content\/uploads\/2025\/05\/michael-chong-logo-2025-white-fr-1.png","contentUrl":"https:\/\/michaelchong.ca\/fr\/wp-content\/uploads\/2025\/05\/michael-chong-logo-2025-white-fr-1.png","width":1142,"height":255,"caption":"Michael Chong"},"image":{"@id":"https:\/\/michaelchong.ca\/fr\/#\/schema\/logo\/image\/"}}]}},"_links":{"self":[{"href":"https:\/\/michaelchong.ca\/fr\/wp-json\/wp\/v2\/pages\/669","targetHints":{"allow":["GET"]}}],"collection":[{"href":"https:\/\/michaelchong.ca\/fr\/wp-json\/wp\/v2\/pages"}],"about":[{"href":"https:\/\/michaelchong.ca\/fr\/wp-json\/wp\/v2\/types\/page"}],"author":[{"embeddable":true,"href":"https:\/\/michaelchong.ca\/fr\/wp-json\/wp\/v2\/users\/1"}],"replies":[{"embeddable":true,"href":"https:\/\/michaelchong.ca\/fr\/wp-json\/wp\/v2\/comments?post=669"}],"version-history":[{"count":4,"href":"https:\/\/michaelchong.ca\/fr\/wp-json\/wp\/v2\/pages\/669\/revisions"}],"predecessor-version":[{"id":3856,"href":"https:\/\/michaelchong.ca\/fr\/wp-json\/wp\/v2\/pages\/669\/revisions\/3856"}],"wp:attachment":[{"href":"https:\/\/michaelchong.ca\/fr\/wp-json\/wp\/v2\/media?parent=669"}],"curies":[{"name":"wp","href":"https:\/\/api.w.org\/{rel}","templated":true}]}}