{"id":83,"date":"2010-06-23T20:47:25","date_gmt":"2010-06-23T20:47:25","guid":{"rendered":"http:\/\/bevoda.ca\/"},"modified":"2025-05-08T17:26:53","modified_gmt":"2025-05-08T21:26:53","slug":"accueil","status":"publish","type":"page","link":"https:\/\/michaelchong.ca\/fr\/","title":{"rendered":"Accueil"},"content":{"rendered":"<div id=\"pl-83\"  class=\"panel-layout\" ><div id=\"pg-83-0\"  class=\"panel-grid panel-has-style\" ><div class=\"panel-row-style panel-row-style-for-83-0\" ><div id=\"pgc-83-0-0\"  class=\"panel-grid-cell\" ><div id=\"panel-83-0-0-0\" class=\"so-panel widget widget_sow-editor panel-first-child panel-last-child\" data-index=\"0\" ><div class=\"container front-hero-image color--white  panel-widget-style panel-widget-style-for-83-0-0-0\" ><div\n\t\t\t\n\t\t\tclass=\"so-widget-sow-editor so-widget-sow-editor-base\"\n\t\t\t\n\t\t>\n<div class=\"siteorigin-widget-tinymce textwidget\">\n\t<h1>Michael Chong<\/h1>\n<h4 class=\"underline\">D\u00e9put\u00e9 de <b>Wellington-Halton Hills-Nord<\/b><\/h4>\n<\/div>\n<\/div><\/div><\/div><\/div><\/div><\/div><div id=\"pg-83-1\"  class=\"panel-grid panel-has-style\" ><div class=\"text-center space--md mt--0 section--card  panel-row-style panel-row-style-for-83-1\" ><div id=\"pgc-83-1-0\"  class=\"panel-grid-cell\" ><div id=\"panel-83-1-0-0\" class=\"widget_text so-panel widget widget_custom_html panel-first-child panel-last-child\" data-index=\"1\" ><div class=\"widget_text no-underline panel-widget-style panel-widget-style-for-83-1-0-0\" ><div class=\"textwidget custom-html-widget\"><a href=\"\/fr\/contacter\/\" style=\"display: block;\">\n<div class=\"height-25 action-item boxed stat-simple imagebg mb--0\">\n<h3>Contacter Michael<\/h3>\n<\/div>\n<\/a><\/div><\/div><\/div><\/div><div id=\"pgc-83-1-1\"  class=\"panel-grid-cell\" ><div id=\"panel-83-1-1-0\" class=\"widget_text so-panel widget widget_custom_html panel-first-child panel-last-child\" data-index=\"2\" ><div class=\"widget_text no-underline panel-widget-style panel-widget-style-for-83-1-1-0\" ><div class=\"textwidget custom-html-widget\"><a href=\"\/fr\/services\/\" style=\"display: block;\">\n<div class=\"height-25 action-item boxed stat-simple imagebg mb--0\" >\n<h3>Les services locaux<\/h3>\n<\/div>\n<\/a><\/div><\/div><\/div><\/div><div id=\"pgc-83-1-2\"  class=\"panel-grid-cell\" ><div id=\"panel-83-1-2-0\" class=\"widget_text so-panel widget widget_custom_html panel-first-child panel-last-child\" data-index=\"3\" ><div class=\"widget_text no-underline panel-widget-style panel-widget-style-for-83-1-2-0\" ><div class=\"textwidget custom-html-widget\"><a href=\"#\" data-notification-link=\"signup\" style=\"display: block;\">\n<div class=\"height-25 action-item boxed stat-simple imagebg mb--0\">\n<h3>Abonnement au bulletin<\/h3>\n<\/div>\n<\/a><\/div><\/div><\/div><\/div><\/div><\/div><div id=\"pg-83-2\"  class=\"panel-grid panel-has-style\" ><div class=\"bg--tertiary fade-in-up panel-row-style panel-row-style-for-83-2\" ><div id=\"pgc-83-2-0\"  class=\"panel-grid-cell\" ><div id=\"panel-83-2-0-0\" class=\"so-panel widget widget_sow-editor panel-first-child\" data-index=\"4\" ><div\n\t\t\t\n\t\t\tclass=\"so-widget-sow-editor so-widget-sow-editor-base\"\n\t\t\t\n\t\t>\n<div class=\"siteorigin-widget-tinymce textwidget\">\n\t<div class=\"section-title text-center\">\n<h3>Nouvelles r\u00e9centes<\/h3>\n<\/div>\n<\/div>\n<\/div><\/div><div id=\"panel-83-2-0-1\" class=\"so-panel widget widget_siteorigin-panels-postloop\" data-index=\"5\" >\n\n\n<section class=\"space--sm pt--0\" style=\"background: none;\">\n           \n                <div class=\"col-md-12\">\n                    \n                    <div class=\"row\">\n\n                                                \n                         <div class=\"col-md-6\">\n                            <div class=\"boxed boxed--sm boxed--border stat-simple bg--white\">\n                                <div class=\"background-image-holder\">\n                                                                    <\/div>\n                                <div class=\"boxed-bg\">\n                                    <h4 class=\"mb--20\">\n                                        <a href=\"https:\/\/michaelchong.ca\/fr\/2024\/11\/19\/les-conservateurs-denoncent-la-condamnation-des-45-militants-pro-democratie-de-hong-kong\/\" title=\"Les conservateurs d\u00e9noncent la condamnation des 45 militants pro-d\u00e9mocratie de Hong Kong\">Les conservateurs d\u00e9noncent la condamnation des 45 militants pro-d\u00e9mocratie de Hong Kong<\/a>\n                                    <\/h4>\n                                    <h5 class=\"pb--20 date-time\">\n                                      19 novembre, 2024                                    <\/h5>\n                                    \n <a href=\"https:\/\/michaelchong.ca\/fr\/2024\/11\/19\/les-conservateurs-denoncent-la-condamnation-des-45-militants-pro-democratie-de-hong-kong\/\" title=\"Les conservateurs d\u00e9noncent la condamnation des 45 militants pro-d\u00e9mocratie de Hong Kong\">\n                                        <span class=\"btn__text\">Suite<\/span>\n                        <i class=\"fa-solid fa-arrow-right\"><\/i>\n                                    <\/a>\n\n                                    \n                                <\/div>\n                            <\/div>\n                        <\/div>\n\n        \n\n                 \n                                                \n                         <div class=\"col-md-6\">\n                            <div class=\"boxed boxed--sm boxed--border stat-simple bg--white\">\n                                <div class=\"background-image-holder\">\n                                                                    <\/div>\n                                <div class=\"boxed-bg\">\n                                    <h4 class=\"mb--20\">\n                                        <a href=\"https:\/\/michaelchong.ca\/fr\/2023\/10\/30\/compte-rendu-le-ministre-du-cabinet-fantome-conservateur-responsable-des-affaires-etrangeres-lhonorable-michael-chong-rencontre-lambassadeur-disrael-au-canada-son-excell\/\" title=\"Compte rendu : le ministre du Cabinet fant\u00f4me conservateur responsable des Affaires \u00e9trang\u00e8res, l\u2019honorable Michael Chong, rencontre l\u2019ambassadeur d\u2019Isra\u00ebl au Canada Son Excellence Iddo Moed, et Mme Nira Staretz, ministre de l\u2019Ambassade de l\u2019\u00c9tat d\u2019Isra\u00ebl\">Compte rendu : le ministre du Cabinet fant\u00f4me conservateur responsable des Affaires \u00e9trang\u00e8res, l\u2019honorable Michael Chong, rencontre l\u2019ambassadeur d\u2019Isra\u00ebl au Canada Son Excellence Iddo Moed, et Mme Nira Staretz, ministre de l\u2019Ambassade de l\u2019\u00c9tat d\u2019Isra\u00ebl<\/a>\n                                    <\/h4>\n                                    <h5 class=\"pb--20 date-time\">\n                                      30 octobre, 2023                                    <\/h5>\n                                    \n <a href=\"https:\/\/michaelchong.ca\/fr\/2023\/10\/30\/compte-rendu-le-ministre-du-cabinet-fantome-conservateur-responsable-des-affaires-etrangeres-lhonorable-michael-chong-rencontre-lambassadeur-disrael-au-canada-son-excell\/\" title=\"Compte rendu : le ministre du Cabinet fant\u00f4me conservateur responsable des Affaires \u00e9trang\u00e8res, l\u2019honorable Michael Chong, rencontre l\u2019ambassadeur d\u2019Isra\u00ebl au Canada Son Excellence Iddo Moed, et Mme Nira Staretz, ministre de l\u2019Ambassade de l\u2019\u00c9tat d\u2019Isra\u00ebl\">\n                                        <span class=\"btn__text\">Suite<\/span>\n                        <i class=\"fa-solid fa-arrow-right\"><\/i>\n                                    <\/a>\n\n                                    \n                                <\/div>\n                            <\/div>\n                        <\/div>\n\n        \n\n                 \n                        \n  \n                          \n\n                    <\/div>\n                    <!--end of row-->\n                    \n                <\/div>\n                <!--end of container-->\n            <\/section><\/div><div id=\"panel-83-2-0-2\" class=\"widget_text so-panel widget widget_custom_html panel-last-child\" data-index=\"6\" ><div class=\"widget_text text-center panel-widget-style panel-widget-style-for-83-2-0-2\" ><div class=\"textwidget custom-html-widget\"><a href=\"\/fr\/category\/news\/\" class=\"btn btn--secondary--outline\">\n<span class=\"btn__text\">D'autres nouvelles<\/span>\n<i class=\"ion-arrow-right-c\"><\/i>\n<\/a><\/div><\/div><\/div><\/div><\/div><\/div><div id=\"pg-83-3\"  class=\"panel-grid panel-has-style\" ><div class=\"bg--white fade-in-down panel-row-style panel-row-style-for-83-3\" ><div id=\"pgc-83-3-0\"  class=\"panel-grid-cell\" ><div id=\"panel-83-3-0-0\" class=\"so-panel widget widget_sow-editor panel-first-child\" data-index=\"7\" ><div\n\t\t\t\n\t\t\tclass=\"so-widget-sow-editor so-widget-sow-editor-base\"\n\t\t\t\n\t\t>\n<div class=\"siteorigin-widget-tinymce textwidget\">\n\t<div class=\"section-title text-center\">\n<h4>Les derniers vid\u00e9os<\/h4>\n<\/div>\n<\/div>\n<\/div><\/div><div id=\"panel-83-3-0-1\" class=\"so-panel widget widget_sow-editor panel-last-child\" data-index=\"8\" ><div\n\t\t\t\n\t\t\tclass=\"so-widget-sow-editor so-widget-sow-editor-base\"\n\t\t\t\n\t\t>\n<div class=\"siteorigin-widget-tinymce textwidget\">\n\t<section class=\"entry-section wp-theater-section service-youtube \">\t<header>\t\t<h3>Michael Chong<\/h3>\t<\/header><div class=\"wp-theater-bigscreen\" data-keepratio=true>\t<div class=\"wp-theater-bigscreen-inner\"><figure class=\"wp-theater-placeholder\" data-embed-class=\"wp-theater-iframe\" data-embed-url=\"\/\/www.youtube.com\/embed\/WWKEVVipNks?rel=0&#038;wmode=transparent&#038;autohide=1\"><a href=\"http:\/\/www.youtube.com\/watch?v=WWKEVVipNks\"><img loading=\"lazy\" decoding=\"async\" src=\"https:\/\/i.ytimg.com\/vi\/WWKEVVipNks\/maxresdefault.jpg\" width=\"1920\" height=\"1080\" \/><\/a><\/figure>\t\t<div class=\"wp-theater-bigscreen-options\">\t\t<a class=\"lowerlights-toggle\" title=\"Toggle Lights\" href=\"javascript:void(0)\"><span class=\"icon\">Toggle Lights<\/span><\/a>\t\t<a class=\"fullwindow-toggle\" title=\"Toggle Full Window\" href=\"javascript:void(0)\"><span class=\"icon\">Toggle Full Window<\/span><\/a>\t\t<\/div>\t<\/div><\/div>\t<ul class=\"wp-theater-listing cols-3\"><li class=\" video-preview selected\" data-id=\"WWKEVVipNks\" data-embed-url=\"\/\/www.youtube.com\/embed\/WWKEVVipNks?rel=0&#038;wmode=transparent&#038;autohide=1&#038;autoplay=1\" data-embed-width=\"1920\" data-embed-height=\"1080\"><a class=\"img-link\" href=\"\/\/www.youtube.com\/watch?v=WWKEVVipNks\" rel=\"external\" target=\"_blank\" title=\"Le Mexique n\u00e9gocie avec les \u00c9-U et fournit des mises \u00e0 jour. O\u00f9 est la mise \u00e0 jour du gouv. can ?\"><img decoding=\"async\" src=\"https:\/\/i.ytimg.com\/vi\/WWKEVVipNks\/mqdefault.jpg\" alt=\"Le Mexique n\u00e9gocie avec les \u00c9-U et fournit des mises \u00e0 jour. O\u00f9 est la mise \u00e0 jour du gouv. can ?\" \/><\/a><a class=\"title-link\" href=\"\/\/www.youtube.com\/watch?v=WWKEVVipNks\" rel=\"external\" target=\"_blank\" title=\"Le Mexique n\u00e9gocie avec les \u00c9-U et fournit des mises \u00e0 jour. O\u00f9 est la mise \u00e0 jour du gouv. can ?\"><span>Le Mexique n\u00e9gocie avec les \u00c9-U et fournit des mises \u00e0 jour. O\u00f9 est la mise \u00e0 jour du gouv. can ?<\/span><\/a><\/li><li class=\" video-preview\" data-id=\"QqMEqqRR2ko\" data-embed-url=\"\/\/www.youtube.com\/embed\/QqMEqqRR2ko?rel=0&#038;wmode=transparent&#038;autohide=1&#038;autoplay=1\" data-embed-width=\"1920\" data-embed-height=\"1080\"><a class=\"img-link\" href=\"\/\/www.youtube.com\/watch?v=QqMEqqRR2ko\" rel=\"external\" target=\"_blank\" title=\"Mexico is negotiating with US, providing formal updates. Where\u2019s the Canadian gov\u2019t\u2019s update?\"><img decoding=\"async\" src=\"https:\/\/i.ytimg.com\/vi\/QqMEqqRR2ko\/mqdefault.jpg\" alt=\"Mexico is negotiating with US, providing formal updates. Where\u2019s the Canadian gov\u2019t\u2019s update?\" \/><\/a><a class=\"title-link\" href=\"\/\/www.youtube.com\/watch?v=QqMEqqRR2ko\" rel=\"external\" target=\"_blank\" title=\"Mexico is negotiating with US, providing formal updates. Where\u2019s the Canadian gov\u2019t\u2019s update?\"><span>Mexico is negotiating with US, providing formal updates. Where\u2019s the Canadian gov\u2019t\u2019s update?<\/span><\/a><\/li><li class=\" video-preview\" data-id=\"Ma6EsU6OBgY\" data-embed-url=\"\/\/www.youtube.com\/embed\/Ma6EsU6OBgY?rel=0&#038;wmode=transparent&#038;autohide=1&#038;autoplay=1\" data-embed-width=\"1920\" data-embed-height=\"1080\"><a class=\"img-link\" href=\"\/\/www.youtube.com\/watch?v=Ma6EsU6OBgY\" rel=\"external\" target=\"_blank\" title=\"Guelph entame une ann\u00e9e de c\u00e9l\u00e9brations marquant le bicentenaire de sa fondation en 1827\"><img decoding=\"async\" src=\"https:\/\/i.ytimg.com\/vi\/Ma6EsU6OBgY\/mqdefault.jpg\" alt=\"Guelph entame une ann\u00e9e de c\u00e9l\u00e9brations marquant le bicentenaire de sa fondation en 1827\" \/><\/a><a class=\"title-link\" href=\"\/\/www.youtube.com\/watch?v=Ma6EsU6OBgY\" rel=\"external\" target=\"_blank\" title=\"Guelph entame une ann\u00e9e de c\u00e9l\u00e9brations marquant le bicentenaire de sa fondation en 1827\"><span>Guelph entame une ann\u00e9e de c\u00e9l\u00e9brations marquant le bicentenaire de sa fondation en 1827<\/span><\/a><\/li>\t<\/ul>\t<footer>\t\t<a href=\"http:\/\/www.youtube.com\/watch?v=WWKEVVipNks&#038;list=UUdMo63irR5jYrTM_rrsIZ8A\" title=\"More Michael Chong\" rel=\"external\" target=\"_blank\" class=\"wp-theater-more-link\"><span>More Michael Chong<\/span><\/a>\t<\/footer><\/section>\n<\/div>\n<\/div><\/div><\/div><div id=\"pgc-83-3-1\"  class=\"panel-grid-cell\" ><div id=\"panel-83-3-1-0\" class=\"so-panel widget widget_sow-editor panel-first-child\" data-index=\"9\" ><div\n\t\t\t\n\t\t\tclass=\"so-widget-sow-editor so-widget-sow-editor-base\"\n\t\t\t\n\t\t>\n<div class=\"siteorigin-widget-tinymce textwidget\">\n\t<div class=\"section-title text-center\">\n<h4>Michael sur Twitter<\/h4>\n<\/div>\n<\/div>\n<\/div><\/div><div id=\"panel-83-3-1-1\" class=\"widget_text so-panel widget widget_custom_html panel-last-child\" data-index=\"10\" ><div class=\"textwidget custom-html-widget\"><a class=\"twitter-timeline\" data-height=\"500\" data-tweet-limit=\"5\" href=\"https:\/\/twitter.com\/MichaelChongMP?ref_src=twsrc%5Etfw\">Tweets par MichaelChongMP<\/a> <script async src=\"https:\/\/platform.twitter.com\/widgets.js\" charset=\"utf-8\"><\/script>\n\n<\/div><\/div><\/div><\/div><\/div><div id=\"pg-83-4\"  class=\"panel-grid panel-has-style\" ><div class=\"height-60 bg--primary imageblock imageblock--lg  panel-row-style panel-row-style-for-83-4\" ><div id=\"pgc-83-4-0\"  class=\"panel-grid-cell\" ><div id=\"panel-83-4-0-0\" class=\"so-panel widget widget_sow-editor panel-first-child panel-last-child\" data-index=\"11\" ><div class=\"meet panel-widget-style panel-widget-style-for-83-4-0-0\" ><div\n\t\t\t\n\t\t\tclass=\"so-widget-sow-editor so-widget-sow-editor-base\"\n\t\t\t\n\t\t>\n<div class=\"siteorigin-widget-tinymce textwidget\">\n\t<h3 class=\"color--white special-heading underline\"><strong>\u00c0 propos de Michael<\/strong><\/h3>\n<h4 class=\"color--white mb--20\" style=\"font-size: 1em;\">D\u00e9pute de Wellington-Halton Hills-Nord<\/h4>\n<p>Michael Chong, qui repr\u00e9sente la circonscription de Wellington-Halton Hills-Nord, a \u00e9t\u00e9 \u00e9lu pour la premi\u00e8re fois au Parlement en 2004. Il est actuellement le ministre fant\u00f4me des affaires \u00e9trang\u00e8res.<\/p>\n<p><a class=\"btn btn--white--outline\" href=\"\/fr\/biographie\/\"><span class=\"btn__text\">En savoir plus<\/span><i class=\"ion-arrow-right-c\"><\/i><\/a><\/p>\n<\/div>\n<\/div><\/div><\/div><\/div><div id=\"pgc-83-4-1\"  class=\"panel-grid-cell\" ><div id=\"panel-83-4-1-0\" class=\"so-panel widget widget_sow-editor panel-first-child panel-last-child\" data-index=\"12\" ><div class=\"height-60 panel-widget-style panel-widget-style-for-83-4-1-0\" ><div\n\t\t\t\n\t\t\tclass=\"so-widget-sow-editor so-widget-sow-editor-base\"\n\t\t\t\n\t\t>\n<div class=\"siteorigin-widget-tinymce textwidget\">\n\t<\/div>\n<\/div><\/div><\/div><\/div><\/div><\/div><\/div>","protected":false},"excerpt":{"rendered":"<p>Michael Chong D\u00e9put\u00e9 de Wellington-Halton Hills-Nord<\/p>\n","protected":false},"author":1,"featured_media":0,"parent":0,"menu_order":2,"comment_status":"open","ping_status":"closed","template":"template-home.php","meta":{"_acf_changed":false,"footnotes":"","_links_to":"","_links_to_target":""},"class_list":["post-83","page","type-page","status-publish","hentry"],"acf":[],"yoast_head":"<!-- This site is optimized with the Yoast SEO plugin v27.0 - https:\/\/yoast.com\/product\/yoast-seo-wordpress\/ -->\n<title>Accueil - Michael Chong<\/title>\n<meta name=\"robots\" content=\"index, follow, max-snippet:-1, max-image-preview:large, max-video-preview:-1\" \/>\n<link rel=\"canonical\" href=\"https:\/\/michaelchong.ca\/fr\/\" \/>\n<meta property=\"og:locale\" content=\"fr_CA\" \/>\n<meta property=\"og:type\" content=\"article\" \/>\n<meta property=\"og:title\" content=\"Accueil - Michael Chong\" \/>\n<meta property=\"og:description\" content=\"Michael Chong D\u00e9put\u00e9 de Wellington-Halton Hills-Nord\" \/>\n<meta property=\"og:url\" content=\"https:\/\/michaelchong.ca\/fr\/\" \/>\n<meta property=\"og:site_name\" content=\"Michael Chong\" \/>\n<meta property=\"article:modified_time\" content=\"2025-05-08T21:26:53+00:00\" \/>\n<meta name=\"twitter:card\" content=\"summary_large_image\" \/>\n<meta name=\"twitter:label1\" content=\"Estimation du temps de lecture\" \/>\n\t<meta name=\"twitter:data1\" content=\"1 minute\" \/>\n<script type=\"application\/ld+json\" class=\"yoast-schema-graph\">{\"@context\":\"https:\/\/schema.org\",\"@graph\":[{\"@type\":\"WebPage\",\"@id\":\"https:\/\/michaelchong.ca\/fr\/\",\"url\":\"https:\/\/michaelchong.ca\/fr\/\",\"name\":\"Accueil - Michael Chong\",\"isPartOf\":{\"@id\":\"https:\/\/michaelchong.ca\/fr\/#website\"},\"datePublished\":\"2010-06-23T20:47:25+00:00\",\"dateModified\":\"2025-05-08T21:26:53+00:00\",\"breadcrumb\":{\"@id\":\"https:\/\/michaelchong.ca\/fr\/#breadcrumb\"},\"inLanguage\":\"fr-CA\",\"potentialAction\":[{\"@type\":\"ReadAction\",\"target\":[\"https:\/\/michaelchong.ca\/fr\/\"]}]},{\"@type\":\"BreadcrumbList\",\"@id\":\"https:\/\/michaelchong.ca\/fr\/#breadcrumb\",\"itemListElement\":[{\"@type\":\"ListItem\",\"position\":1,\"name\":\"Home\",\"item\":\"https:\/\/michaelchong.ca\/fr\/\"},{\"@type\":\"ListItem\",\"position\":2,\"name\":\"Accueil\"}]},{\"@type\":\"WebSite\",\"@id\":\"https:\/\/michaelchong.ca\/fr\/#website\",\"url\":\"https:\/\/michaelchong.ca\/fr\/\",\"name\":\"Michael Chong\",\"description\":\"D\u00e9put\u00e9 de Wellington-Halton Hills-Nord\",\"publisher\":{\"@id\":\"https:\/\/michaelchong.ca\/fr\/#organization\"},\"potentialAction\":[{\"@type\":\"SearchAction\",\"target\":{\"@type\":\"EntryPoint\",\"urlTemplate\":\"https:\/\/michaelchong.ca\/fr\/?s={search_term_string}\"},\"query-input\":{\"@type\":\"PropertyValueSpecification\",\"valueRequired\":true,\"valueName\":\"search_term_string\"}}],\"inLanguage\":\"fr-CA\"},{\"@type\":\"Organization\",\"@id\":\"https:\/\/michaelchong.ca\/fr\/#organization\",\"name\":\"Michael Chong\",\"url\":\"https:\/\/michaelchong.ca\/fr\/\",\"logo\":{\"@type\":\"ImageObject\",\"inLanguage\":\"fr-CA\",\"@id\":\"https:\/\/michaelchong.ca\/fr\/#\/schema\/logo\/image\/\",\"url\":\"https:\/\/michaelchong.ca\/fr\/wp-content\/uploads\/2025\/05\/michael-chong-logo-2025-white-fr-1.png\",\"contentUrl\":\"https:\/\/michaelchong.ca\/fr\/wp-content\/uploads\/2025\/05\/michael-chong-logo-2025-white-fr-1.png\",\"width\":1142,\"height\":255,\"caption\":\"Michael Chong\"},\"image\":{\"@id\":\"https:\/\/michaelchong.ca\/fr\/#\/schema\/logo\/image\/\"}}]}<\/script>\n<!-- \/ Yoast SEO plugin. -->","yoast_head_json":{"title":"Accueil - Michael Chong","robots":{"index":"index","follow":"follow","max-snippet":"max-snippet:-1","max-image-preview":"max-image-preview:large","max-video-preview":"max-video-preview:-1"},"canonical":"https:\/\/michaelchong.ca\/fr\/","og_locale":"fr_CA","og_type":"article","og_title":"Accueil - Michael Chong","og_description":"Michael Chong D\u00e9put\u00e9 de Wellington-Halton Hills-Nord","og_url":"https:\/\/michaelchong.ca\/fr\/","og_site_name":"Michael Chong","article_modified_time":"2025-05-08T21:26:53+00:00","twitter_card":"summary_large_image","twitter_misc":{"Estimation du temps de lecture":"1 minute"},"schema":{"@context":"https:\/\/schema.org","@graph":[{"@type":"WebPage","@id":"https:\/\/michaelchong.ca\/fr\/","url":"https:\/\/michaelchong.ca\/fr\/","name":"Accueil - Michael Chong","isPartOf":{"@id":"https:\/\/michaelchong.ca\/fr\/#website"},"datePublished":"2010-06-23T20:47:25+00:00","dateModified":"2025-05-08T21:26:53+00:00","breadcrumb":{"@id":"https:\/\/michaelchong.ca\/fr\/#breadcrumb"},"inLanguage":"fr-CA","potentialAction":[{"@type":"ReadAction","target":["https:\/\/michaelchong.ca\/fr\/"]}]},{"@type":"BreadcrumbList","@id":"https:\/\/michaelchong.ca\/fr\/#breadcrumb","itemListElement":[{"@type":"ListItem","position":1,"name":"Home","item":"https:\/\/michaelchong.ca\/fr\/"},{"@type":"ListItem","position":2,"name":"Accueil"}]},{"@type":"WebSite","@id":"https:\/\/michaelchong.ca\/fr\/#website","url":"https:\/\/michaelchong.ca\/fr\/","name":"Michael Chong","description":"D\u00e9put\u00e9 de Wellington-Halton Hills-Nord","publisher":{"@id":"https:\/\/michaelchong.ca\/fr\/#organization"},"potentialAction":[{"@type":"SearchAction","target":{"@type":"EntryPoint","urlTemplate":"https:\/\/michaelchong.ca\/fr\/?s={search_term_string}"},"query-input":{"@type":"PropertyValueSpecification","valueRequired":true,"valueName":"search_term_string"}}],"inLanguage":"fr-CA"},{"@type":"Organization","@id":"https:\/\/michaelchong.ca\/fr\/#organization","name":"Michael Chong","url":"https:\/\/michaelchong.ca\/fr\/","logo":{"@type":"ImageObject","inLanguage":"fr-CA","@id":"https:\/\/michaelchong.ca\/fr\/#\/schema\/logo\/image\/","url":"https:\/\/michaelchong.ca\/fr\/wp-content\/uploads\/2025\/05\/michael-chong-logo-2025-white-fr-1.png","contentUrl":"https:\/\/michaelchong.ca\/fr\/wp-content\/uploads\/2025\/05\/michael-chong-logo-2025-white-fr-1.png","width":1142,"height":255,"caption":"Michael Chong"},"image":{"@id":"https:\/\/michaelchong.ca\/fr\/#\/schema\/logo\/image\/"}}]}},"_links":{"self":[{"href":"https:\/\/michaelchong.ca\/fr\/wp-json\/wp\/v2\/pages\/83","targetHints":{"allow":["GET"]}}],"collection":[{"href":"https:\/\/michaelchong.ca\/fr\/wp-json\/wp\/v2\/pages"}],"about":[{"href":"https:\/\/michaelchong.ca\/fr\/wp-json\/wp\/v2\/types\/page"}],"author":[{"embeddable":true,"href":"https:\/\/michaelchong.ca\/fr\/wp-json\/wp\/v2\/users\/1"}],"replies":[{"embeddable":true,"href":"https:\/\/michaelchong.ca\/fr\/wp-json\/wp\/v2\/comments?post=83"}],"version-history":[{"count":347,"href":"https:\/\/michaelchong.ca\/fr\/wp-json\/wp\/v2\/pages\/83\/revisions"}],"predecessor-version":[{"id":4077,"href":"https:\/\/michaelchong.ca\/fr\/wp-json\/wp\/v2\/pages\/83\/revisions\/4077"}],"wp:attachment":[{"href":"https:\/\/michaelchong.ca\/fr\/wp-json\/wp\/v2\/media?parent=83"}],"curies":[{"name":"wp","href":"https:\/\/api.w.org\/{rel}","templated":true}]}}